{"id":365957,"date":"2024-01-03T14:02:40","date_gmt":"2024-01-03T13:02:40","guid":{"rendered":"https:\/\/norsan.ch\/seminaires-daccreditation\/"},"modified":"2025-08-14T15:45:32","modified_gmt":"2025-08-14T13:45:32","slug":"seminaires-daccreditation","status":"publish","type":"page","link":"https:\/\/norsan.ch\/fr\/seminaires-daccreditation\/","title":{"rendered":"S\u00e9minaires d&rsquo;accr\u00e9ditation"},"content":{"rendered":"\n<div class=\"wp-block-cover aligncenter is-light negativeMarginTop marginBottom\" style=\"min-height:523px;aspect-ratio:unset;\"><img fetchpriority=\"high\" decoding=\"async\" width=\"1920\" height=\"708\" class=\"wp-block-cover__image-background wp-image-274923\" alt=\"\" src=\"https:\/\/www.norsan.ch\/wp-content\/uploads\/2021\/10\/Norwegen-Lofoten-Header-Sky-scaled-1.webp\" data-object-fit=\"cover\" srcset=\"https:\/\/norsan.ch\/wp-content\/uploads\/2021\/10\/Norwegen-Lofoten-Header-Sky-scaled-1.webp 1920w, https:\/\/norsan.ch\/wp-content\/uploads\/2021\/10\/Norwegen-Lofoten-Header-Sky-scaled-1-600x221.webp 600w, https:\/\/norsan.ch\/wp-content\/uploads\/2021\/10\/Norwegen-Lofoten-Header-Sky-scaled-1-300x111.webp 300w, https:\/\/norsan.ch\/wp-content\/uploads\/2021\/10\/Norwegen-Lofoten-Header-Sky-scaled-1-1063x392.webp 1063w, https:\/\/norsan.ch\/wp-content\/uploads\/2021\/10\/Norwegen-Lofoten-Header-Sky-scaled-1-768x283.webp 768w, https:\/\/norsan.ch\/wp-content\/uploads\/2021\/10\/Norwegen-Lofoten-Header-Sky-scaled-1-1536x566.webp 1536w\" sizes=\"(max-width: 1920px) 100vw, 1920px\" \/><span aria-hidden=\"true\" class=\"wp-block-cover__background has-background-dim-30 has-background-dim\"><\/span><div class=\"wp-block-cover__inner-container is-layout-flow wp-block-cover-is-layout-flow\">\n<h1 class=\"wp-block-heading has-text-align-center has-white-color has-text-color\" id=\"ihr-omega-3-spezialist-aus-norwegen\">S\u00e9minaires d&rsquo;accr\u00e9ditation<\/h1>\n<\/div><\/div>\n\n<div class=\"wp-block-columns is-layout-flex wp-container-core-columns-is-layout-28f84493 wp-block-columns-is-layout-flex\">\n<div class=\"wp-block-column is-layout-flow wp-block-column-is-layout-flow\" style=\"flex-basis:66.66%\">\n<h2 class=\"wp-block-heading has-text-align-left\" id=\"naturliche-hochdosierte-omega-3-produkte\" style=\"font-size:32px\">S\u00e9minaires d&rsquo;accr\u00e9ditation chez Paramed \u00e0 Baar pour 290 CHF (documentation du s\u00e9minaire et d\u00e9jeuner inclus)<\/h2>\n\n\n\n<h3 class=\"wp-block-heading\" style=\"font-size:26px\">Conf\u00e9renciers : Dr. Simon Feldhaus ou Dr. Volker Schmiedel<\/h3>\n<\/div>\n\n\n\n<div class=\"wp-block-column is-layout-flow wp-block-column-is-layout-flow\" style=\"flex-basis:33.33%\"><\/div>\n<\/div>\n\n<div class=\"wp-block-columns is-layout-flex wp-container-core-columns-is-layout-28f84493 wp-block-columns-is-layout-flex\">\n<div class=\"wp-block-column is-layout-flow wp-block-column-is-layout-flow\" style=\"flex-basis:66.66%\">\n<h4 class=\"wp-block-heading\" style=\"font-size:23px\"><strong>\u00c9largissez votre offre de services en tant que conseiller\/\u00e8re certifi\u00e9(e) en acides gras.<br \/><\/strong>\u00cates-vous int\u00e9ress\u00e9(e) \u00e0 proposer l&rsquo;analyse des acides gras dans votre cabinet et \u00e0 offrir des conseils de mani\u00e8re ind\u00e9pendante ?<\/h4>\n\n\n\n<p><\/p>\n\n\n\n<ul class=\"wp-block-list\">\n<li>D\u00e9finition des acides gras om\u00e9ga-3<\/li>\n\n\n\n<li>Effets des acides gras om\u00e9ga-3 et om\u00e9ga-6<\/li>\n\n\n\n<li>Cible et besoins en om\u00e9ga-3<\/li>\n\n\n\n<li>Ratio om\u00e9ga -6\/3<\/li>\n\n\n\n<li>D\u00e9finition de l&rsquo;indice om\u00e9ga-3 et des acides gras trans<\/li>\n\n\n\n<li>\u00c9valuation pratique des analyses d&rsquo;acides gras<\/li>\n\n\n\n<li>Atelier actif<\/li>\n\n\n\n<li>Crit\u00e8res de qualit\u00e9 d&rsquo;un bon compl\u00e9ment alimentaire \u00e0 base d&rsquo;om\u00e9ga-3<\/li>\n\n\n\n<li>Crit\u00e8res quantitatifs pour les om\u00e9ga-3<\/li>\n\n\n\n<li>Examen<\/li>\n<\/ul>\n\n\n\n<p>Pour plus d&rsquo;informations sur l&rsquo;analyse des acides gras, <a href=\"https:\/\/norsan.ch\/fr\/shop\/analyse-des-acides-gras-norsan\/\">cliquez ici<\/a>.<\/p>\n<\/div>\n\n\n\n<div class=\"wp-block-column is-layout-flow wp-block-column-is-layout-flow\" style=\"flex-basis:33.33%\"><\/div>\n<\/div>\n\n<div class=\"wp-block-columns is-layout-flex wp-container-core-columns-is-layout-28f84493 wp-block-columns-is-layout-flex\">\n<div class=\"wp-block-column is-layout-flow wp-block-column-is-layout-flow\" style=\"flex-basis:66.66%\">\n<h3 class=\"wp-block-heading\" id=\"Verf&#xFC;gbare_Daten\">Donn\u00e9es disponibles<\/h3>\n\n\n\n<div class=\"wp-block-columns is-layout-flex wp-container-core-columns-is-layout-28f84493 wp-block-columns-is-layout-flex\">\n<div class=\"wp-block-column has-border-color has-background is-layout-flow wp-container-core-column-is-layout-8a368f38 wp-block-column-is-layout-flow\" style=\"border-color:#f4f4ff;border-width:27px;background-color:#f4f4ff\">\n<h2 class=\"wp-block-heading has-text-color has-link-color wp-elements-927f01fafcfef259f1a1da2f9a2be051\" style=\"color:#6d6d6d\">Akkreditierungsseminar 12. M\u00e4rz 2025, ab 09.00 Uhr<\/h2>\n\n\n\n<div style=\"height:10px\" aria-hidden=\"true\" class=\"wp-block-spacer\"><\/div>\n\n\n\n<p class=\"has-black-color has-text-color has-link-color wp-elements-bf7de1d3606e5e80d4bfdbc0fdb187d9\"><a href=\"https:\/\/norsan.ch\/akkreditierungsseminar\/akkreditierungsseminar-12-maerz-2025-ab-09-00-uhr\/\" target=\"_blank\" rel=\"noreferrer noopener\">Zur Anmeldung<\/a><br \/><\/p>\n<\/div>\n<\/div>\n\n\n\n<div class=\"wp-block-columns is-layout-flex wp-container-core-columns-is-layout-28f84493 wp-block-columns-is-layout-flex\">\n<div class=\"wp-block-column has-border-color has-background is-layout-flow wp-container-core-column-is-layout-8a368f38 wp-block-column-is-layout-flow\" style=\"border-color:#f4f4ff;border-width:27px;background-color:#f4f4ff\">\n<h2 class=\"wp-block-heading has-text-color has-link-color wp-elements-8ab77b3c21cb72bff87d09f5206363e8\" style=\"color:#6d6d6d\">Akkreditierungsseminar 05. Juni 2025, ab 09.00 Uhr<\/h2>\n\n\n\n<div style=\"height:10px\" aria-hidden=\"true\" class=\"wp-block-spacer\"><\/div>\n\n\n\n<p class=\"has-black-color has-text-color has-link-color wp-elements-d4a00ec8212b74ff78f33a33a3c0a1a4\"><a href=\"https:\/\/norsan.ch\/akkreditierungsseminar\/akkreditierungsseminar-05-juni-2025-ab-09-00-uhr\/\" target=\"_blank\" rel=\"noreferrer noopener\">Zur Anmeldung<\/a><\/p>\n<\/div>\n<\/div>\n\n\n\n<div class=\"wp-block-columns is-layout-flex wp-container-core-columns-is-layout-28f84493 wp-block-columns-is-layout-flex\">\n<div class=\"wp-block-column has-border-color has-background is-layout-flow wp-container-core-column-is-layout-8a368f38 wp-block-column-is-layout-flow\" style=\"border-color:#f4f4ff;border-width:27px;background-color:#f4f4ff\">\n<h2 class=\"wp-block-heading has-text-color has-link-color wp-elements-3291a03319c6c41e7aac5a27a9ca1503\" style=\"color:#6d6d6d\">Akkreditierungsseminar 10. September 2025, ab 09.00 Uhr<\/h2>\n\n\n\n<div style=\"height:10px\" aria-hidden=\"true\" class=\"wp-block-spacer\"><\/div>\n\n\n\n<p class=\"has-black-color has-text-color has-link-color wp-elements-210f2f3f858501e8d69fde495d5ad6fb\"><a href=\"https:\/\/norsan.ch\/akkreditierungsseminar\/akkreditierungsseminar-10-september-2025-ab-09-00-uhr\/\" target=\"_blank\" rel=\"noreferrer noopener\">Zur Anmeldung<\/a><\/p>\n<\/div>\n<\/div>\n\n\n\n<div class=\"wp-block-columns is-layout-flex wp-container-core-columns-is-layout-28f84493 wp-block-columns-is-layout-flex\">\n<div class=\"wp-block-column has-border-color has-background is-layout-flow wp-container-core-column-is-layout-8a368f38 wp-block-column-is-layout-flow\" style=\"border-color:#f4f4ff;border-width:27px;background-color:#f4f4ff\">\n<h2 class=\"wp-block-heading has-text-color has-link-color wp-elements-5fa5a88e3c2b7972017535648c3c01de\" style=\"color:#6d6d6d\">Akkreditierungsseminar 27. November 2025, ab 09.00<a href=\"https:\/\/norsan.ch\/akkreditierungsseminar\/akkreditierungsseminar-12-maerz-2025-ab-09-00-uhr\/\" target=\"_blank\" rel=\"noreferrer noopener\"><\/a><a href=\"https:\/\/norsan.ch\/akkreditierungsseminar\/akkreditierungsseminar-27-november-2025-ab-09-00-uhr\/\" target=\"_blank\" rel=\"noreferrer noopener\"> Uhr<\/a><\/h2>\n\n\n\n<div style=\"height:10px\" aria-hidden=\"true\" class=\"wp-block-spacer\"><\/div>\n\n\n\n<p class=\"has-black-color has-text-color has-link-color wp-elements-a9f0ac353d487a32e100418059eebab6\"><a href=\"https:\/\/norsan.ch\/akkreditierungsseminar\/akkreditierungsseminar-27-november-2025-ab-09-00-uhr\/\" target=\"_blank\" rel=\"noreferrer noopener\">Zur Anmeldung<\/a><\/p>\n<\/div>\n<\/div>\n<\/div>\n\n\n\n<div class=\"wp-block-column is-layout-flow wp-block-column-is-layout-flow\" style=\"flex-basis:33.33%\"><\/div>\n<\/div>\n\n<div style=\"height:50px\" aria-hidden=\"true\" class=\"wp-block-spacer\"><\/div>\n\n<div class=\"wp-block-columns is-layout-flex wp-container-core-columns-is-layout-28f84493 wp-block-columns-is-layout-flex\">\n<div class=\"wp-block-column is-layout-flow wp-block-column-is-layout-flow\" style=\"flex-basis:66.66%\">\n<h4 class=\"wp-block-heading has-text-color has-link-color wp-elements-bde79759f569a052c0622aa132191167\" id=\"Verf&#xFC;gbare_Daten\" style=\"color:#6d6d6d\">Conditions g\u00e9n\u00e9rales de vente (CGV)<\/h4>\n\n\n\n<p class=\"has-text-color has-link-color wp-elements-32b9efe6428ba9ac938227a63ca7f385\" style=\"color:#6d6d6d\"><strong>D\u00e9lais d&rsquo;inscription\/nombre de participants<\/strong><br \/>Le nombre de participants par s\u00e9minaire est limit\u00e9 afin de garantir votre prise en charge optimale. Les inscriptions seront prises en compte dans leur ordre d&rsquo;arriv\u00e9e. <\/p>\n\n\n\n<p class=\"has-text-color has-link-color wp-elements-45bf95603666514b26ff904a22cb8c77\" style=\"color:#6d6d6d\"><strong>Annulation\/absence<\/strong><br \/>Les annulations sont possibles sans frais jusqu&rsquo;\u00e0 30 jours avant la date du s\u00e9minaire concern\u00e9. En cas d&rsquo;annulation jusqu&rsquo;\u00e0 14 jours avant le s\u00e9minaire, des frais administratifs de 50% des frais de participation sont dus. En cas de d\u00e9sistement ou d&rsquo;absence plus tardive, les frais d&rsquo;inscription sont dus dans leur int\u00e9gralit\u00e9, quel que soit le motif d&#8217;emp\u00eachement.  <\/p>\n\n\n\n<p class=\"has-text-color has-link-color wp-elements-8c9eae82853893f3743c716f0d099a5a\" style=\"color:#6d6d6d\"><strong>Facturation<br \/><\/strong>Elle est effectu\u00e9e lors de l&rsquo;envoi de l&rsquo;analyse des acides gras.<\/p>\n\n\n\n<p class=\"has-text-color has-link-color wp-elements-e43b9d8de50ab3f1c5ef83e9b56c81e0\" style=\"color:#6d6d6d\"><strong>Modifications du programme<br \/><\/strong>L&rsquo;organisateur se r\u00e9serve le droit de modifier le programme ou d&rsquo;annuler des \u00e9v\u00e9nements en cas de circonstances urgentes.<\/p>\n<\/div>\n\n\n\n<div class=\"wp-block-column is-layout-flow wp-block-column-is-layout-flow\" style=\"flex-basis:33.33%\"><\/div>\n<\/div>\n","protected":false},"excerpt":{"rendered":"<p>S\u00e9minaires d&rsquo;accr\u00e9ditation chez Paramed \u00e0 Baar pour 290 CHF (documentation du s\u00e9minaire et d\u00e9jeuner inclus) Conf\u00e9renciers : Dr. Simon Feldhaus ou Dr. Volker Schmiedel \u00c9largissez votre offre de services en tant que conseiller\/\u00e8re certifi\u00e9(e) en acides gras.\u00cates-vous int\u00e9ress\u00e9(e) \u00e0 proposer l&rsquo;analyse des acides gras dans votre cabinet et \u00e0 offrir des conseils de mani\u00e8re ind\u00e9pendante [&hellip;]<\/p>\n","protected":false},"author":909,"featured_media":0,"parent":0,"menu_order":0,"comment_status":"closed","ping_status":"closed","template":"template-fullwidth.php","meta":{"footnotes":""},"class_list":["post-365957","page","type-page","status-publish","hentry"],"_links":{"self":[{"href":"https:\/\/norsan.ch\/fr\/wp-json\/wp\/v2\/pages\/365957","targetHints":{"allow":["GET"]}}],"collection":[{"href":"https:\/\/norsan.ch\/fr\/wp-json\/wp\/v2\/pages"}],"about":[{"href":"https:\/\/norsan.ch\/fr\/wp-json\/wp\/v2\/types\/page"}],"author":[{"embeddable":true,"href":"https:\/\/norsan.ch\/fr\/wp-json\/wp\/v2\/users\/909"}],"replies":[{"embeddable":true,"href":"https:\/\/norsan.ch\/fr\/wp-json\/wp\/v2\/comments?post=365957"}],"version-history":[{"count":7,"href":"https:\/\/norsan.ch\/fr\/wp-json\/wp\/v2\/pages\/365957\/revisions"}],"predecessor-version":[{"id":384128,"href":"https:\/\/norsan.ch\/fr\/wp-json\/wp\/v2\/pages\/365957\/revisions\/384128"}],"wp:attachment":[{"href":"https:\/\/norsan.ch\/fr\/wp-json\/wp\/v2\/media?parent=365957"}],"curies":[{"name":"wp","href":"https:\/\/api.w.org\/{rel}","templated":true}]}}