{"id":366005,"date":"2021-10-21T17:20:01","date_gmt":"2021-10-21T15:20:01","guid":{"rendered":"https:\/\/norsan.ch\/mentions-legales\/"},"modified":"2025-06-02T15:46:28","modified_gmt":"2025-06-02T13:46:28","slug":"mentions-legales","status":"publish","type":"page","link":"https:\/\/norsan.ch\/fr\/mentions-legales\/","title":{"rendered":"Mentions l\u00e9gales"},"content":{"rendered":"\n<div class=\"wp-block-cover is-light header marginBottom\"><span aria-hidden=\"true\" class=\"wp-block-cover__background has-background-dim-10 has-background-dim\"><\/span><img fetchpriority=\"high\" decoding=\"async\" width=\"1920\" height=\"708\" class=\"wp-block-cover__image-background wp-image-274923\" alt=\"\" src=\"https:\/\/norsan.ch\/wp-content\/uploads\/2021\/10\/Norwegen-Lofoten-Header-Sky-scaled-1.webp\" style=\"object-position:79% 100%\" data-object-fit=\"cover\" data-object-position=\"79% 100%\" srcset=\"https:\/\/norsan.ch\/wp-content\/uploads\/2021\/10\/Norwegen-Lofoten-Header-Sky-scaled-1.webp 1920w, https:\/\/norsan.ch\/wp-content\/uploads\/2021\/10\/Norwegen-Lofoten-Header-Sky-scaled-1-600x221.webp 600w, https:\/\/norsan.ch\/wp-content\/uploads\/2021\/10\/Norwegen-Lofoten-Header-Sky-scaled-1-300x111.webp 300w, https:\/\/norsan.ch\/wp-content\/uploads\/2021\/10\/Norwegen-Lofoten-Header-Sky-scaled-1-1063x392.webp 1063w, https:\/\/norsan.ch\/wp-content\/uploads\/2021\/10\/Norwegen-Lofoten-Header-Sky-scaled-1-768x283.webp 768w, https:\/\/norsan.ch\/wp-content\/uploads\/2021\/10\/Norwegen-Lofoten-Header-Sky-scaled-1-1536x566.webp 1536w\" sizes=\"(max-width: 1920px) 100vw, 1920px\" \/><div class=\"wp-block-cover__inner-container is-layout-flow wp-block-cover-is-layout-flow\">\n<h1 class=\"wp-block-heading has-text-align-center header marginBottom has-white-color has-text-color\">Mentions l\u00e9gales<\/h1>\n<\/div><\/div>\n\n<p><strong>Mentions l\u00e9gales<\/strong><\/p>\n\n<p>Swiss Medical Plus GmbH<br\/>Guglern 34<br\/>CH-6018 Buttisholz<\/p>\n\n<p>T\u00e9l\u00e9phone : 041 410 30 23<br\/>Internet : www.norsan.ch<br\/>Email : post@norsan.ch<\/p>\n\n<p>Propri\u00e9taire : Joakim Graff<br\/>Num\u00e9ro IDE \/ TVA : CHE-283.969.307<\/p>\n\n<p>Mentions l\u00e9gales<\/p>\n\n<p>Swiss Medical Plus GmbH v\u00e9rifie et actualise en permanence les informations figurant sur son site Internet. Malgr\u00e9 tout le soin apport\u00e9, les donn\u00e9es et informations de toute nature peuvent avoir chang\u00e9 entre-temps. Nous d\u00e9clinons donc toute responsabilit\u00e9, garantie ou autre engagement quant \u00e0 l&rsquo;actualit\u00e9, l&rsquo;exactitude et l&rsquo;exhaustivit\u00e9 des informations mises \u00e0 disposition. Il en va de m\u00eame pour tous les autres sites Internet auxquels il est fait r\u00e9f\u00e9rence directement par le biais d&rsquo;un lien hypertexte ou d&rsquo;une autre mani\u00e8re. Swiss Medical Plus GmbH n&rsquo;est pas responsable du contenu des sites Web qui sont atteints sur la base d&rsquo;un tel lien ou d&rsquo;une telle r\u00e9f\u00e9rence.    <\/p>\n\n<p>Droits d&rsquo;auteur : Les contenus utilis\u00e9s sur le site Internet sont prot\u00e9g\u00e9s. Il est interdit de les utiliser sans l&rsquo;accord pr\u00e9alable de Swiss Medical Plus GmbH. <\/p>\n","protected":false},"excerpt":{"rendered":"<p>Mentions l\u00e9gales Swiss Medical Plus GmbHGuglern 34CH-6018 Buttisholz T\u00e9l\u00e9phone : 041 410 30 23Internet : www.norsan.chEmail : post@norsan.ch Propri\u00e9taire : Joakim GraffNum\u00e9ro IDE \/ TVA : CHE-283.969.307 Mentions l\u00e9gales Swiss Medical Plus GmbH v\u00e9rifie et actualise en permanence les informations figurant sur son site Internet. Malgr\u00e9 tout le soin apport\u00e9, les donn\u00e9es et informations de [&hellip;]<\/p>\n","protected":false},"author":756,"featured_media":0,"parent":0,"menu_order":0,"comment_status":"closed","ping_status":"closed","template":"template-fullwidth.php","meta":{"footnotes":""},"class_list":["post-366005","page","type-page","status-publish","hentry"],"_links":{"self":[{"href":"https:\/\/norsan.ch\/fr\/wp-json\/wp\/v2\/pages\/366005","targetHints":{"allow":["GET"]}}],"collection":[{"href":"https:\/\/norsan.ch\/fr\/wp-json\/wp\/v2\/pages"}],"about":[{"href":"https:\/\/norsan.ch\/fr\/wp-json\/wp\/v2\/types\/page"}],"author":[{"embeddable":true,"href":"https:\/\/norsan.ch\/fr\/wp-json\/wp\/v2\/users\/756"}],"replies":[{"embeddable":true,"href":"https:\/\/norsan.ch\/fr\/wp-json\/wp\/v2\/comments?post=366005"}],"version-history":[{"count":2,"href":"https:\/\/norsan.ch\/fr\/wp-json\/wp\/v2\/pages\/366005\/revisions"}],"predecessor-version":[{"id":376780,"href":"https:\/\/norsan.ch\/fr\/wp-json\/wp\/v2\/pages\/366005\/revisions\/376780"}],"wp:attachment":[{"href":"https:\/\/norsan.ch\/fr\/wp-json\/wp\/v2\/media?parent=366005"}],"curies":[{"name":"wp","href":"https:\/\/api.w.org\/{rel}","templated":true}]}}