{"id":366007,"date":"2024-01-25T17:07:05","date_gmt":"2024-01-25T16:07:05","guid":{"rendered":"https:\/\/norsan.ch\/test-en-ligne-omega-6-3\/"},"modified":"2025-06-02T15:53:27","modified_gmt":"2025-06-02T13:53:27","slug":"test-en-ligne-omega-6-3","status":"publish","type":"page","link":"https:\/\/norsan.ch\/fr\/test-en-ligne-omega-6-3\/","title":{"rendered":"Test en ligne Omega-6\/3"},"content":{"rendered":"\n<div class=\"wp-block-cover is-light header marginBottom\"><span aria-hidden=\"true\" class=\"wp-block-cover__background has-background-dim-0 has-background-dim\"><\/span><img fetchpriority=\"high\" decoding=\"async\" width=\"1600\" height=\"353\" class=\"wp-block-cover__image-background wp-image-275402\" alt=\"\" src=\"https:\/\/norsan.ch\/wp-content\/uploads\/2021\/10\/Gleichgewicht-Omega-3-und-Omega-6-Fettsauren-im-Korper.jpg\" data-object-fit=\"cover\" srcset=\"https:\/\/norsan.ch\/wp-content\/uploads\/2021\/10\/Gleichgewicht-Omega-3-und-Omega-6-Fettsauren-im-Korper.jpg 1600w, https:\/\/norsan.ch\/wp-content\/uploads\/2021\/10\/Gleichgewicht-Omega-3-und-Omega-6-Fettsauren-im-Korper-600x132.jpg 600w, https:\/\/norsan.ch\/wp-content\/uploads\/2021\/10\/Gleichgewicht-Omega-3-und-Omega-6-Fettsauren-im-Korper-300x66.jpg 300w, https:\/\/norsan.ch\/wp-content\/uploads\/2021\/10\/Gleichgewicht-Omega-3-und-Omega-6-Fettsauren-im-Korper-1063x235.jpg 1063w, https:\/\/norsan.ch\/wp-content\/uploads\/2021\/10\/Gleichgewicht-Omega-3-und-Omega-6-Fettsauren-im-Korper-768x169.jpg 768w, https:\/\/norsan.ch\/wp-content\/uploads\/2021\/10\/Gleichgewicht-Omega-3-und-Omega-6-Fettsauren-im-Korper-1536x339.jpg 1536w\" sizes=\"(max-width: 1600px) 100vw, 1600px\" \/><div class=\"wp-block-cover__inner-container is-layout-flow wp-block-cover-is-layout-flow\">\n<h1 class=\"wp-block-heading has-text-align-center has-white-color has-text-color\" id=\"omega-3-index-messen\">Test en ligne Omega-6\/3<\/h1>\n<\/div><\/div>\n\n<p class=\"has-text-align-center\">De quelle quantit\u00e9 d&rsquo;om\u00e9ga-3 ai-je besoin ? Est-ce que je consomme suffisamment d&rsquo;om\u00e9ga-3 ? Comment puis-je savoir si je consomme suffisamment d&rsquo;om\u00e9ga-3 ? Quel est le produit om\u00e9ga-3 qui me convient le mieux ?   <\/p>\n\n<p class=\"has-text-align-center\">L&rsquo;autotest NORSAN Omega-3 vous permet d&rsquo;obtenir des r\u00e9ponses \u00e0 ces questions ainsi que quelques informations sur le th\u00e8me des acides gras om\u00e9ga-3.<\/p>\n\n<div style=\"height:25px\" aria-hidden=\"true\" class=\"wp-block-spacer\"><\/div>\n\n<div class=\"wp-block-product-blocks-button-group wopb-block-19db87\"><div class=\"wopb-block-wrapper wopb-button-wrapper wopb-anim-none\">\n<div class=\"wp-block-product-blocks-button wopb-block-13d203 wopb-button-layout1\"><a class=\"wopb-button-link\" href=\"https:\/\/norsan.ch\/fr\/test-en-ligne-omega-6-3\/formulaire-de-test-en-ligne-omega-6-3\/\" target=\"_self\" rel=\"noopener\"><div class=\"wopb-button-text\">D\u00e9marrer le test<\/div><\/a><\/div>\n<\/div><\/div>\n","protected":false},"excerpt":{"rendered":"<p>De quelle quantit\u00e9 d&rsquo;om\u00e9ga-3 ai-je besoin ? Est-ce que je consomme suffisamment d&rsquo;om\u00e9ga-3 ? Comment puis-je savoir si je consomme suffisamment d&rsquo;om\u00e9ga-3 ? Quel est le produit om\u00e9ga-3 qui me convient le mieux ? L&rsquo;autotest NORSAN Omega-3 vous permet d&rsquo;obtenir des r\u00e9ponses \u00e0 ces questions ainsi que quelques informations sur le th\u00e8me des acides gras [&hellip;]<\/p>\n","protected":false},"author":909,"featured_media":0,"parent":0,"menu_order":0,"comment_status":"closed","ping_status":"closed","template":"template-fullwidth.php","meta":{"footnotes":""},"class_list":["post-366007","page","type-page","status-publish","hentry"],"_links":{"self":[{"href":"https:\/\/norsan.ch\/fr\/wp-json\/wp\/v2\/pages\/366007","targetHints":{"allow":["GET"]}}],"collection":[{"href":"https:\/\/norsan.ch\/fr\/wp-json\/wp\/v2\/pages"}],"about":[{"href":"https:\/\/norsan.ch\/fr\/wp-json\/wp\/v2\/types\/page"}],"author":[{"embeddable":true,"href":"https:\/\/norsan.ch\/fr\/wp-json\/wp\/v2\/users\/909"}],"replies":[{"embeddable":true,"href":"https:\/\/norsan.ch\/fr\/wp-json\/wp\/v2\/comments?post=366007"}],"version-history":[{"count":2,"href":"https:\/\/norsan.ch\/fr\/wp-json\/wp\/v2\/pages\/366007\/revisions"}],"predecessor-version":[{"id":376785,"href":"https:\/\/norsan.ch\/fr\/wp-json\/wp\/v2\/pages\/366007\/revisions\/376785"}],"wp:attachment":[{"href":"https:\/\/norsan.ch\/fr\/wp-json\/wp\/v2\/media?parent=366007"}],"curies":[{"name":"wp","href":"https:\/\/api.w.org\/{rel}","templated":true}]}}