{"id":366011,"date":"2024-01-03T16:35:33","date_gmt":"2024-01-03T15:35:33","guid":{"rendered":"https:\/\/norsan.ch\/lien-partenaire\/"},"modified":"2025-06-03T09:52:36","modified_gmt":"2025-06-03T07:52:36","slug":"lien-partenaire","status":"publish","type":"page","link":"https:\/\/norsan.ch\/fr\/lien-partenaire\/","title":{"rendered":"Lien partenaire"},"content":{"rendered":"\n<div class=\"wp-block-cover aligncenter is-light negativeMarginTop marginBottom\" style=\"min-height:523px;aspect-ratio:unset;\"><span aria-hidden=\"true\" class=\"wp-block-cover__background has-background-dim-30 has-background-dim\"><\/span><img fetchpriority=\"high\" decoding=\"async\" width=\"1920\" height=\"708\" class=\"wp-block-cover__image-background wp-image-274923\" alt=\"\" src=\"https:\/\/www.norsan.ch\/wp-content\/uploads\/2021\/10\/Norwegen-Lofoten-Header-Sky-scaled-1.webp\" data-object-fit=\"cover\" srcset=\"https:\/\/norsan.ch\/wp-content\/uploads\/2021\/10\/Norwegen-Lofoten-Header-Sky-scaled-1.webp 1920w, https:\/\/norsan.ch\/wp-content\/uploads\/2021\/10\/Norwegen-Lofoten-Header-Sky-scaled-1-600x221.webp 600w, https:\/\/norsan.ch\/wp-content\/uploads\/2021\/10\/Norwegen-Lofoten-Header-Sky-scaled-1-300x111.webp 300w, https:\/\/norsan.ch\/wp-content\/uploads\/2021\/10\/Norwegen-Lofoten-Header-Sky-scaled-1-1063x392.webp 1063w, https:\/\/norsan.ch\/wp-content\/uploads\/2021\/10\/Norwegen-Lofoten-Header-Sky-scaled-1-768x283.webp 768w, https:\/\/norsan.ch\/wp-content\/uploads\/2021\/10\/Norwegen-Lofoten-Header-Sky-scaled-1-1536x566.webp 1536w\" sizes=\"(max-width: 1920px) 100vw, 1920px\" \/><div class=\"wp-block-cover__inner-container is-layout-flow wp-block-cover-is-layout-flow\">\n<h1 class=\"wp-block-heading has-text-align-center has-white-color has-text-color\" id=\"ihr-omega-3-spezialist-aus-norwegen\">Lien partenaire<\/h1>\n<\/div><\/div>\n\n<div style=\"height:25px\" aria-hidden=\"true\" class=\"wp-block-spacer\"><\/div>\n\n<h3 class=\"wp-block-heading has-text-align-left\" id=\"naturliche-hochdosierte-omega-3-produkte\">Souhaitez-vous \u00eatre r\u00e9f\u00e9renc\u00e9 en tant que partenaire sur notre site web ? Veuillez remplir le formulaire ci-dessous avec les informations que nous sommes autoris\u00e9s \u00e0 publier. <\/h3>\n\n<p>Veuillez noter que les inscriptions des partenaires sont d&rsquo;abord v\u00e9rifi\u00e9es manuellement et int\u00e9gr\u00e9es dans le syst\u00e8me une fois par mois seulement. Une publication automatique n&rsquo;a pas lieu. <\/p>\n\n<div class=\"wp-block-columns is-layout-flex wp-container-core-columns-is-layout-28f84493 wp-block-columns-is-layout-flex\">\n<div class=\"wp-block-column is-layout-flow wp-block-column-is-layout-flow\" style=\"flex-basis:66.66%\"><div class=\"frm_forms  with_frm_style frm_style_formidable-style\" id=\"frm_form_5_container\" data-token=\"b58421551559dad89394e4fe84d41ea6\">\n<form enctype=\"multipart\/form-data\" method=\"post\" class=\"frm-show-form  frm_pro_form \" id=\"form_partnerverlinkung\" data-token=\"b58421551559dad89394e4fe84d41ea6\">\n<div class=\"frm_form_fields \">\n<fieldset>\n<legend class=\"frm_screen_reader\">Lien de partenariat<\/legend>\r\n\r\n<div class=\"frm_fields_container\">\n<input type=\"hidden\" name=\"frm_action\" value=\"create\" \/>\n<input type=\"hidden\" name=\"form_id\" value=\"5\" \/>\n<input type=\"hidden\" name=\"frm_hide_fields_5\" id=\"frm_hide_fields_5\" value=\"\" \/>\n<input type=\"hidden\" name=\"form_key\" value=\"partnerverlinkung\" \/>\n<input type=\"hidden\" name=\"item_meta[0]\" value=\"\" \/>\n<input type=\"hidden\" id=\"frm_submit_entry_5\" name=\"frm_submit_entry_5\" value=\"3f25b92404\" \/><input type=\"hidden\" name=\"_wp_http_referer\" value=\"\/fr\/wp-json\/wp\/v2\/pages\/366011\" \/><div id=\"frm_field_43_container\" class=\"frm_form_field form-field  frm_top_container\">\r\n    <label for=\"field_w9qnx\" id=\"field_w9qnx_label\" class=\"frm_primary_label\">Entreprise\r\n        <span class=\"frm_required\" aria-hidden=\"true\"><\/span>\r\n    <\/label>\r\n    <input  type=\"text\" id=\"field_w9qnx\" name=\"item_meta[43]\" value=\"\"  data-invmsg=\"Text ist ung\u00fcltig\" aria-invalid=\"false\"   \/>\r\n    \r\n    \r\n<\/div>\n<div id=\"frm_field_44_container\" class=\"frm_form_field form-field  frm_required_field frm_top_container frm6 frm_first\">\r\n    <label for=\"field_blm8f\" id=\"field_blm8f_label\" class=\"frm_primary_label\">Pr\u00e9nom\r\n        <span class=\"frm_required\" aria-hidden=\"true\">*<\/span>\r\n    <\/label>\r\n    <input  type=\"text\" id=\"field_blm8f\" name=\"item_meta[44]\" value=\"\"  data-reqmsg=\"Dieses Feld darf nicht leer sein.\" aria-required=\"true\" data-invmsg=\"Text ist ung\u00fcltig\" aria-invalid=\"false\"   \/>\r\n    \r\n    \r\n<\/div>\n<div id=\"frm_field_45_container\" class=\"frm_form_field form-field  frm_required_field frm_top_container frm6\">\r\n    <label for=\"field_usoci\" id=\"field_usoci_label\" class=\"frm_primary_label\">Nom de famille\r\n        <span class=\"frm_required\" aria-hidden=\"true\">*<\/span>\r\n    <\/label>\r\n    <input  type=\"text\" id=\"field_usoci\" name=\"item_meta[45]\" value=\"\"  data-reqmsg=\"Dieses Feld darf nicht leer sein.\" aria-required=\"true\" data-invmsg=\"Text ist ung\u00fcltig\" aria-invalid=\"false\"   \/>\r\n    \r\n    \r\n<\/div>\n<div id=\"frm_field_46_container\" class=\"frm_form_field form-field  frm_required_field frm_top_container frm6 frm_first\">\r\n    <label for=\"field_phqvc\" id=\"field_phqvc_label\" class=\"frm_primary_label\">Rue\r\n        <span class=\"frm_required\" aria-hidden=\"true\">*<\/span>\r\n    <\/label>\r\n    <input  type=\"text\" id=\"field_phqvc\" name=\"item_meta[46]\" value=\"\"  data-reqmsg=\"Ce champ ne doit pas \u00eatre vide.\" aria-required=\"true\" data-invmsg=\"Text ist ung\u00fcltig\" aria-invalid=\"false\"   \/>\r\n    \r\n    \r\n<\/div>\n<div id=\"frm_field_197_container\" class=\"frm_form_field form-field  frm_required_field frm_top_container frm6\">\r\n\t<label for=\"field_3s7xo\" id=\"field_3s7xo_label\" class=\"frm_primary_label\">Num\u00e9ro\r\n\t\t<span class=\"frm_required\" aria-hidden=\"true\">*<\/span>\r\n\t<\/label>\r\n\t<input  type=\"text\" id=\"field_3s7xo\" name=\"item_meta[197]\" value=\"\"  data-reqmsg=\"Ce champ ne doit pas \u00eatre vide.\" aria-required=\"true\" data-invmsg=\"Num\u00e9ro n&#039;est pas valide\" aria-invalid=\"false\"   \/>\r\n\t\r\n\t\r\n<\/div>\n<div id=\"frm_field_48_container\" class=\"frm_form_field form-field  frm_required_field frm_top_container frm6 frm_first\">\r\n    <label for=\"field_oxknd\" id=\"field_oxknd_label\" class=\"frm_primary_label\">Code postal\r\n        <span class=\"frm_required\" aria-hidden=\"true\">*<\/span>\r\n    <\/label>\r\n    <input  type=\"text\" id=\"field_oxknd\" name=\"item_meta[48]\" value=\"\"  data-reqmsg=\"Ce champ ne doit pas \u00eatre vide.\" aria-required=\"true\" data-invmsg=\"Text ist ung\u00fcltig\" aria-invalid=\"false\"   \/>\r\n    \r\n    \r\n<\/div>\n<div id=\"frm_field_49_container\" class=\"frm_form_field form-field  frm_required_field frm_top_container frm6\">\r\n    <label for=\"field_1de6p\" id=\"field_1de6p_label\" class=\"frm_primary_label\">Ville\r\n        <span class=\"frm_required\" aria-hidden=\"true\">*<\/span>\r\n    <\/label>\r\n    <input  type=\"text\" id=\"field_1de6p\" name=\"item_meta[49]\" value=\"\"  data-reqmsg=\"Ce champ ne doit pas \u00eatre vide.\" aria-required=\"true\" data-invmsg=\"Text ist ung\u00fcltig\" aria-invalid=\"false\"   \/>\r\n    \r\n    \r\n<\/div>\n<div id=\"frm_field_50_container\" class=\"frm_form_field form-field  frm_required_field frm_top_container\">\r\n    <label for=\"field_s5l4w\" id=\"field_s5l4w_label\" class=\"frm_primary_label\">E-mail\r\n        <span class=\"frm_required\" aria-hidden=\"true\">*<\/span>\r\n    <\/label>\r\n    <input type=\"email\" id=\"field_s5l4w\" name=\"item_meta[50]\" value=\"\"  autocomplete=\"email\"  data-reqmsg=\"Ce champ ne doit pas \u00eatre vide.\" aria-required=\"true\" data-invmsg=\"L&#039;e-mail est invalide.\" aria-invalid=\"false\"  \/>\r\n    \r\n    \r\n<\/div>\n<div id=\"frm_field_53_container\" class=\"frm_form_field form-field  frm_top_container\">\r\n    <label for=\"field_8e8yt\" id=\"field_8e8yt_label\" class=\"frm_primary_label\">T\u00e9l\u00e9phone\r\n        <span class=\"frm_required\" aria-hidden=\"true\"><\/span>\r\n    <\/label>\r\n    <input  type=\"text\" id=\"field_8e8yt\" name=\"item_meta[53]\" value=\"\"  data-invmsg=\"Text ist ung\u00fcltig\" aria-invalid=\"false\"   \/>\r\n    \r\n    \r\n<\/div>\n<div id=\"frm_field_52_container\" class=\"frm_form_field form-field  frm_top_container\">\r\n    <label for=\"field_cop7c\" id=\"field_cop7c_label\" class=\"frm_primary_label\">Site web\r\n        <span class=\"frm_required\" aria-hidden=\"true\"><\/span>\r\n    <\/label>\r\n    <input  type=\"text\" id=\"field_cop7c\" name=\"item_meta[52]\" value=\"\"  data-invmsg=\"Text ist ung\u00fcltig\" aria-invalid=\"false\"   \/>\r\n    \r\n    \r\n<\/div>\n<div id=\"frm_field_54_container\" class=\"frm_form_field form-field  frm_required_field frm_top_container vertical_radio\">\r\n    <div  id=\"field_20dy2_label\" class=\"frm_primary_label\">Avez-vous particip\u00e9 \u00e0 un s\u00e9minaire d&rsquo;accr\u00e9ditation NORSAN?*\r\n        <span class=\"frm_required\" aria-hidden=\"true\">*<\/span>\r\n    <\/div>\r\n    <div class=\"frm_opt_container\" aria-labelledby=\"field_20dy2_label\" role=\"group\">\t\t<div class=\"frm_checkbox\" id=\"frm_checkbox_54-0\">\t\t\t<label  for=\"field_20dy2-0\">\n\t\t\t<input type=\"checkbox\" name=\"item_meta[54][]\" id=\"field_20dy2-0\" value=\"Ja\"  data-reqmsg=\"Ce champ ne doit pas \u00eatre vide.\" data-invmsg=\"Avez-vous particip\u00e9 \u00e0 un s\u00e9minaire d&#039;accr\u00e9ditation NORSAN?* est non valide\"   aria-required=\"true\"  \/> Oui<\/label><\/div>\n\t\t<div class=\"frm_checkbox\" id=\"frm_checkbox_54-1\">\t\t\t<label  for=\"field_20dy2-1\">\n\t\t\t<input type=\"checkbox\" name=\"item_meta[54][]\" id=\"field_20dy2-1\" value=\"Nein\"  data-reqmsg=\"Ce champ ne doit pas \u00eatre vide.\" data-invmsg=\"Avez-vous particip\u00e9 \u00e0 un s\u00e9minaire d&#039;accr\u00e9ditation NORSAN?* est non valide\"   \/> Non<\/label><\/div>\n<\/div>\r\n    \r\n    \r\n<\/div>\n<div id=\"frm_field_193_container\" class=\"frm_form_field form-field \">\r\n\t<div class=\"frm_submit frm_flex\">\r\n<button class=\"frm_button_submit frm_final_submit\" type=\"submit\"   formnovalidate=\"formnovalidate\">Envoyer<\/button>\r\n\r\n\r\n\r\n<\/div>\r\n<\/div>\n\t<input type=\"hidden\" name=\"item_key\" value=\"\" \/>\n\t\t\t<div id=\"frm_field_427_container\">\n\t\t\t<label for=\"field_1zfm1\" >\n\t\t\t\tSi vous \u00eates un humain, ne remplissez pas ce champ.\t\t\t<\/label>\n\t\t\t<input  id=\"field_1zfm1\" type=\"text\" class=\"frm_form_field form-field frm_verify\" name=\"item_meta[427]\" value=\"\"  \/>\n\t\t<\/div>\n\t\t<input name=\"frm_state\" type=\"hidden\" value=\"O6Rhy\/KAtZx\/xQ6t+UMvKl8AyTDjjCqL514N9xBHkpNhTDobKYepXPZlP5dpLVhZ\" \/><\/div>\n<\/fieldset>\n<\/div>\n\n<\/form>\n<\/div>\n<\/div>\n\n\n\n<div class=\"wp-block-column is-layout-flow wp-block-column-is-layout-flow\" style=\"flex-basis:33.33%\"><\/div>\n<\/div>\n","protected":false},"excerpt":{"rendered":"<p>Souhaitez-vous \u00eatre r\u00e9f\u00e9renc\u00e9 en tant que partenaire sur notre site web ? Veuillez remplir le formulaire ci-dessous avec les informations que nous sommes autoris\u00e9s \u00e0 publier. Veuillez noter que les inscriptions des partenaires sont d&rsquo;abord v\u00e9rifi\u00e9es manuellement et int\u00e9gr\u00e9es dans le syst\u00e8me une fois par mois seulement. Une publication automatique n&rsquo;a pas lieu.<\/p>\n","protected":false},"author":909,"featured_media":0,"parent":0,"menu_order":0,"comment_status":"closed","ping_status":"closed","template":"template-fullwidth.php","meta":{"footnotes":""},"class_list":["post-366011","page","type-page","status-publish","hentry"],"_links":{"self":[{"href":"https:\/\/norsan.ch\/fr\/wp-json\/wp\/v2\/pages\/366011","targetHints":{"allow":["GET"]}}],"collection":[{"href":"https:\/\/norsan.ch\/fr\/wp-json\/wp\/v2\/pages"}],"about":[{"href":"https:\/\/norsan.ch\/fr\/wp-json\/wp\/v2\/types\/page"}],"author":[{"embeddable":true,"href":"https:\/\/norsan.ch\/fr\/wp-json\/wp\/v2\/users\/909"}],"replies":[{"embeddable":true,"href":"https:\/\/norsan.ch\/fr\/wp-json\/wp\/v2\/comments?post=366011"}],"version-history":[{"count":4,"href":"https:\/\/norsan.ch\/fr\/wp-json\/wp\/v2\/pages\/366011\/revisions"}],"predecessor-version":[{"id":377084,"href":"https:\/\/norsan.ch\/fr\/wp-json\/wp\/v2\/pages\/366011\/revisions\/377084"}],"wp:attachment":[{"href":"https:\/\/norsan.ch\/fr\/wp-json\/wp\/v2\/media?parent=366011"}],"curies":[{"name":"wp","href":"https:\/\/api.w.org\/{rel}","templated":true}]}}