{"id":383798,"date":"2025-08-11T10:29:38","date_gmt":"2025-08-11T08:29:38","guid":{"rendered":"https:\/\/norsan.ch\/devenir-partenaire\/"},"modified":"2025-08-12T14:55:07","modified_gmt":"2025-08-12T12:55:07","slug":"devenir-partenaire","status":"publish","type":"page","link":"https:\/\/norsan.ch\/fr\/devenir-partenaire\/","title":{"rendered":"Devenir partenaire"},"content":{"rendered":"\n<div class=\"wp-block-cover aligncenter is-light negativeMarginTop marginBottom\" style=\"min-height:523px;aspect-ratio:unset;\"><img fetchpriority=\"high\" decoding=\"async\" width=\"1920\" height=\"708\" class=\"wp-block-cover__image-background wp-image-274923\" alt=\"\" src=\"https:\/\/norsan.ch\/wp-content\/uploads\/2021\/10\/Norwegen-Lofoten-Header-Sky-scaled-1.webp\" data-object-fit=\"cover\" srcset=\"https:\/\/norsan.ch\/wp-content\/uploads\/2021\/10\/Norwegen-Lofoten-Header-Sky-scaled-1.webp 1920w, https:\/\/norsan.ch\/wp-content\/uploads\/2021\/10\/Norwegen-Lofoten-Header-Sky-scaled-1-600x221.webp 600w, https:\/\/norsan.ch\/wp-content\/uploads\/2021\/10\/Norwegen-Lofoten-Header-Sky-scaled-1-300x111.webp 300w, https:\/\/norsan.ch\/wp-content\/uploads\/2021\/10\/Norwegen-Lofoten-Header-Sky-scaled-1-1063x392.webp 1063w, https:\/\/norsan.ch\/wp-content\/uploads\/2021\/10\/Norwegen-Lofoten-Header-Sky-scaled-1-768x283.webp 768w, https:\/\/norsan.ch\/wp-content\/uploads\/2021\/10\/Norwegen-Lofoten-Header-Sky-scaled-1-1536x566.webp 1536w\" sizes=\"(max-width: 1920px) 100vw, 1920px\" \/><span aria-hidden=\"true\" class=\"wp-block-cover__background has-background-dim-30 has-background-dim\"><\/span><div class=\"wp-block-cover__inner-container is-layout-flow wp-block-cover-is-layout-flow\">\n<h1 class=\"wp-block-heading has-text-align-center has-white-color has-text-color\" id=\"ihr-omega-3-spezialist-aus-norwegen\">Devenir partenaire<\/h1>\n\n\n\n<div class=\"wp-block-buttons alignwide is-horizontal is-content-justification-center is-layout-flex wp-container-core-buttons-is-layout-03627597 wp-block-buttons-is-layout-flex\"><\/div>\n<\/div><\/div>\n\n<div class=\"wp-block-group\"><div class=\"wp-block-group__inner-container is-layout-flow wp-block-group-is-layout-flow\">\n<h3 class=\"wp-block-heading has-text-align-left\" id=\"naturliche-hochdosierte-omega-3-produkte\">Vous souhaitez devenir partenaire ? Envoyez-nous une demande. <\/h3>\n\n\n\n<p class=\"has-text-align-left\">Condition : <strong>activit\u00e9 dans le secteur de la sant\u00e9<\/strong><br\/>Avantages : conditions partenaires, mod\u00e8le de recommandation, possibilit\u00e9 de formations gratuites, acc\u00e8s au portail professionnel NORSAN <br\/><br\/>Si vous remplissez le formulaire ci-dessous, nous vous ouvrirons un acc\u00e8s partenaire gratuit (sans engagement).<br\/>Vous recevrez vos identifiants personnels ainsi que diverses informations de notre part par e-mail.  <\/p>\n\n\n\n<div class=\"wp-block-columns is-layout-flex wp-container-core-columns-is-layout-28f84493 wp-block-columns-is-layout-flex\">\n<div class=\"wp-block-column is-layout-flow wp-block-column-is-layout-flow\" style=\"flex-basis:66.66%\"><div class=\"frm_forms  with_frm_style frm_style_formidable-style\" id=\"frm_form_15_container\" data-token=\"72fc248728905f2c92288f9abafb195b\">\n<form enctype=\"multipart\/form-data\" method=\"post\" class=\"frm-show-form  frm_pro_form \" id=\"form_partner-werden\" data-token=\"72fc248728905f2c92288f9abafb195b\">\n<div class=\"frm_form_fields \">\n<fieldset>\n<legend class=\"frm_screen_reader\">Devenir partenaire<\/legend>\r\n\r\n<div class=\"frm_fields_container\">\n<input type=\"hidden\" name=\"frm_action\" value=\"create\" \/>\n<input type=\"hidden\" name=\"form_id\" value=\"15\" \/>\n<input type=\"hidden\" name=\"frm_hide_fields_15\" id=\"frm_hide_fields_15\" value=\"\" \/>\n<input type=\"hidden\" name=\"form_key\" value=\"partner-werden\" \/>\n<input type=\"hidden\" name=\"item_meta[0]\" value=\"\" \/>\n<input type=\"hidden\" id=\"frm_submit_entry_15\" name=\"frm_submit_entry_15\" value=\"c5d7be1ac6\" \/><input type=\"hidden\" name=\"_wp_http_referer\" value=\"\/fr\/wp-json\/wp\/v2\/pages\/383798\" \/><div id=\"frm_field_284_container\" class=\"frm_form_field form-field  frm_required_field frm_top_container frm6 frm_first\">\r\n\t<label for=\"field_j7h6m\" id=\"field_j7h6m_label\" class=\"frm_primary_label\">Pr\u00e9nom\r\n\t\t<span class=\"frm_required\" aria-hidden=\"true\">*<\/span>\r\n\t<\/label>\r\n\t<input  type=\"text\" id=\"field_j7h6m\" name=\"item_meta[284]\" value=\"\"  data-reqmsg=\"Ce champ ne doit pas \u00eatre vide.\" aria-required=\"true\" data-invmsg=\"Pr\u00e9nom n&#039;est pas valide\" aria-invalid=\"false\"   \/>\r\n\t\r\n\t\r\n<\/div>\n<div id=\"frm_field_283_container\" class=\"frm_form_field form-field  frm_required_field frm_top_container frm6\">\r\n\t<label for=\"field_vv9nl\" id=\"field_vv9nl_label\" class=\"frm_primary_label\">Nom de famille\r\n\t\t<span class=\"frm_required\" aria-hidden=\"true\">*<\/span>\r\n\t<\/label>\r\n\t<input  type=\"text\" id=\"field_vv9nl\" name=\"item_meta[283]\" value=\"\"  data-reqmsg=\"Ce champ ne doit pas \u00eatre vide.\" aria-required=\"true\" data-invmsg=\"Nom de famille n&#039;est pas valide\" aria-invalid=\"false\"   \/>\r\n\t\r\n\t\r\n<\/div>\n<div id=\"frm_field_286_container\" class=\"frm_form_field form-field  frm_top_container frm12 frm_first\">\r\n\t<label for=\"field_6t6tm\" id=\"field_6t6tm_label\" class=\"frm_primary_label\">Entreprise\r\n\t\t<span class=\"frm_required\" aria-hidden=\"true\"><\/span>\r\n\t<\/label>\r\n\t<input  type=\"text\" id=\"field_6t6tm\" name=\"item_meta[286]\" value=\"\"  data-invmsg=\"Entreprise n&#039;est pas valide\" aria-invalid=\"false\"   \/>\r\n\t\r\n\t\r\n<\/div>\n<div id=\"frm_field_295_container\" class=\"frm_form_field form-field  frm_top_container\">\r\n\t<label for=\"field_o6xbw\" id=\"field_o6xbw_label\" class=\"frm_primary_label\">Site web\r\n\t\t<span class=\"frm_required\" aria-hidden=\"true\"><\/span>\r\n\t<\/label>\r\n\t<input  type=\"text\" id=\"field_o6xbw\" name=\"item_meta[295]\" value=\"\"  data-invmsg=\"Site web n&#039;est pas valide\" aria-invalid=\"false\"   \/>\r\n\t\r\n\t\r\n<\/div>\n<div id=\"frm_field_289_container\" class=\"frm_form_field form-field  frm_required_field frm_top_container frm6 frm_first\">\r\n\t<label for=\"field_qn7dg\" id=\"field_qn7dg_label\" class=\"frm_primary_label\">Rue\r\n\t\t<span class=\"frm_required\" aria-hidden=\"true\">*<\/span>\r\n\t<\/label>\r\n\t<input  type=\"text\" id=\"field_qn7dg\" name=\"item_meta[289]\" value=\"\"  data-reqmsg=\"Ce champ ne doit pas \u00eatre vide.\" aria-required=\"true\" data-invmsg=\"Rue n&#039;est pas valide\" aria-invalid=\"false\"   \/>\r\n\t\r\n\t\r\n<\/div>\n<div id=\"frm_field_290_container\" class=\"frm_form_field form-field  frm_required_field frm_top_container frm6\">\r\n\t<label for=\"field_oudye\" id=\"field_oudye_label\" class=\"frm_primary_label\">Num\u00e9ro de maison\r\n\t\t<span class=\"frm_required\" aria-hidden=\"true\">*<\/span>\r\n\t<\/label>\r\n\t<input  type=\"text\" id=\"field_oudye\" name=\"item_meta[290]\" value=\"\"  data-reqmsg=\"Ce champ ne doit pas \u00eatre vide.\" aria-required=\"true\" data-invmsg=\"Num\u00e9ro de maison n&#039;est pas valide\" aria-invalid=\"false\"   \/>\r\n\t\r\n\t\r\n<\/div>\n<div id=\"frm_field_291_container\" class=\"frm_form_field form-field  frm_required_field frm_top_container frm6 frm_first\">\r\n\t<label for=\"field_opbro\" id=\"field_opbro_label\" class=\"frm_primary_label\">Code postal\r\n\t\t<span class=\"frm_required\" aria-hidden=\"true\">*<\/span>\r\n\t<\/label>\r\n\t<input type=\"number\" id=\"field_opbro\" name=\"item_meta[291]\" value=\"\" data-reqmsg=\"Ce champ ne doit pas \u00eatre vide.\" aria-required=\"true\" data-invmsg=\"Code postal n&#039;est pas valide\" aria-invalid=\"false\"   min=\"0\" max=\"9999999\" step=\"any\" \/>\r\n\t\r\n\t\r\n<\/div>\n<div id=\"frm_field_292_container\" class=\"frm_form_field form-field  frm_required_field frm_top_container frm6\">\r\n\t<label for=\"field_wumfb\" id=\"field_wumfb_label\" class=\"frm_primary_label\">Lieu\r\n\t\t<span class=\"frm_required\" aria-hidden=\"true\">*<\/span>\r\n\t<\/label>\r\n\t<input  type=\"text\" id=\"field_wumfb\" name=\"item_meta[292]\" value=\"\"  data-reqmsg=\"Ce champ ne doit pas \u00eatre vide.\" aria-required=\"true\" data-invmsg=\"Lieu n&#039;est pas valide\" aria-invalid=\"false\"   \/>\r\n\t\r\n\t\r\n<\/div>\n<div id=\"frm_field_296_container\" class=\"frm_form_field form-field  frm_top_container\">\r\n\t<label for=\"field_jtw4r\" id=\"field_jtw4r_label\" class=\"frm_primary_label\">Adresse de livraison diff\u00e9rente\r\n\t\t<span class=\"frm_required\" aria-hidden=\"true\"><\/span>\r\n\t<\/label>\r\n\t<textarea name=\"item_meta[296]\" id=\"field_jtw4r\" rows=\"5\"  data-invmsg=\"Adresse de livraison diff\u00e9rente n&#039;est pas valide\" aria-invalid=\"false\"  ><\/textarea>\r\n\t\r\n\t\r\n<\/div>\n<div id=\"frm_field_293_container\" class=\"frm_form_field form-field  frm_required_field frm_top_container\">\r\n\t<label for=\"field_57f46\" id=\"field_57f46_label\" class=\"frm_primary_label\">E-Mail\t\r\n\t\t<span class=\"frm_required\" aria-hidden=\"true\">*<\/span>\r\n\t<\/label>\r\n\t<input type=\"email\" id=\"field_57f46\" name=\"item_meta[293]\" value=\"\"  autocomplete=\"email\"  data-reqmsg=\"Ce champ ne doit pas \u00eatre vide.\" aria-required=\"true\" data-invmsg=\"E-Mail\t n&#039;est pas valide\" aria-invalid=\"false\"  \/>\r\n\t\r\n\t\r\n<\/div>\n<div id=\"frm_field_294_container\" class=\"frm_form_field form-field  frm_required_field frm_top_container\">\r\n\t<label for=\"field_5tglg\" id=\"field_5tglg_label\" class=\"frm_primary_label\">T\u00e9l\u00e9phone\r\n\t\t<span class=\"frm_required\" aria-hidden=\"true\">*<\/span>\r\n\t<\/label>\r\n\t<input  type=\"text\" id=\"field_5tglg\" name=\"item_meta[294]\" value=\"\"  data-reqmsg=\"Ce champ ne doit pas \u00eatre vide.\" aria-required=\"true\" data-invmsg=\"T\u00e9l\u00e9phone n&#039;est pas valide\" aria-invalid=\"false\"   \/>\r\n\t\r\n\t\r\n<\/div>\n<div id=\"frm_field_297_container\" class=\"frm_form_field form-field  frm_required_field frm_top_container\">\n\t<label for=\"field_3bdlb\" id=\"field_3bdlb_label\" class=\"frm_primary_label\">Activit\u00e9 dans le secteur de la sant\u00e9\n\t\t<span class=\"frm_required\" aria-hidden=\"true\">*<\/span>\n\t<\/label>\n\t<input  type=\"text\" id=\"field_3bdlb\" name=\"item_meta[297]\" value=\"\"  data-reqmsg=\"Ce champ ne doit pas \u00eatre vide.\" aria-required=\"true\" data-invmsg=\"Activit\u00e9 dans le secteur de la sant\u00e9 n&#039;est pas valide\" aria-invalid=\"false\"   \/>\n\t\n\t\n<\/div>\n<div id=\"frm_field_298_container\" class=\"frm_form_field form-field  frm_top_container\">\n\t<label for=\"field_gowh3\" id=\"field_gowh3_label\" class=\"frm_primary_label\">Qui vous a recommand\u00e9 NORSAN ?\n\t\t<span class=\"frm_required\" aria-hidden=\"true\"><\/span>\n\t<\/label>\n\t<input  type=\"text\" id=\"field_gowh3\" name=\"item_meta[298]\" value=\"\"  data-invmsg=\"Qui vous a recommand\u00e9 NORSAN ? n&#039;est pas valide\" aria-invalid=\"false\"   \/>\n\t\n\t\n<\/div>\n<div id=\"frm_field_282_container\" class=\"frm_form_field form-field \">\r\n\t<div class=\"frm_submit frm_flex\">\r\n<button class=\"frm_button_submit frm_final_submit\" type=\"submit\"   formnovalidate=\"formnovalidate\">Envoyer<\/button>\r\n\r\n\r\n\r\n<\/div>\r\n<\/div>\n\t<input type=\"hidden\" name=\"item_key\" value=\"\" \/>\n\t\t\t<div id=\"frm_field_424_container\">\n\t\t\t<label for=\"field_d87h8\" >\n\t\t\t\tSi vous \u00eates un humain, ne remplissez pas ce champ.\t\t\t<\/label>\n\t\t\t<input  id=\"field_d87h8\" type=\"text\" class=\"frm_form_field form-field frm_verify\" name=\"item_meta[424]\" value=\"\"  \/>\n\t\t<\/div>\n\t\t<input name=\"frm_state\" type=\"hidden\" value=\"O6Rhy\/KAtZx\/xQ6t+UMvKnnUywlQV2L84vcOnD9sAoRt31SiIc4LZ2WoCFTlM2Ht\" \/><\/div>\n<\/fieldset>\n<\/div>\n\n<\/form>\n<\/div>\n<\/div>\n\n\n\n<div class=\"wp-block-column is-layout-flow wp-block-column-is-layout-flow\" style=\"flex-basis:33.33%\"><\/div>\n<\/div>\n\n\n\n<p><\/p>\n<\/div><\/div>\n\n<div style=\"height:20px\" aria-hidden=\"true\" class=\"wp-block-spacer\"><\/div>\n","protected":false},"excerpt":{"rendered":"<p>Vous souhaitez devenir partenaire ? Envoyez-nous une demande. Condition : activit\u00e9 dans le secteur de la sant\u00e9Avantages : conditions partenaires, mod\u00e8le de recommandation, possibilit\u00e9 de formations gratuites, acc\u00e8s au portail professionnel NORSAN Si vous remplissez le formulaire ci-dessous, nous vous ouvrirons un acc\u00e8s partenaire gratuit (sans engagement).Vous recevrez vos identifiants personnels ainsi que diverses informations [&hellip;]<\/p>\n","protected":false},"author":909,"featured_media":0,"parent":0,"menu_order":0,"comment_status":"closed","ping_status":"closed","template":"template-fullwidth.php","meta":{"footnotes":""},"class_list":["post-383798","page","type-page","status-publish","hentry"],"_links":{"self":[{"href":"https:\/\/norsan.ch\/fr\/wp-json\/wp\/v2\/pages\/383798","targetHints":{"allow":["GET"]}}],"collection":[{"href":"https:\/\/norsan.ch\/fr\/wp-json\/wp\/v2\/pages"}],"about":[{"href":"https:\/\/norsan.ch\/fr\/wp-json\/wp\/v2\/types\/page"}],"author":[{"embeddable":true,"href":"https:\/\/norsan.ch\/fr\/wp-json\/wp\/v2\/users\/909"}],"replies":[{"embeddable":true,"href":"https:\/\/norsan.ch\/fr\/wp-json\/wp\/v2\/comments?post=383798"}],"version-history":[{"count":2,"href":"https:\/\/norsan.ch\/fr\/wp-json\/wp\/v2\/pages\/383798\/revisions"}],"predecessor-version":[{"id":383911,"href":"https:\/\/norsan.ch\/fr\/wp-json\/wp\/v2\/pages\/383798\/revisions\/383911"}],"wp:attachment":[{"href":"https:\/\/norsan.ch\/fr\/wp-json\/wp\/v2\/media?parent=383798"}],"curies":[{"name":"wp","href":"https:\/\/api.w.org\/{rel}","templated":true}]}}