{"id":400032,"date":"2023-09-11T11:33:47","date_gmt":"2023-09-11T09:33:47","guid":{"rendered":"https:\/\/norsan.ch\/?page_id=400032"},"modified":"2026-02-13T08:53:14","modified_gmt":"2026-02-13T07:53:14","slug":"webinaires","status":"publish","type":"page","link":"https:\/\/norsan.ch\/fr\/webinaires\/","title":{"rendered":"Webinaires"},"content":{"rendered":"\n<div class=\"wp-block-cover aligncenter is-light negativeMarginTop marginBottom\" style=\"min-height:523px;aspect-ratio:unset;\"><img fetchpriority=\"high\" decoding=\"async\" width=\"1920\" height=\"708\" class=\"wp-block-cover__image-background wp-image-274923\" alt=\"\" src=\"https:\/\/www.norsan.ch\/wp-content\/uploads\/2021\/10\/Norwegen-Lofoten-Header-Sky-scaled-1.webp\" data-object-fit=\"cover\" srcset=\"https:\/\/norsan.ch\/wp-content\/uploads\/2021\/10\/Norwegen-Lofoten-Header-Sky-scaled-1.webp 1920w, https:\/\/norsan.ch\/wp-content\/uploads\/2021\/10\/Norwegen-Lofoten-Header-Sky-scaled-1-600x221.webp 600w, https:\/\/norsan.ch\/wp-content\/uploads\/2021\/10\/Norwegen-Lofoten-Header-Sky-scaled-1-300x111.webp 300w, https:\/\/norsan.ch\/wp-content\/uploads\/2021\/10\/Norwegen-Lofoten-Header-Sky-scaled-1-1063x392.webp 1063w, https:\/\/norsan.ch\/wp-content\/uploads\/2021\/10\/Norwegen-Lofoten-Header-Sky-scaled-1-768x283.webp 768w, https:\/\/norsan.ch\/wp-content\/uploads\/2021\/10\/Norwegen-Lofoten-Header-Sky-scaled-1-1536x566.webp 1536w\" sizes=\"(max-width: 1920px) 100vw, 1920px\" \/><span aria-hidden=\"true\" class=\"wp-block-cover__background has-background-dim-30 has-background-dim\"><\/span><div class=\"wp-block-cover__inner-container is-layout-flow wp-block-cover-is-layout-flow\">\n<h1 class=\"wp-block-heading has-text-align-center has-white-color has-text-color\" id=\"ihr-omega-3-spezialist-aus-norwegen\">Webinaires<\/h1>\n<\/div><\/div>\n\n\n\n<h2 class=\"wp-block-heading has-text-align-left\" id=\"naturliche-hochdosierte-omega-3-produkte\">Webinaires en ligne NORSAN pour les partenaires du secteur de la sant\u00e9 sur divers th\u00e8mes sp\u00e9cialis\u00e9s (reconnus par l&rsquo;EMR) :<\/h2>\n\n\n\n<h3 class=\"wp-block-heading\" id=\"was-ist-die-fettsaure-analyse\">Les s\u00e9minaires sont gratuits.<\/h3>\n\n\n\n<p><\/p>\n\n\n\n<p><strong>Les acides gras om\u00e9ga-3 : b\u00e9n\u00e9fices fond\u00e9s sur les preuves pour le c\u0153ur, le cerveau et la long\u00e9vit\u00e9<\/strong> <strong>I\u00a0<\/strong><a href=\"https:\/\/us06web.zoom.us\/webinar\/register\/1617696778543\/WN_-olGoW7nQamEw_g_ulwg-g\">Details &amp; Registrierung<\/a><br>Jeudi 28 mai \u00e0 19h00<br>Dr. med. Volker Schmiedel<\/p>\n\n\n\n<p><\/p>\n","protected":false},"excerpt":{"rendered":"<p>Webinaires en ligne NORSAN pour les partenaires du secteur de la sant\u00e9 sur divers th\u00e8mes sp\u00e9cialis\u00e9s (reconnus par l&rsquo;EMR) : Les s\u00e9minaires sont gratuits. Les acides gras om\u00e9ga-3 : b\u00e9n\u00e9fices fond\u00e9s sur les preuves pour le c\u0153ur, le cerveau et la long\u00e9vit\u00e9 I\u00a0Details &amp; RegistrierungJeudi 28 mai \u00e0 19h00Dr. med. Volker Schmiedel<\/p>\n","protected":false},"author":909,"featured_media":0,"parent":0,"menu_order":0,"comment_status":"closed","ping_status":"closed","template":"template-fullwidth.php","meta":{"footnotes":""},"class_list":["post-400032","page","type-page","status-publish","hentry"],"_links":{"self":[{"href":"https:\/\/norsan.ch\/fr\/wp-json\/wp\/v2\/pages\/400032","targetHints":{"allow":["GET"]}}],"collection":[{"href":"https:\/\/norsan.ch\/fr\/wp-json\/wp\/v2\/pages"}],"about":[{"href":"https:\/\/norsan.ch\/fr\/wp-json\/wp\/v2\/types\/page"}],"author":[{"embeddable":true,"href":"https:\/\/norsan.ch\/fr\/wp-json\/wp\/v2\/users\/909"}],"replies":[{"embeddable":true,"href":"https:\/\/norsan.ch\/fr\/wp-json\/wp\/v2\/comments?post=400032"}],"version-history":[{"count":3,"href":"https:\/\/norsan.ch\/fr\/wp-json\/wp\/v2\/pages\/400032\/revisions"}],"predecessor-version":[{"id":400084,"href":"https:\/\/norsan.ch\/fr\/wp-json\/wp\/v2\/pages\/400032\/revisions\/400084"}],"wp:attachment":[{"href":"https:\/\/norsan.ch\/fr\/wp-json\/wp\/v2\/media?parent=400032"}],"curies":[{"name":"wp","href":"https:\/\/api.w.org\/{rel}","templated":true}]}}