{"id":278270,"date":"2022-02-18T16:11:05","date_gmt":"2022-02-18T14:11:05","guid":{"rendered":"https:\/\/norsan.ch\/shop\/omega-3-kids-jelly\/"},"modified":"2026-02-10T09:28:49","modified_gmt":"2026-02-10T08:28:49","slug":"omega-3-kids-jelly","status":"publish","type":"product","link":"https:\/\/norsan.ch\/fr\/produkt\/omega-3-kids-jelly\/","title":{"rendered":"Omega-3 FISK Jelly \u00e0 120 pi\u00e8ces"},"content":{"rendered":"\n<div class=\"wp-block-buttons is-vertical is-layout-flex wp-container-core-buttons-is-layout-fe9cc265 wp-block-buttons-is-layout-flex\">\n<div class=\"wp-block-button\"><a class=\"wp-block-button__link has-white-color has-pale-cyan-blue-background-color has-text-color has-background has-link-color wp-element-button\" href=\"#nahrwerte-hinweise\">Valeurs nutritives et conseils<\/a><\/div>\n\n\n\n<div class=\"wp-block-button\"><a class=\"wp-block-button__link has-white-color has-pale-cyan-blue-background-color has-text-color has-background has-link-color wp-element-button\" href=\"#laborzertifikate\">Certificats de laboratoire<\/a><\/div>\n\n\n\n<div class=\"wp-block-button\"><a class=\"wp-block-button__link has-white-color has-pale-cyan-blue-background-color has-text-color has-background has-link-color wp-element-button\" href=\"#dosierungkinder\">Dosage chez les enfants<\/a><\/div>\n<\/div>\n\n<div style=\"height:28px\" aria-hidden=\"true\" class=\"wp-block-spacer\"><\/div>\n\n<div class=\"wp-block-group\"><div class=\"wp-block-group__inner-container is-layout-flow wp-block-group-is-layout-flow\">\n<div class=\"wp-block-columns has-white-color has-light-green-cyan-background-color has-text-color has-background is-layout-flex wp-container-core-columns-is-layout-28f84493 wp-block-columns-is-layout-flex\">\n<div class=\"wp-block-column is-layout-flow wp-block-column-is-layout-flow\">\n<h2 class=\"wp-block-heading has-text-align-center has-white-color has-text-color\"><strong>250 mg d\u2019om\u00e9ga-3 par pastille g\u00e9lifi\u00e9e<\/strong><\/h2>\n\n\n\n<hr class=\"wp-block-separator has-text-color has-white-color has-css-opacity has-white-background-color has-background is-style-wide\"\/>\n<\/div>\n\n\n\n<div class=\"wp-block-column is-layout-flow wp-block-column-is-layout-flow\">\n<p class=\"has-white-color has-text-color\">Nos Omega-3 FISK Jelly de 120 pi\u00e8ces sont de d\u00e9licieux gummies, au go\u00fbt fruit\u00e9 de fraise et de citron, faciles \u00e0 d\u00e9guster.  Des om\u00e9ga-3 junior parfaits pour les enfants \u00e0 partir de 3 ans et bien s\u00fbr SANS SUCRE !<\/p>\n<\/div>\n\n\n\n<div class=\"wp-block-column is-layout-flow wp-block-column-is-layout-flow\">\n<p class=\"has-white-color has-text-color\">En plus d\u2019\u00eatre sans sucre, elles sont \u00e9galement sans additifs artificiels. Un \u00ab\u00a0bonbon\u00a0\u00bb sain riche en om\u00e9ga-3 Les acides gras essentiels om\u00e9ga-3, mais d&rsquo;une mani\u00e8re diff\u00e9rente.<\/p>\n<\/div>\n<\/div>\n<\/div><\/div>\n\n<div style=\"height:28px\" aria-hidden=\"true\" class=\"wp-block-spacer\"><\/div>\n\n<div class=\"wp-block-group\"><div class=\"wp-block-group__inner-container is-layout-flow wp-block-group-is-layout-flow\">\n<div class=\"wp-block-columns is-layout-flex wp-container-core-columns-is-layout-28f84493 wp-block-columns-is-layout-flex\">\n<div class=\"wp-block-column widthMedium is-layout-flow wp-block-column-is-layout-flow\">\n<h2 class=\"wp-block-heading has-text-align-center has-light-green-cyan-color has-text-color\"><strong>SIMPLEMENT \u00c0 M\u00c2CHER !<\/strong><\/h2>\n\n\n\n<p class=\"has-text-align-center\">Il n\u2019est pas toujours ais\u00e9 de faire manger du poisson aux enfants et aux adolescents ou de leur faire prendre de l\u2019huile de poisson. Ces d\u00e9licieux gummies constituent donc une excellente alternative pour permettre \u00e0 vos enfants de b\u00e9n\u00e9ficier d\u2019un bon apport en om\u00e9ga-3.<\/p>\n\n\n\n<p><\/p>\n<\/div>\n<\/div>\n\n\n\n<div class=\"wp-block-columns is-layout-flex wp-container-core-columns-is-layout-28f84493 wp-block-columns-is-layout-flex\">\n<div class=\"wp-block-column is-layout-flow wp-block-column-is-layout-flow\">\n<figure class=\"wp-block-image size-full\"><img fetchpriority=\"high\" decoding=\"async\" width=\"500\" height=\"500\" src=\"https:\/\/norsan.ch\/wp-content\/uploads\/2021\/11\/Fotolia_55170842_Subscription_Monthly_M-1-e1611813287758-500x500-1.jpg\" alt=\"\" class=\"wp-image-276132\" srcset=\"https:\/\/norsan.ch\/wp-content\/uploads\/2021\/11\/Fotolia_55170842_Subscription_Monthly_M-1-e1611813287758-500x500-1.jpg 500w, https:\/\/norsan.ch\/wp-content\/uploads\/2021\/11\/Fotolia_55170842_Subscription_Monthly_M-1-e1611813287758-500x500-1-300x300.jpg 300w, https:\/\/norsan.ch\/wp-content\/uploads\/2021\/11\/Fotolia_55170842_Subscription_Monthly_M-1-e1611813287758-500x500-1-100x100.jpg 100w, https:\/\/norsan.ch\/wp-content\/uploads\/2021\/11\/Fotolia_55170842_Subscription_Monthly_M-1-e1611813287758-500x500-1-150x150.jpg 150w, https:\/\/norsan.ch\/wp-content\/uploads\/2021\/11\/Fotolia_55170842_Subscription_Monthly_M-1-e1611813287758-500x500-1-75x75.jpg 75w\" sizes=\"(max-width: 500px) 100vw, 500px\" \/><\/figure>\n<\/div>\n\n\n\n<div class=\"wp-block-column is-layout-flow wp-block-column-is-layout-flow\">\n<h3 class=\"wp-block-heading has-light-green-cyan-color has-text-color\"><strong>Pour le bon d\u00e9veloppement mental et physique<\/strong><\/h3>\n\n\n\n<p>Les deux acides gras marins EPA (acide eicosapentaeno\u00efque) et DHA (acide docosahexaeno\u00efque) sont importants pour le bon d\u00e9veloppement mental et physique d\u2019un enfant. C&rsquo;est pourquoi notre Omega-3 FISK Jelly contient l&rsquo;huile de poisson NORSAN, riche en acides gras om\u00e9ga-3 marins EPA et DHA.<\/p>\n\n\n\n<p>L&rsquo;association avec la vitamine D permet en outre de soutenir le fonctionnement normal des os, des muscles, des dents et du syst\u00e8me immunitaire.<\/p>\n\n\n\n<p>Dans notre <a href=\"https:\/\/norsan.ch\/fr\/norsan-fr\/faq\/\">section FAQ<\/a>, vous trouverez \u00e9galement d&rsquo;autres r\u00e9ponses aux questions les plus fr\u00e9quentes que nous recevons au sujet de nos produits FISK. Bien entendu, vous pouvez aussi nous appeler \u00e0 tout moment, nous vous conseillerons tr\u00e8s volontiers.<\/p>\n<\/div>\n\n\n\n<div class=\"wp-block-column is-layout-flow wp-block-column-is-layout-flow\">\n<p><em>Nous avons fait tester nos gummies \u00e0 des enfants et ils ont ador\u00e9. Tous ont trouv\u00e9 les gummies d\u00e9licieux et en ont redemand\u00e9.<\/em> <em>Nous ne pouvons que nous satisfaire de cet accueil favorable car, pour nous, il est important que les enfants puissent avoir des apports suffisants en acides gras om\u00e9ga-3 marins.<\/em><\/p>\n\n\n<div class=\"wp-block-image is-resized\">\n<figure class=\"aligncenter size-full\"><img decoding=\"async\" width=\"600\" height=\"600\" src=\"https:\/\/norsan.ch\/wp-content\/uploads\/2021\/11\/yzzujzjd.jpg\" alt=\"\" class=\"wp-image-275989\" srcset=\"https:\/\/norsan.ch\/wp-content\/uploads\/2021\/11\/yzzujzjd.jpg 600w, https:\/\/norsan.ch\/wp-content\/uploads\/2021\/11\/yzzujzjd-300x300.jpg 300w, https:\/\/norsan.ch\/wp-content\/uploads\/2021\/11\/yzzujzjd-100x100.jpg 100w, https:\/\/norsan.ch\/wp-content\/uploads\/2021\/11\/yzzujzjd-150x150.jpg 150w, https:\/\/norsan.ch\/wp-content\/uploads\/2021\/11\/yzzujzjd-75x75.jpg 75w\" sizes=\"(max-width: 600px) 100vw, 600px\" \/><\/figure>\n<\/div><\/div>\n<\/div>\n<\/div><\/div>\n\n<div style=\"height:28px\" aria-hidden=\"true\" class=\"wp-block-spacer\"><\/div>\n\n<div id=\"dosierungkinder\" class=\"wp-block-group has-light-green-cyan-background-color has-background\"><div class=\"wp-block-group__inner-container is-layout-flow wp-block-group-is-layout-flow\">\n<div class=\"wp-block-columns is-layout-flex wp-container-core-columns-is-layout-28f84493 wp-block-columns-is-layout-flex\">\n<div class=\"wp-block-column is-layout-flow wp-block-column-is-layout-flow\">\n<h2 class=\"wp-block-heading has-text-align-center has-white-color has-text-color\"><strong>Dosage recommand\u00e9 en fonction du poids<\/strong><\/h2>\n<\/div>\n<\/div>\n\n\n\n<div class=\"wp-block-columns is-layout-flex wp-container-core-columns-is-layout-28f84493 wp-block-columns-is-layout-flex\">\n<div class=\"wp-block-column is-layout-flow wp-block-column-is-layout-flow\">\n<p class=\"has-white-color has-text-color has-link-color wp-elements-2eeaadaa13c5e796d154301ca8b9885f\"><strong>D\u00e8s 17 kg: <\/strong><br\/>2 gummies Jelly par jour<\/p>\n<\/div>\n\n\n\n<div class=\"wp-block-column is-layout-flow wp-block-column-is-layout-flow\">\n<p class=\"has-white-color has-text-color has-link-color wp-elements-54d62fb3d07916e3277c91776055ca06\"><strong>D\u00e8s 26 kg: <\/strong><br\/>3 gummies Jelly par jour<\/p>\n<\/div>\n\n\n\n<div class=\"wp-block-column is-layout-flow wp-block-column-is-layout-flow\">\n<p class=\"has-white-color has-text-color has-link-color wp-elements-c57c3148f3611c959d12ad2951bb696d\"><strong>D\u00e8s 35 kg:<\/strong><br\/>4 gummies Jelly pro Tag<\/p>\n<\/div>\n<\/div>\n<\/div><\/div>\n\n<div style=\"height:28px\" aria-hidden=\"true\" class=\"wp-block-spacer\"><\/div>\n\n<div class=\"wp-block-columns is-layout-flex wp-container-core-columns-is-layout-28f84493 wp-block-columns-is-layout-flex\" id=\"nahrwerte-hinweise\">\n<div class=\"wp-block-column is-layout-flow wp-block-column-is-layout-flow\">\n<figure class=\"wp-block-image size-large is-resized\"><img decoding=\"async\" width=\"1063\" height=\"1063\" src=\"https:\/\/norsan.ch\/wp-content\/uploads\/2024\/06\/DE_20240112_NORSAN_72dpi_Naehrwerttabellen_FISK_Jelly_web-1-1063x1063.webp.jpg\" alt=\"\" class=\"wp-image-353138\" style=\"width:673px;height:auto\" srcset=\"https:\/\/norsan.ch\/wp-content\/uploads\/2024\/06\/DE_20240112_NORSAN_72dpi_Naehrwerttabellen_FISK_Jelly_web-1-1063x1063.webp.jpg 1063w, https:\/\/norsan.ch\/wp-content\/uploads\/2024\/06\/DE_20240112_NORSAN_72dpi_Naehrwerttabellen_FISK_Jelly_web-1-300x300.webp.jpg 300w, https:\/\/norsan.ch\/wp-content\/uploads\/2024\/06\/DE_20240112_NORSAN_72dpi_Naehrwerttabellen_FISK_Jelly_web-1-600x600.webp.jpg 600w, https:\/\/norsan.ch\/wp-content\/uploads\/2024\/06\/DE_20240112_NORSAN_72dpi_Naehrwerttabellen_FISK_Jelly_web-1-150x150.webp.jpg 150w, https:\/\/norsan.ch\/wp-content\/uploads\/2024\/06\/DE_20240112_NORSAN_72dpi_Naehrwerttabellen_FISK_Jelly_web-1-768x768.webp.jpg 768w, https:\/\/norsan.ch\/wp-content\/uploads\/2024\/06\/DE_20240112_NORSAN_72dpi_Naehrwerttabellen_FISK_Jelly_web-1-1600x1600.webp.jpg 1600w, https:\/\/norsan.ch\/wp-content\/uploads\/2024\/06\/DE_20240112_NORSAN_72dpi_Naehrwerttabellen_FISK_Jelly_web-1-75x75.webp.jpg 75w\" sizes=\"(max-width: 1063px) 100vw, 1063px\" \/><\/figure>\n<\/div>\n\n\n\n<div class=\"wp-block-column is-layout-flow wp-block-column-is-layout-flow\">\n<p class=\"has-light-green-cyan-color has-text-color has-link-color has-large-font-size wp-elements-548cfdb7c446a1052377af05fa699151\"><strong>Valeurs nutritionnelles et notes<\/strong><\/p>\n\n\n\n<h3 class=\"wp-block-heading has-light-green-cyan-color has-text-color has-link-color has-normal-font-size wp-elements-0c29d8261431f17afd8290c9e1685c07\"><strong>Ingr\u00e9dients<\/strong><\/h3>\n\n\n\n<p class=\"has-normal-font-size\">Huile de poisson naturelle, \u00e9dulcorants (xylitol et sorbitol), eau, g\u00e9latine, ar\u00f4mes naturels (citron et fraise), r\u00e9gulateur d\u2019acidit\u00e9 (citrate de sodium), acidifiant (acide malique), \u00e9mulsifiant (l\u00e9cithine), colorant (extrait de paprika), chol\u00e9calcif\u00e9rol (vitamine D3).<\/p>\n\n\n\n<h3 class=\"wp-block-heading has-light-green-cyan-color has-text-color has-link-color has-normal-font-size wp-elements-c4df3f915ed41448692c837e267479d2\"><strong>Prise<\/strong><\/h3>\n\n\n\n<p>Le dosage journalier varie en fonction du poids de l&rsquo;enfant. Nous recommandons <\/p>\n\n\n\n<p><strong>17 kg<\/strong> \u2014 2 gummies par jour ; contient 500 mg d\u2019acides gras om\u00e9ga-3.<\/p>\n\n\n\n<p><strong>26 kg<\/strong> \u2014 3 gummies par jour ; contient 750 mg d\u2019acides gras om\u00e9ga-3.<\/p>\n\n\n\n<p><strong>35 kg<\/strong> \u2014 4 gummies par jour ; contient 1000 mg d\u2019acides gras om\u00e9ga-3.<br\/>Ne convient pas aux enfants de moins de 3 ans. Pour les enfants de moins de 3 ans, nous recommandons nos produits om\u00e9ga-3 sous forme liquide. Ils peuvent \u00eatre utilis\u00e9s comme huile d\u2019appoint dans l\u2019alimentation ou transmis par le lait maternel (compl\u00e9mentation via la m\u00e8re).<br\/>Tous nos huiles om\u00e9ga-3 peuvent \u00eatre consomm\u00e9es sans probl\u00e8me par des enfants de tout \u00e2ge. Il suffit d\u2019adapter le dosage en cons\u00e9quence.     <\/p>\n\n\n\n<h3 class=\"wp-block-heading has-light-green-cyan-color has-text-color has-link-color has-normal-font-size wp-elements-a90029e691bdc8c3f2d30c506ec73057\"><strong>Stockage<\/strong><\/h3>\n\n\n\n<p class=\"has-normal-font-size\">Les Omega-3 FISK Jelly doivent \u00eatre conserv\u00e9s au frais et au sec, \u00e0 l\u2019abri de la lumi\u00e8re directe du soleil. Il ne faut pas d\u00e9passer la dose journali\u00e8re recommand\u00e9e.  Les compl\u00e9ments alimentaires ne peuvent se substituer \u00e0 une alimentation vari\u00e9e et \u00e9quilibr\u00e9e et \u00e0 un mode de vie sain. Conserver hors de port\u00e9e des jeunes enfants. Peut avoir un effet laxatif en cas de consommation excessive.<\/p>\n<\/div>\n<\/div>\n\n<div style=\"height:28px\" aria-hidden=\"true\" class=\"wp-block-spacer\"><\/div>\n\n<h2 class=\"wp-block-heading has-text-align-center has-light-green-cyan-color has-text-color has-link-color has-large-font-size wp-elements-1ec565857ae6fb09611b09ae0377346a\" id=\"laborzertifikate\"><strong>Certificats de laboratoire<\/strong><br\/><\/h2>\n\n<p class=\"has-text-align-center\">Nos huiles NORSAN Omega-3 sont r\u00e9guli\u00e8rement contr\u00f4l\u00e9es par des laboratoires ind\u00e9pendants. Vous trouverez ici toutes les analyses effectu\u00e9es sur les mati\u00e8res premi\u00e8res, les excipients et les m\u00e9taux lourds. <\/p>\n\n<div class=\"wp-block-buttons is-layout-flex wp-block-buttons-is-layout-flex\">\n<div class=\"wp-block-button has-custom-width wp-block-button__width-100\"><a class=\"wp-block-button__link has-very-dark-gray-color has-cyan-bluish-gray-background-color has-text-color has-background has-link-color has-text-align-center wp-element-button\" href=\"https:\/\/norsan.ch\/wp-content\/uploads\/2021\/10\/2023-Zertifikate-Schwermetalluntersuchung_KIDS_JELLY.pdf\">Analyse des m\u00e9taux lourds du produit NORSAN Omega-3 Jelly<\/a><\/div>\n\n\n\n<div class=\"wp-block-button has-custom-width wp-block-button__width-100\"><a class=\"wp-block-button__link has-very-dark-gray-color has-cyan-bluish-gray-background-color has-text-color has-background has-link-color has-text-align-center wp-element-button\" href=\"https:\/\/norsan.ch\/wp-content\/uploads\/2021\/10\/Rohwaren_Analyse_Fischoel-1.pdf\">Analyse des mati\u00e8res premi\u00e8res de l&rsquo;huile de poisson<\/a><\/div>\n\n\n\n<div class=\"wp-block-button has-custom-width wp-block-button__width-100\"><a class=\"wp-block-button__link has-very-dark-gray-color has-cyan-bluish-gray-background-color has-text-color has-background has-link-color has-text-align-center wp-element-button\" href=\"https:\/\/norsan.ch\/wp-content\/uploads\/2021\/10\/Zertifikat_Vit_E_Fischoel-1.pdf\">Analyse des excipients de l\u2019huile pour enfants<\/a><\/div>\n<\/div>\n","protected":false},"excerpt":{"rendered":"<div class=\"priceExtra\"> <\/div>\n<h3><span style=\"color: #46b2b2;\">Om\u00e9ga-3 pour les enfants<\/span><\/h3>\n<ul>\n<li>\u00c0 l\u2019huile de poisson naturelle issue d\u2019une p\u00eache sauvage et durable<\/li>\n<li>250 mg d\u2019om\u00e9ga-3 par gummy<\/li>\n<li>Facile \u00e0 prendre \u2013 \u00e0 m\u00e2cher !<\/li>\n<li>Au d\u00e9licieux go\u00fbt fruit\u00e9 de fraise et de citron<\/li>\n<li>G\u00e9latine bovine<\/li>\n<\/ul>\n<p><strong>L&rsquo;envoi est d\u00e9j\u00e0 gratuit \u00e0 partir de CHF 50.00<\/strong><br \/>D\u00e9lai de livraison 1-3 jours ouvrables<\/p>\n","protected":false},"featured_media":388560,"comment_status":"closed","ping_status":"closed","template":"","meta":{"wds_primary_product_brand":0,"wds_primary_product_cat":0},"product_brand":[],"product_cat":[102,103],"product_tag":[104,105,106],"class_list":{"0":"post-278270","1":"product","2":"type-product","3":"status-publish","4":"has-post-thumbnail","6":"product_cat-omega-3-kids-fr","7":"product_cat-omega-3-pour-les-enfants","8":"product_tag-bestsellers-fr","9":"product_tag-omega-3-fr","10":"product_tag-rich-in-epa-dha-fr","11":"product_shipping_class-versand","13":"first","14":"instock","15":"taxable","16":"shipping-taxable","17":"purchasable","18":"product-type-simple"},"_links":{"self":[{"href":"https:\/\/norsan.ch\/fr\/wp-json\/wp\/v2\/product\/278270","targetHints":{"allow":["GET"]}}],"collection":[{"href":"https:\/\/norsan.ch\/fr\/wp-json\/wp\/v2\/product"}],"about":[{"href":"https:\/\/norsan.ch\/fr\/wp-json\/wp\/v2\/types\/product"}],"replies":[{"embeddable":true,"href":"https:\/\/norsan.ch\/fr\/wp-json\/wp\/v2\/comments?post=278270"}],"wp:featuredmedia":[{"embeddable":true,"href":"https:\/\/norsan.ch\/fr\/wp-json\/wp\/v2\/media\/388560"}],"wp:attachment":[{"href":"https:\/\/norsan.ch\/fr\/wp-json\/wp\/v2\/media?parent=278270"}],"wp:term":[{"taxonomy":"product_brand","embeddable":true,"href":"https:\/\/norsan.ch\/fr\/wp-json\/wp\/v2\/product_brand?post=278270"},{"taxonomy":"product_cat","embeddable":true,"href":"https:\/\/norsan.ch\/fr\/wp-json\/wp\/v2\/product_cat?post=278270"},{"taxonomy":"product_tag","embeddable":true,"href":"https:\/\/norsan.ch\/fr\/wp-json\/wp\/v2\/product_tag?post=278270"}],"curies":[{"name":"wp","href":"https:\/\/api.w.org\/{rel}","templated":true}]}}