{"id":278605,"date":"2021-11-29T15:50:29","date_gmt":"2021-11-29T13:50:29","guid":{"rendered":"https:\/\/norsan.ch\/shop\/omega-3-capsules\/"},"modified":"2026-01-29T11:36:39","modified_gmt":"2026-01-29T10:36:39","slug":"omega-3-capsules","status":"publish","type":"product","link":"https:\/\/norsan.ch\/fr\/produkt\/omega-3-capsules\/","title":{"rendered":"Capsules d\u2019huile de poisson Omega-3, 120 pi\u00e8ces"},"content":{"rendered":"\n<div class=\"wp-block-buttons is-vertical is-layout-flex wp-container-core-buttons-is-layout-fe9cc265 wp-block-buttons-is-layout-flex\">\n<div class=\"wp-block-button\"><a class=\"wp-block-button__link has-white-color has-pale-cyan-blue-background-color has-text-color has-background has-link-color wp-element-button\" href=\"#nahrwerte-hinweise\">Valeurs nutritives et conseils<\/a><\/div>\n\n\n\n<div class=\"wp-block-button\"><a class=\"wp-block-button__link has-white-color has-pale-cyan-blue-background-color has-text-color has-background has-link-color wp-element-button\" href=\"#laborzertifikate\">Certificats de laboratoire<\/a><\/div>\n<\/div>\n\n<div style=\"height:29px\" aria-hidden=\"true\" class=\"wp-block-spacer\"><\/div>\n\n<div class=\"wp-block-group\"><div class=\"wp-block-group__inner-container is-layout-flow wp-block-group-is-layout-flow\">\n<div class=\"wp-block-columns has-white-color has-pale-cyan-blue-background-color has-text-color has-background is-layout-flex wp-container-core-columns-is-layout-28f84493 wp-block-columns-is-layout-flex\">\n<div class=\"wp-block-column is-layout-flow wp-block-column-is-layout-flow\">\n<h2 class=\"wp-block-heading has-text-align-center has-white-color has-text-color\" id=\"1-500-mg-omega-3-pro-tagesdosis\"><strong>1500 mg d\u2019om\u00e9ga-3 par dose journali\u00e8re<\/strong><\/h2>\n\n\n\n<hr class=\"wp-block-separator has-text-color has-white-color has-css-opacity has-white-background-color has-background is-style-wide\"\/>\n<\/div>\n\n\n\n<div class=\"wp-block-column is-layout-flow wp-block-column-is-layout-flow\">\n<p class=\"has-white-color has-text-color\">Omega-3 Capsules contient une huile de poisson naturelle riche en om\u00e9ga-3. Une dose journali\u00e8re (4 capsules) apporte 1500 mg d\u2019om\u00e9ga-3 (EPA et DHA). <\/p>\n<\/div>\n\n\n\n<div class=\"wp-block-column is-layout-flow wp-block-column-is-layout-flow\">\n<p class=\"has-white-color has-text-color\">Avec son dosage \u00e9lev\u00e9, Omega-3 Capsules est une bonne alternative \u00e0 l\u2019huile liquide. Les capsules conviendront \u00e0 ceux qui ne veulent pas prendre de l\u2019huile liquide pure ou \u00e0 ceux qui voyagent.<\/p>\n<\/div>\n<\/div>\n<\/div><\/div>\n\n<div style=\"height:29px\" aria-hidden=\"true\" class=\"wp-block-spacer\"><\/div>\n\n<div class=\"wp-block-columns is-layout-flex wp-container-core-columns-is-layout-28f84493 wp-block-columns-is-layout-flex\">\n<div class=\"wp-block-column is-layout-flow wp-block-column-is-layout-flow\" style=\"flex-basis:33.33%\">\n<p><\/p>\n\n\n\n<p><\/p>\n\n\n\n<h2 class=\"wp-block-heading has-text-align-center has-pale-cyan-blue-color has-text-color\" id=\"vkomega-3\"><strong>OMEGA 3 LIQUIDE : RICHE EN ACIDES GRAS EPA &amp; DHA<\/strong><\/h2>\n\n\n\n<p class=\"has-text-align-center\">L\u2019huile de poisson provient d\u2019une p\u00eache sauvage et durable. L\u2019huile de poisson est obtenue directement \u00e0 partir du poisson entier et non comme un sous-produit. Les poissons utilis\u00e9s sont des petits poissons tels que les sardines, les maquereaux et les anchois. La p\u00eache est effectu\u00e9e selon des directives strictes en mati\u00e8re de p\u00eache durable et est certifi\u00e9e par le c\u00e9l\u00e8bre label \u201cFriends Of the Sea\u201d. L\u2019huile de poisson est purifi\u00e9e des polluants et des PCB et contr\u00f4l\u00e9e conform\u00e9ment aux strictes r\u00e9glementations norv\u00e9giennes.<\/p>\n<\/div>\n\n\n\n<div class=\"wp-block-column is-layout-flow wp-block-column-is-layout-flow\" style=\"flex-basis:50%\"><div class=\"wp-block-image is-resized\">\n<figure class=\"aligncenter size-large\"><img fetchpriority=\"high\" decoding=\"async\" width=\"1063\" height=\"532\" src=\"https:\/\/norsan.ch\/wp-content\/uploads\/2021\/10\/NORSAN-Omega3-Natural-fish-oil-vegetable-algae-oil-2000x1125-1-e1638176302234-1063x532.jpg\" alt=\"\" class=\"wp-image-275298\" srcset=\"https:\/\/norsan.ch\/wp-content\/uploads\/2021\/10\/NORSAN-Omega3-Natural-fish-oil-vegetable-algae-oil-2000x1125-1-e1638176302234-1063x532.jpg 1063w, https:\/\/norsan.ch\/wp-content\/uploads\/2021\/10\/NORSAN-Omega3-Natural-fish-oil-vegetable-algae-oil-2000x1125-1-e1638176302234-600x300.jpg 600w, https:\/\/norsan.ch\/wp-content\/uploads\/2021\/10\/NORSAN-Omega3-Natural-fish-oil-vegetable-algae-oil-2000x1125-1-e1638176302234-300x150.jpg 300w, https:\/\/norsan.ch\/wp-content\/uploads\/2021\/10\/NORSAN-Omega3-Natural-fish-oil-vegetable-algae-oil-2000x1125-1-e1638176302234-768x384.jpg 768w, https:\/\/norsan.ch\/wp-content\/uploads\/2021\/10\/NORSAN-Omega3-Natural-fish-oil-vegetable-algae-oil-2000x1125-1-e1638176302234-1536x768.jpg 1536w, https:\/\/norsan.ch\/wp-content\/uploads\/2021\/10\/NORSAN-Omega3-Natural-fish-oil-vegetable-algae-oil-2000x1125-1-e1638176302234.jpg 1600w\" sizes=\"(max-width: 1063px) 100vw, 1063px\" \/><\/figure>\n<\/div><\/div>\n<\/div>\n\n<div class=\"wp-block-columns has-very-light-gray-background-color has-background is-layout-flex wp-container-core-columns-is-layout-28f84493 wp-block-columns-is-layout-flex\">\n<div class=\"wp-block-column is-layout-flow wp-block-column-is-layout-flow\">\n<figure class=\"wp-block-image size-full is-resized\"><img decoding=\"async\" width=\"800\" height=\"600\" src=\"https:\/\/norsan.ch\/wp-content\/uploads\/2021\/11\/Icon-no1-Total-600x800-1.jpg\" alt=\"\" class=\"wp-image-275931\" style=\"width:468px;height:auto\" srcset=\"https:\/\/norsan.ch\/wp-content\/uploads\/2021\/11\/Icon-no1-Total-600x800-1.jpg 800w, https:\/\/norsan.ch\/wp-content\/uploads\/2021\/11\/Icon-no1-Total-600x800-1-600x450.jpg 600w, https:\/\/norsan.ch\/wp-content\/uploads\/2021\/11\/Icon-no1-Total-600x800-1-300x225.jpg 300w, https:\/\/norsan.ch\/wp-content\/uploads\/2021\/11\/Icon-no1-Total-600x800-1-768x576.jpg 768w\" sizes=\"(max-width: 800px) 100vw, 800px\" \/><\/figure>\n<\/div>\n\n\n\n<div class=\"wp-block-column is-layout-flow wp-block-column-is-layout-flow\" style=\"flex-basis:60%\">\n<p>L&rsquo;acide gras om\u00e9ga-3 EPA a la propri\u00e9t\u00e9 particuli\u00e8re de pr\u00e9venir et de dissoudre les inflammations dans notre corps.<\/p>\n\n\n\n<p>Il est important de savoir qu&rsquo;une inflammation dans le corps est une r\u00e9action naturelle \u00e0 un stimulus ext\u00e9rieur tel que l&rsquo;intrusion de bact\u00e9ries. Elle aide le syst\u00e8me immunitaire \u00e0 faire son travail. Une fois que cela est fait, l&rsquo;inflammation peut se r\u00e9sorber. Pour cela, on a besoin de ce que l&rsquo;on appelle des eicosano\u00efdes, et plus pr\u00e9cis\u00e9ment des anti-inflammatoires form\u00e9s \u00e0 partir de l&rsquo;acide gras om\u00e9ga-3 EPA. Un bon apport en EPA est donc essentiel, sinon il ne peut pas \u00eatre r\u00e9gul\u00e9 de mani\u00e8re optimale et, \u00e0 la longue, des inflammations dites \u00ab\u00a0silencieuses\u00a0\u00bb apparaissent dans l&rsquo;organisme.<\/p>\n\n\n\n<p>L&rsquo;huile de poisson contenue dans Omega-3 Premium Swiss Plus est extraite de petits poissons gras tels que les anchois, les maquereaux et les anchois, tous riches en om\u00e9ga-3, notamment en EPA. Si vous voulez la meilleure huile pour votre corps, l&rsquo;huile Premium Swiss Plus est la bonne r\u00e9ponse.<\/p>\n<\/div>\n<\/div>\n\n<div style=\"height:29px\" aria-hidden=\"true\" class=\"wp-block-spacer\"><\/div>\n\n<div class=\"wp-block-group\"><div class=\"wp-block-group__inner-container is-layout-flow wp-block-group-is-layout-flow\">\n<div class=\"wp-block-columns is-layout-flex wp-container-core-columns-is-layout-28f84493 wp-block-columns-is-layout-flex\">\n<div class=\"wp-block-column widthMedium is-layout-flow wp-block-column-is-layout-flow\">\n<h2 class=\"wp-block-heading has-text-align-center has-pale-cyan-blue-color has-text-color\" id=\"sollte-ich-omega-3-kapseln-oder-ol-nehmen\"><strong>OM\u00c9GA-3 : QUE CHOISIR ENTRE HUILE ET CAPSULES ?<\/strong><br\/><\/h2>\n\n\n\n<p class=\"has-text-align-center\">Chez NORSAN, nous sommes convaincus que la nature a tout pr\u00e9vu quant \u00e0 la composition des nutriments et des aliments, et que les aliments naturels et non modifi\u00e9s sont mieux assimil\u00e9s par l\u2019organisme. C\u2019est pour cette raison que l\u2019huile de poisson NORSAN est une huile naturelle et que nous ne lui faisons pas subir de traitement chimique en vue de la concentrer.<\/p>\n\n\n\n<div class=\"wp-block-columns is-layout-flex wp-container-core-columns-is-layout-28f84493 wp-block-columns-is-layout-flex\">\n<div class=\"wp-block-column is-layout-flow wp-block-column-is-layout-flow\" style=\"flex-basis:25%\"><\/div>\n\n\n\n<div class=\"wp-block-column is-layout-flow wp-block-column-is-layout-flow\" style=\"flex-basis:50%\"><\/div>\n\n\n\n<div class=\"wp-block-column is-layout-flow wp-block-column-is-layout-flow\" style=\"flex-basis:25%\"><\/div>\n<\/div>\n<\/div>\n<\/div>\n\n\n\n<div class=\"wp-block-columns is-layout-flex wp-container-core-columns-is-layout-28f84493 wp-block-columns-is-layout-flex\">\n<div class=\"wp-block-column is-layout-flow wp-block-column-is-layout-flow\">\n<p>Le choix entre huile de poisson liquide et capsules d\u2019huile de poisson est une question de pr\u00e9f\u00e9rence personnelle. D\u2019un c\u00f4t\u00e9, les capsules sont plus faciles \u00e0 transporter lorsque l\u2019on voyage et conviennent mieux aux personnes qui n\u2019appr\u00e9cient gu\u00e8re de consommer de l\u2019huile pure. D\u2019un autre c\u00f4t\u00e9, l\u2019huile de poisson liquide est plus pratique \u00e0 int\u00e9grer au quotidien car elle peut \u00eatre ajout\u00e9e aux aliments et son go\u00fbt est si agr\u00e9able qu\u2019elle peut \u00e9galement \u00eatre consomm\u00e9e pure sans la moindre difficult\u00e9. Un autre aspect est la diff\u00e9rence de prix \u2013 les capsules co\u00fbtent plus cher \u00e0 la fabrication en raison de l\u2019\u00e9tape suppl\u00e9mentaire d\u2019encapsulation. Ce co\u00fbt suppl\u00e9mentaire se r\u00e9percute donc sur le prix de vente. Les capsules d\u2019huile de poisson sont donc un peu plus ch\u00e8res que l\u2019huile de poisson liquide. Nous vous recommandons de choisir en fonction de vos go\u00fbts et de vos sensibilit\u00e9s personnelles. Les deux produits constituent une source optimale d\u2019acides gras om\u00e9ga-3 et sont fabriqu\u00e9s \u00e0 partir d\u2019huile de poisson naturelle provenant d\u2019une p\u00eache sauvage et durable.<\/p>\n<\/div>\n\n\n\n<div class=\"wp-block-column is-layout-flow wp-block-column-is-layout-flow\">\n<p>Si vous h\u00e9sitez encore ou si vous souhaitez obtenir de plus amples informations sur nos produits, vous pouvez nous contacter par t\u00e9l\u00e9phone (+41 (0)41 410 30 23) ou nous envoyer un e-mail (info@swissmedicalplus.ch). Nous nous ferons un plaisir de vous renseigner et de vous conseiller.<\/p>\n<\/div>\n<\/div>\n<\/div><\/div>\n\n<div style=\"height:29px\" aria-hidden=\"true\" class=\"wp-block-spacer\"><\/div>\n\n<div class=\"wp-block-columns is-layout-flex wp-container-core-columns-is-layout-28f84493 wp-block-columns-is-layout-flex\" id=\"nahrwerte-hinweise\">\n<div class=\"wp-block-column is-layout-flow wp-block-column-is-layout-flow\">\n<figure class=\"wp-block-image size-full is-resized\"><img decoding=\"async\" width=\"768\" height=\"632\" src=\"https:\/\/norsan.ch\/wp-content\/uploads\/2024\/01\/NORSAN_Naehrwerttabelle_Total-Kapseln_web-768x1024-1-e1614944352379.png\" alt=\"\" class=\"wp-image-332564\" style=\"width:614px;height:auto\"\/><\/figure>\n<\/div>\n\n\n\n<div class=\"wp-block-column is-layout-flow wp-block-column-is-layout-flow\">\n<p class=\"has-pale-cyan-blue-color has-text-color has-link-color has-large-font-size wp-elements-10bc8b66f7b4e452ac769832bc8eb1e9\"><strong>Valeurs nutritionnelles et notes<\/strong><\/p>\n\n\n\n<h3 class=\"wp-block-heading has-pale-cyan-blue-color has-text-color has-link-color has-normal-font-size wp-elements-0e080d1b65b23cf190c877efdb63b733\"><strong>Ingr\u00e9dients<\/strong><\/h3>\n\n\n\n<p class=\"has-normal-font-size\">Huile de poisson naturelle (70,8 %) ; g\u00e9latine ; humectant : glyc\u00e9rol ; huile de citron ; antioxydant : extrait de romarin ; tocoph\u00e9rols mixtes et d-\u03b1-tocoph\u00e9rols.<\/p>\n\n\n\n<h3 class=\"wp-block-heading has-pale-cyan-blue-color has-text-color has-link-color has-normal-font-size wp-elements-ed2bc461eee6bac7061cddce491d776f\"><strong>Prise<\/strong><\/h3>\n\n\n\n<p class=\"has-normal-font-size\">Prendre 4 g\u00e9lules par jour avec un repas.<\/p>\n\n\n\n<h3 class=\"wp-block-heading has-pale-cyan-blue-color has-text-color has-link-color has-normal-font-size wp-elements-bfa2ba1dc7668b697c5c7fd8cbaade92\"><strong>Stockage<\/strong><\/h3>\n\n\n\n<p class=\"has-normal-font-size\">Les produits non ouverts doivent \u00eatre conserv\u00e9s \u00e0 l&rsquo;abri de la lumi\u00e8re directe du soleil et \u00e0 une temp\u00e9rature ambiante ou de cave stable. Le produit doit \u00eatre conserv\u00e9 hors de port\u00e9e des jeunes enfants. Ne pas d\u00e9passer la dose journali\u00e8re recommand\u00e9e.  <\/p>\n<\/div>\n<\/div>\n\n<div style=\"height:35px\" aria-hidden=\"true\" class=\"wp-block-spacer\"><\/div>\n\n<h2 class=\"wp-block-heading has-text-align-center has-pale-cyan-blue-color has-text-color has-link-color has-large-font-size wp-elements-61862428c39f433785f2bd54cfa4ee13\" id=\"laborzertifikate\"><strong>Certificats de laboratoire<\/strong><br\/><\/h2>\n\n<p class=\"has-text-align-center\">Nos huiles NORSAN Omega-3 sont r\u00e9guli\u00e8rement contr\u00f4l\u00e9es par des laboratoires ind\u00e9pendants. Vous trouverez ici toutes les analyses effectu\u00e9es sur les mati\u00e8res premi\u00e8res, les excipients et les m\u00e9taux lourds. <\/p>\n\n<div class=\"wp-block-buttons is-layout-flex wp-block-buttons-is-layout-flex\">\n<div class=\"wp-block-button has-custom-width wp-block-button__width-100\"><a class=\"wp-block-button__link has-very-dark-gray-color has-cyan-bluish-gray-background-color has-text-color has-background has-link-color has-text-align-center wp-element-button\" href=\"https:\/\/norsan.ch\/wp-content\/uploads\/2021\/10\/2023-Zertifikate-Schwermetalluntersuchung_KAPSELN.pdf\">Analyse des m\u00e9taux lourds dans les capsules d&rsquo;huile de poisson NORSAN Omega-3<\/a><\/div>\n\n\n\n<div class=\"wp-block-button has-custom-width wp-block-button__width-100\"><a class=\"wp-block-button__link has-very-dark-gray-color has-cyan-bluish-gray-background-color has-text-color has-background has-link-color has-text-align-center wp-element-button\" href=\"https:\/\/norsan.ch\/wp-content\/uploads\/2021\/10\/Rohwaren_Analyse_Fischoel.pdf\">Analyse des mati\u00e8res premi\u00e8res Huile Premium Swiss Plus<\/a><\/div>\n\n\n\n<div class=\"wp-block-button has-custom-width wp-block-button__width-100\"><a class=\"wp-block-button__link has-very-dark-gray-color has-cyan-bluish-gray-background-color has-text-color has-background has-link-color has-text-align-center wp-element-button\" href=\"https:\/\/norsan.ch\/wp-content\/uploads\/2021\/10\/Zertifikat_Vit_E_Fischoel.pdf\">Analyse des excipients Huile Premium Swiss Plus<\/a><\/div>\n<\/div>\n","protected":false},"excerpt":{"rendered":"<h3><span style=\"color: #005b97;\">Bon pour le c\u0153ur, la vision et le cerveau<\/span><\/h3>\n<ul>\n<li style=\"list-style-type: none;\">\n<ul>\n<li>\u00c0 l\u2019huile de poisson naturelle issue d\u2019une p\u00eache sauvage et durable<\/li>\n<li>1500 mg d\u2019om\u00e9ga-3 par dose journali\u00e8re (4 capsules)<\/li>\n<li>Teneur \u00e9lev\u00e9e en EPA<\/li>\n<li>Sans reflux<\/li>\n<li>D\u00e9barrass\u00e9e des polluants, PCB et m\u00e9taux lourds<\/li>\n<li>Extrait de romarin comme antioxydant<\/li>\n<li>G\u00e9latine bovine<\/li>\n<li>Id\u00e9al en d\u00e9placement ou en voyage<\/li>\n<\/ul>\n<\/li>\n<\/ul>\n<p><strong>L&rsquo;envoi est d\u00e9j\u00e0 gratuit \u00e0 partir de CHF 50.00<\/strong><br \/>D\u00e9lai de livraison 1-3 jours ouvrables<\/p>\n","protected":false},"featured_media":388459,"comment_status":"closed","ping_status":"closed","template":"","meta":{"wds_primary_product_brand":0,"wds_primary_product_cat":0},"product_brand":[],"product_cat":[124,126,127],"product_tag":[104,105,106],"class_list":{"0":"post-278605","1":"product","2":"type-product","3":"status-publish","4":"has-post-thumbnail","6":"product_cat-capsules","7":"product_cat-omega-3-de-lhuile-de-poisson","8":"product_cat-omega-3-premium-swiss-plus-fr","9":"product_tag-bestsellers-fr","10":"product_tag-omega-3-fr","11":"product_tag-rich-in-epa-dha-fr","12":"product_shipping_class-versand","14":"first","15":"instock","16":"taxable","17":"shipping-taxable","18":"purchasable","19":"product-type-simple"},"_links":{"self":[{"href":"https:\/\/norsan.ch\/fr\/wp-json\/wp\/v2\/product\/278605","targetHints":{"allow":["GET"]}}],"collection":[{"href":"https:\/\/norsan.ch\/fr\/wp-json\/wp\/v2\/product"}],"about":[{"href":"https:\/\/norsan.ch\/fr\/wp-json\/wp\/v2\/types\/product"}],"replies":[{"embeddable":true,"href":"https:\/\/norsan.ch\/fr\/wp-json\/wp\/v2\/comments?post=278605"}],"wp:featuredmedia":[{"embeddable":true,"href":"https:\/\/norsan.ch\/fr\/wp-json\/wp\/v2\/media\/388459"}],"wp:attachment":[{"href":"https:\/\/norsan.ch\/fr\/wp-json\/wp\/v2\/media?parent=278605"}],"wp:term":[{"taxonomy":"product_brand","embeddable":true,"href":"https:\/\/norsan.ch\/fr\/wp-json\/wp\/v2\/product_brand?post=278605"},{"taxonomy":"product_cat","embeddable":true,"href":"https:\/\/norsan.ch\/fr\/wp-json\/wp\/v2\/product_cat?post=278605"},{"taxonomy":"product_tag","embeddable":true,"href":"https:\/\/norsan.ch\/fr\/wp-json\/wp\/v2\/product_tag?post=278605"}],"curies":[{"name":"wp","href":"https:\/\/api.w.org\/{rel}","templated":true}]}}