{"id":278610,"date":"2021-12-01T10:49:30","date_gmt":"2021-12-01T08:49:30","guid":{"rendered":"https:\/\/norsan.ch\/shop\/omega-3-arktis\/"},"modified":"2026-03-25T09:06:11","modified_gmt":"2026-03-25T08:06:11","slug":"omega-3-arktis","status":"publish","type":"product","link":"https:\/\/norsan.ch\/fr\/produkt\/omega-3-arktis\/","title":{"rendered":"Huile Om\u00e9ga-3 Arktis 200ml"},"content":{"rendered":"\n<div class=\"wp-block-buttons is-vertical is-layout-flex wp-container-core-buttons-is-layout-fe9cc265 wp-block-buttons-is-layout-flex\">\n<div class=\"wp-block-button\"><a class=\"wp-block-button__link has-white-color has-pale-cyan-blue-background-color has-text-color has-background has-link-color wp-element-button\" href=\"#nahrwerte-hinweise\">Valeurs nutritives et conseils<\/a><\/div>\n\n\n\n<div class=\"wp-block-button\"><a class=\"wp-block-button__link has-white-color has-pale-cyan-blue-background-color has-text-color has-background has-link-color wp-element-button\" href=\"#laborzertifikate\">Certificats de laboratoire<\/a><\/div>\n\n\n\n<div class=\"wp-block-button\"><a class=\"wp-block-button__link has-white-color has-pale-cyan-blue-background-color has-text-color has-background has-link-color wp-element-button\">Conseils d&rsquo;utilisation<\/a><\/div>\n<\/div>\n\n\n\n<div style=\"height:25px\" aria-hidden=\"true\" class=\"wp-block-spacer\"><\/div>\n\n\n\n<div class=\"wp-block-group\"><div class=\"wp-block-group__inner-container is-layout-flow wp-block-group-is-layout-flow\">\n<div class=\"wp-block-columns has-white-color has-vivid-purple-background-color has-text-color has-background is-layout-flex wp-container-core-columns-is-layout-28f84493 wp-block-columns-is-layout-flex\">\n<div class=\"wp-block-column is-layout-flow wp-block-column-is-layout-flow\">\n<h2 class=\"wp-block-heading has-text-align-center has-white-color has-text-color\"><strong>2000 MG D\u2019OM\u00c9GA-3 PAR CUILL\u00c8RE \u00c0 SOUPE<\/strong><\/h2>\n\n\n\n<hr class=\"wp-block-separator has-text-color has-white-color has-css-opacity has-white-background-color has-background is-style-wide\"\/>\n<\/div>\n\n\n\n<div class=\"wp-block-column is-layout-flow wp-block-column-is-layout-flow\">\n<p class=\"has-white-color has-text-color\">Omega-3 Arktis (200 ml) est une huile de foie de morue liquide naturelle et pure provenant d\u2019une p\u00eache sauvage et durable en Arctique. Une dose journali\u00e8re de 10 ml (soit environ 1 cuill\u00e8re \u00e0 soupe) apporte 2000 mg d\u2019acides gras om\u00e9ga-3 (EPA et DHA) mais aussi 800 UI de vitamine D3.<\/p>\n<\/div>\n\n\n\n<div class=\"wp-block-column is-layout-flow wp-block-column-is-layout-flow\">\n<p class=\"has-white-color has-text-color\">Une dose journali\u00e8re de 2 g d\u2019om\u00e9ga-3 est recommand\u00e9e pour r\u00e9guler efficacement un niveau insuffisant d\u2019om\u00e9ga-3 dans l\u2019organisme. Il est possible de conna\u00eetre son niveau d\u2019acides gras om\u00e9ga-3 gr\u00e2ce \u00e0 un test de mesure de l\u2019index om\u00e9ga-3.<\/p>\n<\/div>\n<\/div>\n<\/div><\/div>\n\n\n\n<div style=\"height:25px\" aria-hidden=\"true\" class=\"wp-block-spacer\"><\/div>\n\n\n\n<div class=\"wp-block-group\"><div class=\"wp-block-group__inner-container is-layout-flow wp-block-group-is-layout-flow\">\n<div class=\"wp-block-columns is-layout-flex wp-container-core-columns-is-layout-28f84493 wp-block-columns-is-layout-flex\">\n<div class=\"wp-block-column is-layout-flow wp-block-column-is-layout-flow\">\n<h2 class=\"wp-block-heading has-text-align-center has-vivid-purple-color has-text-color\"><strong>HUILE DE FOIE DE MORUE LIQUIDE NORV\u00c9GIENNE<\/strong><\/h2>\n\n\n\n<p class=\"has-text-align-left\">Le cabillaud de Norv\u00e8ge grandit et vit dans les eaux froides et riches en nutriments de l\u2019Oc\u00e9an Arctique. C\u2019est ce qui lui garantit une qualit\u00e9 sans \u00e9gal. L\u2019huile de foie de morue liquide NORSAN est riche en om\u00e9ga-3. Elle est issue de la p\u00eache sauvage en Arctique.<\/p>\n<\/div>\n<\/div>\n\n\n\n<div class=\"wp-block-columns is-layout-flex wp-container-core-columns-is-layout-28f84493 wp-block-columns-is-layout-flex\">\n<div class=\"wp-block-column is-layout-flow wp-block-column-is-layout-flow\"><div class=\"wp-block-image is-resized\">\n<figure class=\"aligncenter size-full\"><img fetchpriority=\"high\" decoding=\"async\" width=\"800\" height=\"665\" src=\"https:\/\/norsan.ch\/wp-content\/uploads\/2021\/10\/Fanggebiet-Arktis-web-1.jpg\" alt=\"Zone de p\u00eache : Arctique\" class=\"wp-image-275555\" srcset=\"https:\/\/norsan.ch\/wp-content\/uploads\/2021\/10\/Fanggebiet-Arktis-web-1.jpg 800w, https:\/\/norsan.ch\/wp-content\/uploads\/2021\/10\/Fanggebiet-Arktis-web-1-600x499.jpg 600w, https:\/\/norsan.ch\/wp-content\/uploads\/2021\/10\/Fanggebiet-Arktis-web-1-300x249.jpg 300w, https:\/\/norsan.ch\/wp-content\/uploads\/2021\/10\/Fanggebiet-Arktis-web-1-768x638.jpg 768w\" sizes=\"(max-width: 800px) 100vw, 800px\" \/><figcaption class=\"wp-element-caption\"><a href=\"https:\/\/norsan.ch\/fr\/infos-produit\/matieres-premieres\/huile-de-morue\/\">Le poisson p\u00each\u00e9 est transform\u00e9 dans les quelques heures suivant sa prise, ce qui garantit \u00e0 l\u2019huile une grande \u201cfra\u00eecheur\u201d.<\/a><\/figcaption><\/figure>\n<\/div><\/div>\n\n\n\n<div class=\"wp-block-column is-layout-flow wp-block-column-is-layout-flow\" style=\"flex-basis:60%\">\n<p><br><br>L&rsquo;huile de morue NORSAN est obtenue \u00e0 partir de poissons p\u00each\u00e9s \u00e0 l&rsquo;\u00e9tat sauvage sur la c\u00f4te norv\u00e9gienne au nord du cercle polaire. La p\u00eache au cabillaud a une <strong>longue tradition<\/strong> dans cette r\u00e9gion, car c&rsquo;est ici que les cabillauds de l&rsquo;oc\u00e9an Arctique viennent se reproduire. Ces stocks sont soumis \u00e0 des r\u00e8gles particuli\u00e8rement strictes et durables et font l&rsquo;objet de contr\u00f4les r\u00e9guliers. Ces derni\u00e8res ann\u00e9es, la Norv\u00e8ge a pu conclure un accord clair et tr\u00e8s positif avec la Russie, qui a mis en place des instruments de contr\u00f4le permettant d&rsquo;\u00e9liminer pratiquement toutes les p\u00eaches non autoris\u00e9es habituelles d&rsquo;autrefois. Il en r\u00e9sulte des volumes <strong>records de cabillaud dans la mer du Nord<\/strong>. Depuis la Seconde Guerre mondiale, aucun volume sup\u00e9rieur \u00e0 celui des deux derni\u00e8res ann\u00e9es n&rsquo;a \u00e9t\u00e9 mesur\u00e9 par l&rsquo;Agence norv\u00e9gienne des p\u00eaches.<\/p>\n<\/div>\n<\/div>\n<\/div><\/div>\n\n\n\n<div style=\"height:25px\" aria-hidden=\"true\" class=\"wp-block-spacer\"><\/div>\n\n\n\n<div class=\"wp-block-columns is-layout-flex wp-container-core-columns-is-layout-28f84493 wp-block-columns-is-layout-flex\" id=\"nahrwerte-hinweise\">\n<div class=\"wp-block-column is-layout-flow wp-block-column-is-layout-flow\">\n<figure class=\"wp-block-image size-large is-resized\"><img decoding=\"async\" width=\"1063\" height=\"1063\" src=\"https:\/\/norsan.ch\/wp-content\/uploads\/2024\/01\/DE_20201211_NORSAN_Naehrwerttabelle_Artkis_MVD_web-1063x1063.png.jpg\" alt=\"\" class=\"wp-image-332338\" style=\"width:673px;height:auto\" srcset=\"https:\/\/norsan.ch\/wp-content\/uploads\/2024\/01\/DE_20201211_NORSAN_Naehrwerttabelle_Artkis_MVD_web-1063x1063.png.jpg 1063w, https:\/\/norsan.ch\/wp-content\/uploads\/2024\/01\/DE_20201211_NORSAN_Naehrwerttabelle_Artkis_MVD_web-300x300.png.jpg 300w, https:\/\/norsan.ch\/wp-content\/uploads\/2024\/01\/DE_20201211_NORSAN_Naehrwerttabelle_Artkis_MVD_web-600x600.png.jpg 600w, https:\/\/norsan.ch\/wp-content\/uploads\/2024\/01\/DE_20201211_NORSAN_Naehrwerttabelle_Artkis_MVD_web-150x150.png.jpg 150w, https:\/\/norsan.ch\/wp-content\/uploads\/2024\/01\/DE_20201211_NORSAN_Naehrwerttabelle_Artkis_MVD_web-768x768.png.jpg 768w, https:\/\/norsan.ch\/wp-content\/uploads\/2024\/01\/DE_20201211_NORSAN_Naehrwerttabelle_Artkis_MVD_web-1600x1600.png.jpg 1600w, https:\/\/norsan.ch\/wp-content\/uploads\/2024\/01\/DE_20201211_NORSAN_Naehrwerttabelle_Artkis_MVD_web-75x75.png.jpg 75w\" sizes=\"(max-width: 1063px) 100vw, 1063px\" \/><\/figure>\n<\/div>\n\n\n\n<div class=\"wp-block-column is-layout-flow wp-block-column-is-layout-flow\">\n<p class=\"has-vivid-purple-color has-text-color has-link-color has-large-font-size wp-elements-3ab7c1e22d8015980dfc45af2d49e893\"><strong>Valeurs nutritionnelles et notes<\/strong><\/p>\n\n\n\n<h3 class=\"wp-block-heading has-vivid-purple-color has-text-color has-link-color has-normal-font-size wp-elements-7897cde32a077d60d916e236e719c61e\"><strong>Ingr\u00e9dients<\/strong><\/h3>\n\n\n\n<p class=\"has-normal-font-size\">Huile naturelle de morue, huile de citron, tocoph\u00e9rols mixtes et d-\u03b1, chol\u00e9calcif\u00e9rol<\/p>\n\n\n\n<h3 class=\"wp-block-heading has-vivid-purple-color has-text-color has-link-color has-normal-font-size wp-elements-3aeabcaeb7ce42a51add5e05faf47b4c\"><strong>Prise<\/strong><\/h3>\n\n\n\n<p class=\"has-normal-font-size\">La dose quotidienne recommand\u00e9e est de 10 ml, ce qui correspond \u00e0 environ une cuill\u00e8re \u00e0 soupe. Ne pas d\u00e9passer la dose journali\u00e8re recommand\u00e9e, sauf avis contraire de votre m\u00e9decin. <\/p>\n\n\n\n<h3 class=\"wp-block-heading has-vivid-purple-color has-text-color has-link-color has-normal-font-size wp-elements-af455438a110a1f78064a7ceda45d81d\"><strong>Stockage<\/strong><\/h3>\n\n\n\n<p class=\"has-normal-font-size\">Les produits non ouverts ne doivent pas \u00eatre expos\u00e9s \u00e0 la lumi\u00e8re directe du soleil et doivent \u00eatre stock\u00e9s dans un endroit frais et sec. Veuillez noter que des cristaux peuvent se former \u00e0 des temp\u00e9ratures inf\u00e9rieures \u00e0 4 degr\u00e9s Celsius. Ceux-ci se dissolvent \u00e0 temp\u00e9rature ambiante au bout de quelques minutes. Il est recommand\u00e9 d&rsquo;agiter bri\u00e8vement la bouteille avant de la consommer. Le produit doit \u00eatre conserv\u00e9 hors de port\u00e9e des jeunes enfants. Une fois ouverte, la bouteille doit \u00eatre consomm\u00e9e dans les 45 jours et conserv\u00e9e au r\u00e9frig\u00e9rateur.      Les compl\u00e9ments alimentaires ne peuvent se substituer \u00e0 une alimentation vari\u00e9e et \u00e9quilibr\u00e9e et \u00e0 un mode de vie sain.<\/p>\n<\/div>\n<\/div>\n\n\n\n<div style=\"height:25px\" aria-hidden=\"true\" class=\"wp-block-spacer\"><\/div>\n\n\n\n<h2 class=\"wp-block-heading has-text-align-center has-vivid-purple-color has-text-color has-link-color has-large-font-size wp-elements-c87f9d2cdb4bf6b700b059976a366701\" id=\"laborzertifikate\"><strong>Certificats de laboratoire<\/strong><br><\/h2>\n\n\n\n<p class=\"has-text-align-center\">Nos huiles NORSAN Omega-3 sont r\u00e9guli\u00e8rement contr\u00f4l\u00e9es par des laboratoires ind\u00e9pendants. Vous trouverez ici toutes les analyses effectu\u00e9es sur les mati\u00e8res premi\u00e8res, les excipients et les m\u00e9taux lourds. <\/p>\n\n\n\n<div class=\"wp-block-buttons is-layout-flex wp-block-buttons-is-layout-flex\">\n<div class=\"wp-block-button has-custom-width wp-block-button__width-100\"><a class=\"wp-block-button__link has-very-dark-gray-color has-cyan-bluish-gray-background-color has-text-color has-background has-link-color has-text-align-center wp-element-button\" href=\"https:\/\/norsan.ch\/wp-content\/uploads\/2021\/10\/2023-Zertifikate-Schwermetalluntersuchung_ARKTIS.pdf\">Analyse des m\u00e9taux lourds dans l&rsquo;huile NORSAN Omega-3 Arktis<\/a><\/div>\n\n\n\n<div class=\"wp-block-button has-custom-width wp-block-button__width-100\"><a class=\"wp-block-button__link has-very-dark-gray-color has-cyan-bluish-gray-background-color has-text-color has-background has-link-color has-text-align-center wp-element-button\" href=\"https:\/\/norsan.ch\/wp-content\/uploads\/2021\/10\/Rohwaren_Analyse_Dorschoel.pdf\">Analyse des mati\u00e8res premi\u00e8res de l&rsquo;huile Arktis<\/a><\/div>\n\n\n\n<div class=\"wp-block-button has-custom-width wp-block-button__width-100\"><a class=\"wp-block-button__link has-very-dark-gray-color has-cyan-bluish-gray-background-color has-text-color has-background has-link-color has-text-align-center wp-element-button\" href=\"https:\/\/norsan.ch\/wp-content\/uploads\/2021\/10\/DE_20231218_Zertifikat_Vit_E_Fischoel_Arktis.pdf\">Analyse des excipients de l&rsquo;huile Arktis<\/a><\/div>\n<\/div>\n\n\n\n<div style=\"height:25px\" aria-hidden=\"true\" class=\"wp-block-spacer\"><\/div>\n\n\n\n<div id=\"anwendung\" class=\"wp-block-group has-vivid-purple-background-color has-background\"><div class=\"wp-block-group__inner-container is-layout-flow wp-block-group-is-layout-flow\">\n<div class=\"wp-block-columns is-layout-flex wp-container-core-columns-is-layout-28f84493 wp-block-columns-is-layout-flex\">\n<div class=\"wp-block-column widthMedium is-layout-flow wp-block-column-is-layout-flow\">\n<h2 class=\"wp-block-heading has-text-align-center has-white-color has-text-color\"><strong>Facile \u00e0 utiliser au quotidien<\/strong><\/h2>\n\n\n\n<p class=\"has-text-align-left has-white-color has-text-color has-link-color wp-elements-2eb8b0df9e567359f764614a09ac0f9e\">Gr\u00e2ce \u00e0 notre processus de traitement unique et minutieux, nous garantissons une qualit\u00e9 et une fra\u00eecheur exceptionnelles \u00e0 nos produits NORSAN. La fra\u00eecheur de l&rsquo;huile est absolument n\u00e9cessaire pour garantir un go\u00fbt et une odeur agr\u00e9ables. Quelques gouttes d&rsquo;huile de citron naturelle ajoutent une touche suppl\u00e9mentaire au go\u00fbt agr\u00e9able.  <\/p>\n<\/div>\n<\/div>\n\n\n\n<div class=\"wp-block-columns is-layout-flex wp-container-core-columns-is-layout-28f84493 wp-block-columns-is-layout-flex\">\n<div class=\"wp-block-column is-layout-flow wp-block-column-is-layout-flow\">\n<p class=\"has-white-color has-text-color has-link-color has-normal-font-size wp-elements-c21f6707f165af75844159f98817bab5\">L&rsquo;huile Arktis NORSAN a un go\u00fbt agr\u00e9able et une cuill\u00e8re \u00e0 soupe avec n&rsquo;importe quel repas peut \u00eatre facilement int\u00e9gr\u00e9e dans la routine quotidienne. L&rsquo;ingestion n&rsquo;entra\u00eene pas de reflux ni d&rsquo;\u00e9ructations d\u00e9sagr\u00e9ables. L&rsquo;huile de morue fra\u00eeche (\u00e0 faible degr\u00e9 d&rsquo;oxydation) a une bonne odeur et un go\u00fbt agr\u00e9able. L&rsquo;huile om\u00e9ga-3 Arktis est particuli\u00e8rement fra\u00eeche, ce qui la rend facile \u00e0 manger et \u00e0 dig\u00e9rer.   <\/p>\n<\/div>\n\n\n\n<div class=\"wp-block-column is-layout-flow wp-block-column-is-layout-flow\">\n<p class=\"has-white-color has-text-color has-link-color has-normal-font-size wp-elements-d17b9156935bc4518b07e1af5d407916\">Astuce : au lieu de prendre l&rsquo;huile \u00ab\u00a0pure\u00a0\u00bb, elle peut tr\u00e8s bien \u00eatre utilis\u00e9e dans un smoothie ou comme nappage dans une salade ou d&rsquo;autres plats froids.<\/p>\n<\/div>\n\n\n\n<div class=\"wp-block-column is-layout-flow wp-block-column-is-layout-flow\"><div class=\"wp-block-image is-style-rounded\">\n<figure class=\"aligncenter size-medium is-resized\"><img decoding=\"async\" width=\"300\" height=\"285\" src=\"https:\/\/norsan.ch\/wp-content\/uploads\/2021\/10\/Fotolia_101137433_Subscription_Monthly_XXL_Loeffel-min-300x285.png\" alt=\"\" class=\"wp-image-276053\" style=\"aspect-ratio:1;width:172px;height:auto\" srcset=\"https:\/\/norsan.ch\/wp-content\/uploads\/2021\/10\/Fotolia_101137433_Subscription_Monthly_XXL_Loeffel-min-300x285.png 300w, https:\/\/norsan.ch\/wp-content\/uploads\/2021\/10\/Fotolia_101137433_Subscription_Monthly_XXL_Loeffel-min-768x730.png 768w, https:\/\/norsan.ch\/wp-content\/uploads\/2021\/10\/Fotolia_101137433_Subscription_Monthly_XXL_Loeffel-min-600x570.png 600w, https:\/\/norsan.ch\/wp-content\/uploads\/2021\/10\/Fotolia_101137433_Subscription_Monthly_XXL_Loeffel-min-100x95.png 100w, https:\/\/norsan.ch\/wp-content\/uploads\/2021\/10\/Fotolia_101137433_Subscription_Monthly_XXL_Loeffel-min.png 830w\" sizes=\"(max-width: 300px) 100vw, 300px\" \/><\/figure>\n<\/div>\n\n\n<p class=\"has-text-align-center has-white-color has-text-color has-link-color wp-elements-df21472717fa54673f9b6d4044e7434c\"><a href=\"https:\/\/norsan.ch\/fr\/infos-produit\/recettes\/\">Vous trouverez ici des recettes simples \u00e0 base d&rsquo;om\u00e9ga-3.<\/a><\/p>\n<\/div>\n<\/div>\n<\/div><\/div>\n\n\n\n<div style=\"height:25px\" aria-hidden=\"true\" class=\"wp-block-spacer\"><\/div>\n\n\n\n<div class=\"wp-block-columns has-very-light-gray-background-color has-background is-layout-flex wp-container-core-columns-is-layout-28f84493 wp-block-columns-is-layout-flex\">\n<div class=\"wp-block-column is-layout-flow wp-block-column-is-layout-flow\" style=\"flex-basis:66.66%\">\n<h2 class=\"wp-block-heading has-vivid-purple-color has-text-color\"><strong>Huile de morue naturelle<\/strong><\/h2>\n\n\n\n<p>Notre huile de foie de morue naturelle de Norv\u00e8ge du Nord se compose d\u2019un complexe de plus de 50 acides gras. Et bien s\u00fbr aussi des acides gras om\u00e9ga-3 EPA et DHA. Cette structure naturelle d\u2019acides gras du poisson est pr\u00e9serv\u00e9e au cours du processus d\u2019extraction et de purification, ce qui permet une assimilation optimale par l\u2019organisme. La consommation de l\u2019huile om\u00e9ga-3 naturelle et non concentr\u00e9e procure les m\u00eames bienfaits que la consommation de poisson.<\/p>\n<\/div>\n\n\n\n<div class=\"wp-block-column is-layout-flow wp-block-column-is-layout-flow\" style=\"flex-basis:33.33%\">\n<figure class=\"wp-block-image size-full\"><img loading=\"lazy\" decoding=\"async\" width=\"800\" height=\"600\" src=\"https:\/\/norsan.ch\/wp-content\/uploads\/2021\/11\/Icon-no2-Arktis-600x800-1.jpg\" alt=\"\" class=\"wp-image-275964\" srcset=\"https:\/\/norsan.ch\/wp-content\/uploads\/2021\/11\/Icon-no2-Arktis-600x800-1.jpg 800w, https:\/\/norsan.ch\/wp-content\/uploads\/2021\/11\/Icon-no2-Arktis-600x800-1-600x450.jpg 600w, https:\/\/norsan.ch\/wp-content\/uploads\/2021\/11\/Icon-no2-Arktis-600x800-1-300x225.jpg 300w, https:\/\/norsan.ch\/wp-content\/uploads\/2021\/11\/Icon-no2-Arktis-600x800-1-768x576.jpg 768w\" sizes=\"(max-width: 800px) 100vw, 800px\" \/><\/figure>\n<\/div>\n<\/div>\n\n\n\n<div style=\"height:25px\" aria-hidden=\"true\" class=\"wp-block-spacer\"><\/div>\n\n\n\n<div class=\"wp-block-columns is-layout-flex wp-container-core-columns-is-layout-28f84493 wp-block-columns-is-layout-flex\">\n<div class=\"wp-block-column is-layout-flow wp-block-column-is-layout-flow\">\n<figure class=\"wp-block-image size-large\"><img loading=\"lazy\" decoding=\"async\" width=\"1063\" height=\"752\" src=\"https:\/\/norsan.ch\/wp-content\/uploads\/2021\/11\/Oxidationswerte-Arktis-1063x752.jpg\" alt=\"\" class=\"wp-image-276123\" srcset=\"https:\/\/norsan.ch\/wp-content\/uploads\/2021\/11\/Oxidationswerte-Arktis-1063x752.jpg 1063w, https:\/\/norsan.ch\/wp-content\/uploads\/2021\/11\/Oxidationswerte-Arktis-600x424.jpg 600w, https:\/\/norsan.ch\/wp-content\/uploads\/2021\/11\/Oxidationswerte-Arktis-300x212.jpg 300w, https:\/\/norsan.ch\/wp-content\/uploads\/2021\/11\/Oxidationswerte-Arktis-768x543.jpg 768w, https:\/\/norsan.ch\/wp-content\/uploads\/2021\/11\/Oxidationswerte-Arktis.jpg 1113w\" sizes=\"(max-width: 1063px) 100vw, 1063px\" \/><\/figure>\n<\/div>\n\n\n\n<div class=\"wp-block-column is-layout-flow wp-block-column-is-layout-flow\" style=\"flex-basis:60%\">\n<h4 class=\"wp-block-heading has-vivid-purple-color has-text-color\"><strong>Nettoyage en profondeur = puret\u00e9 exceptionnelle<\/strong><\/h4>\n\n\n\n<p>Nous nous appuyons sur un site de production des plus modernes, pour d\u00e9barrasser l\u2019huile efficacement des polluants, des PCB et des m\u00e9taux lourds. Gr\u00e2ce au proc\u00e9d\u00e9 de nettoyage employ\u00e9, la structure des acides gras est pr\u00e9serv\u00e9e, de sorte que l\u2019huile finie se distingue par sa grande fra\u00eecheur. Cette fra\u00eecheur se traduit par un go\u00fbt agr\u00e9able et une bonne tol\u00e9rance. L\u2019indice d\u2019oxydation total (TOTOX) de l\u2019huile se situe entre 2 et 5. Ce faible indice t\u00e9moigne de la qualit\u00e9 des mati\u00e8res premi\u00e8res et du processus de raffinage. Pour vous convaincre de la fra\u00eecheur et de la qualit\u00e9 sup\u00e9rieure de l\u2019huile, il vous suffit de la sentir et de la go\u00fbter. L\u2019odeur et le go\u00fbt sont de bons indicateurs de la qualit\u00e9 des huiles om\u00e9ga-3, comme c\u2019est le cas pour tout autre aliment.<\/p>\n<\/div>\n<\/div>\n","protected":false},"excerpt":{"rendered":"<h3 class=\"has-vivid-purple-color has-text-color\" style=\"text-align: left;\"><span style=\"color: #5f99bf;\">Bon pour le c\u0153ur, la vision et le cerveau<\/span><\/h3>\n<ul style=\"text-align: left;\">\n<li>Huile de foie de morue 100% naturelle issue d\u2019une p\u00eache sauvage et durable en Arctique<\/li>\n<li>2000 mg d\u2019om\u00e9ga-3 par dose journali\u00e8re (8 ml = 1 c. \u00e0 s.)<\/li>\n<li>DHA : 1060 mg et EPA : 700 mg<\/li>\n<li>Saveur agr\u00e9able de citron<\/li>\n<li>D\u00e9barrass\u00e9e des polluants, PCB et m\u00e9taux lourds<\/li>\n<\/ul>\n<p style=\"text-align: left;\"><strong>L&rsquo;envoi est d\u00e9j\u00e0 gratuit \u00e0 partir de CHF 50.00<\/strong><br \/>D\u00e9lai de livraison 1-3 jours ouvrables<\/p>\n","protected":false},"featured_media":388548,"comment_status":"closed","ping_status":"closed","template":"","meta":{"wds_primary_product_brand":0,"wds_primary_product_cat":0},"product_brand":[],"product_cat":[130,131],"product_tag":[104,105,106],"class_list":{"0":"post-278610","1":"product","2":"type-product","3":"status-publish","4":"has-post-thumbnail","6":"product_cat-omega-3-arktis-fr","7":"product_cat-omega-3-de-lhuile-de-morue","8":"product_tag-bestsellers-fr","9":"product_tag-omega-3-fr","10":"product_tag-rich-in-epa-dha-fr","11":"product_shipping_class-versand","13":"first","14":"instock","15":"taxable","16":"shipping-taxable","17":"purchasable","18":"product-type-simple"},"_links":{"self":[{"href":"https:\/\/norsan.ch\/fr\/wp-json\/wp\/v2\/product\/278610","targetHints":{"allow":["GET"]}}],"collection":[{"href":"https:\/\/norsan.ch\/fr\/wp-json\/wp\/v2\/product"}],"about":[{"href":"https:\/\/norsan.ch\/fr\/wp-json\/wp\/v2\/types\/product"}],"replies":[{"embeddable":true,"href":"https:\/\/norsan.ch\/fr\/wp-json\/wp\/v2\/comments?post=278610"}],"wp:featuredmedia":[{"embeddable":true,"href":"https:\/\/norsan.ch\/fr\/wp-json\/wp\/v2\/media\/388548"}],"wp:attachment":[{"href":"https:\/\/norsan.ch\/fr\/wp-json\/wp\/v2\/media?parent=278610"}],"wp:term":[{"taxonomy":"product_brand","embeddable":true,"href":"https:\/\/norsan.ch\/fr\/wp-json\/wp\/v2\/product_brand?post=278610"},{"taxonomy":"product_cat","embeddable":true,"href":"https:\/\/norsan.ch\/fr\/wp-json\/wp\/v2\/product_cat?post=278610"},{"taxonomy":"product_tag","embeddable":true,"href":"https:\/\/norsan.ch\/fr\/wp-json\/wp\/v2\/product_tag?post=278610"}],"curies":[{"name":"wp","href":"https:\/\/api.w.org\/{rel}","templated":true}]}}