{"id":366711,"date":"2024-04-04T15:44:00","date_gmt":"2024-04-04T13:44:00","guid":{"rendered":"https:\/\/norsan.ch\/shop\/huile-alga-vegetalienne-omega-3\/"},"modified":"2025-07-15T14:07:23","modified_gmt":"2025-07-15T12:07:23","slug":"huile-alga-vegetalienne-omega-3","status":"publish","type":"product","link":"https:\/\/norsan.ch\/fr\/produkt\/huile-alga-vegetalienne-omega-3\/","title":{"rendered":"Huile ALGA v\u00e9g\u00e9talienne Om\u00e9ga-3"},"content":{"rendered":"\n<div class=\"wp-block-buttons is-vertical is-layout-flex wp-container-core-buttons-is-layout-fe9cc265 wp-block-buttons-is-layout-flex\">\n<div class=\"wp-block-button\"><a class=\"wp-block-button__link has-white-color has-pale-cyan-blue-background-color has-text-color has-background has-link-color wp-element-button\" href=\"#nahrwerte-hinweise\">Valeurs nutritives et conseils<\/a><\/div>\n\n\n\n<div class=\"wp-block-button\"><a class=\"wp-block-button__link has-white-color has-pale-cyan-blue-background-color has-text-color has-background has-link-color wp-element-button\" href=\"#laborzertifikate\">Certificats de laboratoire<\/a><\/div>\n<\/div>\n\n<div style=\"height:28px\" aria-hidden=\"true\" class=\"wp-block-spacer\"><\/div>\n\n<div style=\"height:28px\" aria-hidden=\"true\" class=\"wp-block-spacer\"><\/div>\n\n<div class=\"wp-block-columns has-white-color has-text-color has-background is-layout-flex wp-container-core-columns-is-layout-28f84493 wp-block-columns-is-layout-flex\" style=\"background-color:#98ca8b\">\n<div class=\"wp-block-column is-layout-flow wp-block-column-is-layout-flow\">\n<h2 class=\"wp-block-heading has-text-align-center has-white-color has-text-color has-medium-font-size\"><strong><strong>OM\u00c9GA-3 \u00c0 BASE DE PLANTES POUR LES ENFANTS<\/strong><\/strong><br\/><strong>100 % v\u00e9g\u00e9talien &amp; facile \u00e0 doser &#8211; gr\u00e2ce \u00e0 une cuill\u00e8re de dosage adapt\u00e9e aux enfants<\/strong><\/h2>\n\n\n\n<hr class=\"wp-block-separator has-text-color has-white-color has-css-opacity has-white-background-color has-background is-style-wide\"\/>\n<\/div>\n\n\n\n<div class=\"wp-block-column is-layout-flow wp-block-column-is-layout-flow\">\n<p class=\"has-white-color has-text-color\">NORSAN Omega-3 KIDS Vegan contient une huile d&rsquo;algue v\u00e9g\u00e9tale riche en acide gras om\u00e9ga-3 marin DHA. Elle a \u00e9t\u00e9 sp\u00e9cialement adapt\u00e9e aux besoins des enfants et est facile \u00e0 doser gr\u00e2ce \u00e0 la cuill\u00e8re de dosage adapt\u00e9e aux enfants. La dose journali\u00e8re recommand\u00e9e (par exemple 2,5 ml pour 35 kg) contient 1.000 mg d&rsquo;om\u00e9ga-3.  <\/p>\n<\/div>\n\n\n\n<div class=\"wp-block-column is-layout-flow wp-block-column-is-layout-flow\">\n<p class=\"has-white-color has-text-color\">Il est prouv\u00e9 que les om\u00e9ga-3 ont un effet positif sur le cerveau, les yeux et le c\u0153ur. La consommation d&rsquo;om\u00e9ga-3, par la m\u00e8re pendant la grossesse et l&rsquo;allaitement ou via les pr\u00e9parations de suite, a un effet positif sur le d\u00e9veloppement normal du cerveau et de la vision du nourrisson. Notre cerveau \u00e0 lui seul est compos\u00e9 \u00e0 60 % de graisses &#8211; dont l&rsquo;acide gras om\u00e9ga-3 DHA repr\u00e9sente presque 20 %. Un apport suffisant en om\u00e9ga-3 constitue la base d&rsquo;un bon d\u00e9veloppement cognitif &#8211; Brainfood pour les tout-petits.   <\/p>\n<\/div>\n<\/div>\n\n<div style=\"height:28px\" aria-hidden=\"true\" class=\"wp-block-spacer\"><\/div>\n\n<h3 class=\"wp-block-heading has-text-align-center has-text-color has-link-color has-large-font-size wp-elements-b41317f9c53176eec02b5bc26883d6f9\" style=\"color:#98ca8b\"><strong>OM\u00c9GA-3 : BRAINFOOD POUR LES PLUS PETITS<\/strong><\/h3>\n\n<p class=\"has-text-align-center\">Les capacit\u00e9s intellectuelles, motrices et visuelles se d\u00e9veloppent de mani\u00e8re rapide et continue, en particulier au cours des jeunes ann\u00e9es. Il est donc d&rsquo;autant plus important de soutenir au mieux les enfants dans ce processus et de leur fournir les nutriments essentiels. <\/p>\n\n<p class=\"has-text-align-center\">Outre les om\u00e9ga-3, notre Omega-3 KIDS Vegan contient \u00e9galement de la vitamine D v\u00e9g\u00e9talienne. Celle-ci contribue en outre au fonctionnement normal des os, des muscles, des dents et du syst\u00e8me immunitaire.<\/p>\n\n<div style=\"height:28px\" aria-hidden=\"true\" class=\"wp-block-spacer\"><\/div>\n\n<div class=\"wp-block-group has-background\" style=\"background-color:#98ca8b\"><div class=\"wp-block-group__inner-container is-layout-flow wp-block-group-is-layout-flow\">\n<div class=\"wp-block-columns is-layout-flex wp-container-core-columns-is-layout-28f84493 wp-block-columns-is-layout-flex\">\n<div class=\"wp-block-column is-layout-flow wp-block-column-is-layout-flow\"><div class=\"wp-block-image is-resized\">\n<figure class=\"aligncenter size-full\"><img fetchpriority=\"high\" decoding=\"async\" width=\"480\" height=\"480\" src=\"https:\/\/norsan.ch\/wp-content\/uploads\/2021\/10\/norsan-omega3-vegan-480.jpg\" alt=\"vegan vert algues nature om&#xE9;ga-3\" class=\"wp-image-274648\" style=\"width:327px;height:auto\" srcset=\"https:\/\/norsan.ch\/wp-content\/uploads\/2021\/10\/norsan-omega3-vegan-480.jpg 480w, https:\/\/norsan.ch\/wp-content\/uploads\/2021\/10\/norsan-omega3-vegan-480-300x300.jpg 300w, https:\/\/norsan.ch\/wp-content\/uploads\/2021\/10\/norsan-omega3-vegan-480-100x100.jpg 100w, https:\/\/norsan.ch\/wp-content\/uploads\/2021\/10\/norsan-omega3-vegan-480-150x150.jpg 150w\" sizes=\"(max-width: 480px) 100vw, 480px\" \/><\/figure>\n<\/div><\/div>\n\n\n\n<div class=\"wp-block-column is-layout-flow wp-block-column-is-layout-flow\">\n<p class=\"has-white-color has-text-color has-link-color wp-elements-2614b76850d38d6bb3d63e04f36fb330\">La haute qualit\u00e9 et la fra\u00eecheur des mati\u00e8res premi\u00e8res garantissent le bon go\u00fbt de nos huiles. La base de l&rsquo;huile d&rsquo;algue riche en DHA est, comme pour notre NORSAN Omega-3 Vegan,<strong> la microalgue marine Schizochytrium sp.<\/strong> Contrairement \u00e0 notre huile d&rsquo;algue v\u00e9g\u00e9talienne classique, la culture de l&rsquo;huile d&rsquo;algue DHA s&rsquo;est concentr\u00e9e sur un seul acide gras om\u00e9ga-3, \u00e0 savoir le DHA. Nous avons sp\u00e9cialement s\u00e9lectionn\u00e9 l&rsquo;huile d&rsquo;algue DHA pour notre huile v\u00e9g\u00e9talienne om\u00e9ga-3 pour enfants, afin de r\u00e9pondre aux besoins sp\u00e9cifiques des plus jeunes en mati\u00e8re de d\u00e9veloppement et de croissance.La qualit\u00e9 et la fra\u00eecheur des mati\u00e8res premi\u00e8res garantissent le bon go\u00fbt de nos huiles. Le go\u00fbt de l&rsquo;huile Om\u00e9ga-3 FISK est compl\u00e9t\u00e9 par une note fruit\u00e9e gr\u00e2ce \u00e0 l&rsquo;huile d&rsquo;orange naturelle, extraite de la chair de l&rsquo;orange.    <\/p>\n<\/div>\n\n\n\n<div class=\"wp-block-column is-layout-flow wp-block-column-is-layout-flow\">\n<p class=\"has-white-color has-text-color has-link-color wp-elements-4994724471f2464846096ec9448e8636\"><strong>Le processus de fabrication est durable, exempt de substances nocives telles qu&rsquo;on les trouve dans les oc\u00e9ans et respectueux de l&rsquo;environnement. <\/strong><br\/><a href=\"https:\/\/norsan.ch\/fr\/infos-produit\/matieres-premieres\/huile-dalgues\/\" target=\"_blank\" rel=\"noreferrer noopener\">Apprenez-en plus<\/a> sur le processus de production de nos huiles d&rsquo;algues v\u00e9g\u00e9taliennes ici. Nos huiles om\u00e9ga-3 sont naturellement fortement dos\u00e9es en om\u00e9ga-3 &#8211; sans concentr\u00e9s artificiels. <\/p>\n<\/div>\n<\/div>\n<\/div><\/div>\n<div class=\"wp-block-image\">\n<figure class=\"aligncenter size-large is-resized\"><img decoding=\"async\" width=\"1063\" height=\"1063\" src=\"https:\/\/norsan.ch\/wp-content\/uploads\/2024\/04\/Kids-brain-vegan-1063x1063.webp.jpg\" alt=\"\" class=\"wp-image-350063\" style=\"width:578px;height:auto\" srcset=\"https:\/\/norsan.ch\/wp-content\/uploads\/2024\/04\/Kids-brain-vegan-1063x1063.webp.jpg 1063w, https:\/\/norsan.ch\/wp-content\/uploads\/2024\/04\/Kids-brain-vegan-300x300.webp.jpg 300w, https:\/\/norsan.ch\/wp-content\/uploads\/2024\/04\/Kids-brain-vegan-600x600.webp.jpg 600w, https:\/\/norsan.ch\/wp-content\/uploads\/2024\/04\/Kids-brain-vegan-150x150.webp.jpg 150w, https:\/\/norsan.ch\/wp-content\/uploads\/2024\/04\/Kids-brain-vegan-768x768.webp.jpg 768w, https:\/\/norsan.ch\/wp-content\/uploads\/2024\/04\/Kids-brain-vegan-1600x1600.webp.jpg 1600w, https:\/\/norsan.ch\/wp-content\/uploads\/2024\/04\/Kids-brain-vegan-75x75.webp.jpg 75w\" sizes=\"(max-width: 1063px) 100vw, 1063px\" \/><\/figure>\n<\/div>\n<div class=\"wp-block-spacer\" style=\"height: 28px;\" aria-hidden=\"true\">\u00a0<\/div>\n\n<div id=\"dosierungkinder\" class=\"wp-block-group has-background\" style=\"background-color:#98ca8b\"><div class=\"wp-block-group__inner-container is-layout-flow wp-block-group-is-layout-flow\">\n<div class=\"wp-block-columns is-layout-flex wp-container-core-columns-is-layout-28f84493 wp-block-columns-is-layout-flex\">\n<div class=\"wp-block-column is-layout-flow wp-block-column-is-layout-flow\">\n<h2 class=\"wp-block-heading has-text-align-center has-white-color has-text-color\"><strong>Recommandation de dosage<\/strong><\/h2>\n<\/div>\n<\/div>\n\n\n\n<div class=\"wp-block-columns is-layout-flex wp-container-core-columns-is-layout-28f84493 wp-block-columns-is-layout-flex\">\n<div class=\"wp-block-column is-layout-flow wp-block-column-is-layout-flow\">\n<p class=\"has-white-color has-text-color has-link-color wp-elements-d12c4df992349e5609980c3d402ea6b8\"><strong>Jusqu&rsquo;\u00e0 17 kg : <\/strong><br\/>&#8211; 1.0 ml d&rsquo;huile d&rsquo;ALGA par jour<\/p>\n<\/div>\n\n\n\n<div class=\"wp-block-column is-layout-flow wp-block-column-is-layout-flow\">\n<p class=\"has-white-color has-text-color has-link-color wp-elements-dfeeba663ccadcd7059b1ce1ed7c976f\"><strong>Jusqu&rsquo;\u00e0 26 kg :<\/strong><br\/>&#8211; 1,5 ml d&rsquo;huile d&rsquo;ALGA par jour<\/p>\n<\/div>\n\n\n\n<div class=\"wp-block-column is-layout-flow wp-block-column-is-layout-flow\">\n<p class=\"has-white-color has-text-color has-link-color wp-elements-eb9a0b70440564eff1f0307e72017552\"><strong>Jusqu&rsquo;\u00e0 35 kg :<\/strong><br\/>&#8211; 2.0 ml d&rsquo;huile d&rsquo;ALGA par jour<br\/><br\/><\/p>\n<\/div>\n<\/div>\n<\/div><\/div>\n\n<div style=\"height:28px\" aria-hidden=\"true\" class=\"wp-block-spacer\"><\/div>\n\n<div class=\"wp-block-columns is-layout-flex wp-container-core-columns-is-layout-28f84493 wp-block-columns-is-layout-flex\" id=\"nahrwerte-hinweise\">\n<div class=\"wp-block-column is-layout-flow wp-block-column-is-layout-flow\">\n<figure class=\"wp-block-image size-large is-resized\"><img decoding=\"async\" width=\"1063\" height=\"1063\" src=\"https:\/\/norsan.ch\/wp-content\/uploads\/2024\/06\/norsan-Naehrwerttabellen_ALGA-omega-3-kids-vegan-1063x1063.webp.jpg\" alt=\"\" class=\"wp-image-353141\" style=\"width:673px;height:auto\" srcset=\"https:\/\/norsan.ch\/wp-content\/uploads\/2024\/06\/norsan-Naehrwerttabellen_ALGA-omega-3-kids-vegan-1063x1063.webp.jpg 1063w, https:\/\/norsan.ch\/wp-content\/uploads\/2024\/06\/norsan-Naehrwerttabellen_ALGA-omega-3-kids-vegan-300x300.webp.jpg 300w, https:\/\/norsan.ch\/wp-content\/uploads\/2024\/06\/norsan-Naehrwerttabellen_ALGA-omega-3-kids-vegan-600x600.webp.jpg 600w, https:\/\/norsan.ch\/wp-content\/uploads\/2024\/06\/norsan-Naehrwerttabellen_ALGA-omega-3-kids-vegan-150x150.webp.jpg 150w, https:\/\/norsan.ch\/wp-content\/uploads\/2024\/06\/norsan-Naehrwerttabellen_ALGA-omega-3-kids-vegan-768x768.webp.jpg 768w, https:\/\/norsan.ch\/wp-content\/uploads\/2024\/06\/norsan-Naehrwerttabellen_ALGA-omega-3-kids-vegan-1600x1600.webp.jpg 1600w, https:\/\/norsan.ch\/wp-content\/uploads\/2024\/06\/norsan-Naehrwerttabellen_ALGA-omega-3-kids-vegan-75x75.webp.jpg 75w\" sizes=\"(max-width: 1063px) 100vw, 1063px\" \/><\/figure>\n<\/div>\n\n\n\n<div class=\"wp-block-column is-layout-flow wp-block-column-is-layout-flow\">\n<p class=\"has-text-color has-link-color has-large-font-size wp-elements-85b701efa1a595e7f4f0167c5a5169b0\" style=\"color:#98ca8b\"><strong>Valeurs nutritionnelles et notes<\/strong><\/p>\n\n\n\n<h3 class=\"wp-block-heading has-text-color has-link-color has-normal-font-size wp-elements-540e0a3eef2f2c95882377f23f2875e8\" style=\"color:#98ca8b\"><strong>Ingr\u00e9dients<\/strong><\/h3>\n\n\n\n<p class=\"has-normal-font-size\">Huile riche en DHA extraite de la microalgue Schizochytrium sp. (94 %), huile de tournesol (5 %), huile de citron, ar\u00f4me (extrait de romarin), antioxydants (extraits \u00e0 forte teneur en tocoph\u00e9rols, d-alpha-tocoph\u00e9rols, palmitate d&rsquo;ascorbyle), chol\u00e9calcif\u00e9rol. <\/p>\n\n\n\n<h3 class=\"wp-block-heading has-text-color has-link-color has-normal-font-size wp-elements-28192f91a84c965417d029872bed9fee\" style=\"color:#98ca8b\"><strong>Prise<\/strong><\/h3>\n\n\n\n<p>Le dosage journalier varie en fonction du poids de l&rsquo;enfant. Nous recommandons  <\/p>\n\n\n\n<p><strong>17 kg : <\/strong>1,0 ml par jour ; contient 500 mg d&rsquo;acides gras om\u00e9ga-3<\/p>\n\n\n\n<p><strong>26 kg : <\/strong>1,5 ml par jour ; contient 750 mg d&rsquo;acides gras om\u00e9ga-3<\/p>\n\n\n\n<p><strong>35 kg :<\/strong> 2,0 ml par jour ; contient 1.000 mg d&rsquo;acides gras om\u00e9ga-3<\/p>\n\n\n\n<h3 class=\"wp-block-heading has-text-color has-link-color has-normal-font-size wp-elements-00501a33dc648f20793d982bb7d03901\" style=\"color:#98ca8b\"><strong>Stockage<\/strong><\/h3>\n\n\n\n<p class=\"has-normal-font-size\">Les produits non ouverts doivent \u00eatre conserv\u00e9s \u00e0 l&rsquo;abri de la lumi\u00e8re directe du soleil et \u00e0 une temp\u00e9rature ambiante ou de cave stable, inf\u00e9rieure \u00e0 25\u00b0C. Il est recommand\u00e9 d&rsquo;agiter bri\u00e8vement le flacon avant de le consommer. Le produit doit \u00eatre conserv\u00e9 hors de port\u00e9e des enfants. La dose journali\u00e8re recommand\u00e9e ne doit pas \u00eatre d\u00e9pass\u00e9e. Des recommandations de consommation diff\u00e9rentes s&rsquo;appliquent aux femmes enceintes et allaitantes. L&rsquo;huile om\u00e9ga-3 ne doit pas \u00eatre chauff\u00e9e. Laisser refroidir bri\u00e8vement les aliments chauds avant de les recouvrir d&rsquo;huile.       Les compl\u00e9ments alimentaires ne peuvent se substituer \u00e0 une alimentation vari\u00e9e et \u00e9quilibr\u00e9e et \u00e0 un mode de vie sain. Pour les enfants \u00e0 partir de 3 ans. Une fois ouvert, le flacon doit \u00eatre conserv\u00e9 au r\u00e9frig\u00e9rateur et consomm\u00e9 dans les 40 jours. <\/p>\n<\/div>\n<\/div>\n\n<div style=\"height:33px\" aria-hidden=\"true\" class=\"wp-block-spacer\"><\/div>\n\n<h2 class=\"wp-block-heading has-text-align-center has-text-color has-link-color has-large-font-size wp-elements-6c6260a48330efd87bbc0d2ab143bf30\" id=\"laborzertifikate\" style=\"color:#98ca8b\"><strong>Certificats de laboratoire<\/strong><\/h2>\n\n<p class=\"has-text-align-center\">Nos huiles NORSAN Omega-3 sont r\u00e9guli\u00e8rement contr\u00f4l\u00e9es par des laboratoires ind\u00e9pendants. Vous trouverez ici toutes les analyses effectu\u00e9es sur les mati\u00e8res premi\u00e8res, les excipients et les m\u00e9taux lourds. <\/p>\n\n<div class=\"wp-block-buttons is-layout-flex wp-block-buttons-is-layout-flex\">\n<div class=\"wp-block-button has-custom-width wp-block-button__width-100\"><a class=\"wp-block-button__link has-very-dark-gray-color has-cyan-bluish-gray-background-color has-text-color has-background has-link-color has-text-align-center wp-element-button\" href=\"https:\/\/norsan.ch\/wp-content\/uploads\/2021\/10\/24009282-001-PB-NORSAN-Omega-3-KIDS-vegan.pdf\">Analyse des m\u00e9taux lourds de l&rsquo;huile NORSAN Omega-3 vegan ALGA<\/a><\/div>\n\n\n\n<div class=\"wp-block-button has-custom-width wp-block-button__width-100\"><a class=\"wp-block-button__link has-very-dark-gray-color has-cyan-bluish-gray-background-color has-text-color has-background has-link-color has-text-align-center wp-element-button\" href=\"https:\/\/norsan.ch\/wp-content\/uploads\/2021\/10\/20221116_Rohwarenanalyse_KIDS-Vegan_extern-1.pdf\">Analyse des mati\u00e8res premi\u00e8res de l&rsquo;huile v\u00e9g\u00e9talienne ALGA<\/a><\/div>\n<\/div>\n\n<p>\u00a0<\/p>\n","protected":false},"excerpt":{"rendered":"<h3><span style=\"color: #98ca8b;\"><strong>Huile DHA Om\u00e9ga-3 pour enfants &#8211; v\u00e9g\u00e9talienne<\/strong><\/span><\/h3>\n<ul>\n<li>Huile d&rsquo;algues 100 % v\u00e9g\u00e9tale &#8211; Riche en DHA<\/li>\n<li>1.000 mg d&rsquo;om\u00e9ga-3 par jour (2,5 ml)<\/li>\n<li>Dosage facile &#8211; avec cuill\u00e8re de dosage<\/li>\n<li>400 U.I. de vitamine D (v\u00e9g\u00e9talien)<\/li>\n<li>50 ml, sans sucre ajout\u00e9<\/li>\n<li>Convient particuli\u00e8rement aux enfants &#8211; go\u00fbt doux de citron<\/li>\n<li>Culture de l&rsquo;huile d&rsquo;algue \u00e0 faible teneur en polluants<\/li>\n<\/ul>\n<p><strong>L&rsquo;envoi est d\u00e9j\u00e0 gratuit \u00e0 partir de CHF 50.00<\/strong><br \/>D\u00e9lai de livraison 1-3 jours ouvrables<\/p>\n","protected":false},"featured_media":388535,"comment_status":"closed","ping_status":"closed","template":"","meta":{"wds_primary_product_brand":0,"wds_primary_product_cat":0},"product_brand":[],"product_cat":[102,103],"product_tag":[196,197,198,105,199,117],"class_list":{"0":"post-366711","1":"product","2":"type-product","3":"status-publish","4":"has-post-thumbnail","6":"product_cat-omega-3-kids-fr","7":"product_cat-omega-3-pour-les-enfants","8":"product_tag-kids-fr","9":"product_tag-nouveau","10":"product_tag-nouveau-fr","11":"product_tag-omega-3-fr","12":"product_tag-rabais-de-quantite","13":"product_tag-vegan-fr","15":"first","16":"instock","17":"taxable","18":"shipping-taxable","19":"purchasable","20":"product-type-simple"},"_links":{"self":[{"href":"https:\/\/norsan.ch\/fr\/wp-json\/wp\/v2\/product\/366711","targetHints":{"allow":["GET"]}}],"collection":[{"href":"https:\/\/norsan.ch\/fr\/wp-json\/wp\/v2\/product"}],"about":[{"href":"https:\/\/norsan.ch\/fr\/wp-json\/wp\/v2\/types\/product"}],"replies":[{"embeddable":true,"href":"https:\/\/norsan.ch\/fr\/wp-json\/wp\/v2\/comments?post=366711"}],"wp:featuredmedia":[{"embeddable":true,"href":"https:\/\/norsan.ch\/fr\/wp-json\/wp\/v2\/media\/388535"}],"wp:attachment":[{"href":"https:\/\/norsan.ch\/fr\/wp-json\/wp\/v2\/media?parent=366711"}],"wp:term":[{"taxonomy":"product_brand","embeddable":true,"href":"https:\/\/norsan.ch\/fr\/wp-json\/wp\/v2\/product_brand?post=366711"},{"taxonomy":"product_cat","embeddable":true,"href":"https:\/\/norsan.ch\/fr\/wp-json\/wp\/v2\/product_cat?post=366711"},{"taxonomy":"product_tag","embeddable":true,"href":"https:\/\/norsan.ch\/fr\/wp-json\/wp\/v2\/product_tag?post=366711"}],"curies":[{"name":"wp","href":"https:\/\/api.w.org\/{rel}","templated":true}]}}