{"id":366756,"date":"2023-10-17T12:02:52","date_gmt":"2023-10-17T10:02:52","guid":{"rendered":"https:\/\/norsan.ch\/shop\/norsan-omega-3-vegan-alga-jelly-a-120-pcs\/"},"modified":"2026-02-13T09:39:31","modified_gmt":"2026-02-13T08:39:31","slug":"norsan-omega-3-vegan-alga-jelly-a-120-pcs","status":"publish","type":"product","link":"https:\/\/norsan.ch\/fr\/produkt\/norsan-omega-3-vegan-alga-jelly-a-120-pcs\/","title":{"rendered":"NORSAN Omega-3 vegan ALGA Jelly \u00e0 120 pcs."},"content":{"rendered":"\n<div class=\"wp-block-buttons is-vertical is-layout-flex wp-container-core-buttons-is-layout-fe9cc265 wp-block-buttons-is-layout-flex\">\n<div class=\"wp-block-button\"><a class=\"wp-block-button__link has-white-color has-pale-cyan-blue-background-color has-text-color has-background has-link-color wp-element-button\" href=\"#nahrwerte-hinweise\">Valeurs nutritives et conseils<\/a><\/div>\n\n\n\n<div class=\"wp-block-button\"><a class=\"wp-block-button__link has-white-color has-pale-cyan-blue-background-color has-text-color has-background has-link-color wp-element-button\" href=\"#laborzertifikate\">Certificats de laboratoire<\/a><\/div>\n\n\n\n<div class=\"wp-block-button\"><a class=\"wp-block-button__link has-white-color has-pale-cyan-blue-background-color has-text-color has-background has-link-color wp-element-button\" href=\"#dosierungkinder\">Dosage chez les enfants<\/a><\/div>\n<\/div>\n\n<div style=\"height:28px\" aria-hidden=\"true\" class=\"wp-block-spacer\"><\/div>\n\n<div class=\"wp-block-columns has-white-color has-text-color has-background is-layout-flex wp-container-core-columns-is-layout-28f84493 wp-block-columns-is-layout-flex\" style=\"background-color:#98ca8b\">\n<div class=\"wp-block-column is-layout-flow wp-block-column-is-layout-flow\">\n<h2 class=\"wp-block-heading has-text-align-center has-white-color has-text-color\"><br\/><strong>DES GOUTTES V\u00c9G\u00c9TALIENNES D&rsquo;OM\u00c9GA-3 POUR PETITS ET GRANDS &#8211; \u00c0 CROQUER !<\/strong><\/h2>\n\n\n\n<hr class=\"wp-block-separator has-text-color has-white-color has-css-opacity has-white-background-color has-background is-style-wide\"\/>\n<\/div>\n\n\n\n<div class=\"wp-block-column is-layout-flow wp-block-column-is-layout-flow\">\n<p class=\"has-white-color has-text-color\">Nos gel\u00e9es om\u00e9ga-3 ALGA sont de d\u00e9licieuses gel\u00e9es \u00e0 m\u00e2cher \u00e0 base d&rsquo;huile d&rsquo;algues v\u00e9g\u00e9tales et au go\u00fbt tutti-frutti, faciles \u00e0 grignoter. Particuli\u00e8rement adapt\u00e9es aux enfants et sans sucre ajout\u00e9. Les acides gras essentiels om\u00e9ga-3 EPA et DHA sont emball\u00e9s sous forme de d\u00e9licieuses \u00ab boules de gomme \u00bb om\u00e9ga-3. La dose journali\u00e8re recommand\u00e9e est fonction du poids, par exemple 4 gouttes pour 30 kg &#8211; ce qui correspond \u00e0 880 mg d&rsquo;om\u00e9ga-3. Il est prouv\u00e9 que les acides gras om\u00e9ga-3 marins ont des effets positifs sur la sant\u00e9 du c\u0153ur, des yeux et du cerveau.     <\/p>\n<\/div>\n\n\n\n<div class=\"wp-block-column is-layout-flow wp-block-column-is-layout-flow\">\n<p class=\"has-white-color has-text-color\">Pendant la grossesse et l&rsquo;allaitement, la consommation d&rsquo;om\u00e9ga-3 par la m\u00e8re ou par le biais des pr\u00e9parations de suite a un effet positif sur le d\u00e9veloppement normal du cerveau et de la vision du nourrisson. Notre cerveau est compos\u00e9 en grande partie de graisses, jusqu&rsquo;\u00e0 60 %. Le DHA, l&rsquo;un des acides gras marins, en repr\u00e9sente pr\u00e8s de 20 %. Pour un bon d\u00e9veloppement cognitif et pour que tout fonctionne comme sur des roulettes, les om\u00e9ga-3 constituent la base. Brainfood pour les tout-petits donc.   <\/p>\n<\/div>\n<\/div>\n\n<div style=\"height:28px\" aria-hidden=\"true\" class=\"wp-block-spacer\"><\/div>\n\n<p class=\"has-text-align-center has-text-color has-link-color has-large-font-size wp-elements-758bf131c363ec87492c6372d4bd60af\" style=\"color:#98ca8b\"><strong>Omega-3 : Brainfood pour les plus petits &#8211; Facile \u00e0 m\u00e2cher !<\/strong><\/p>\n\n<p class=\"has-text-align-center\">Les capacit\u00e9s mentales, motrices et visuelles se d\u00e9veloppent de mani\u00e8re rapide et continue, en particulier au cours des jeunes ann\u00e9es. Il est donc d&rsquo;autant plus important de soutenir au mieux les enfants et de leur apporter les nutriments essentiels. <\/p>\n\n<p class=\"has-text-align-center\">Il est difficile pour les enfants de manger du poisson ou des algues plusieurs fois par semaine ou m\u00eame tous les jours. C&rsquo;est pourquoi la pr\u00e9sentation sous forme de nos d\u00e9licieuses gouttes de gel\u00e9e \u00e0 m\u00e2cher v\u00e9g\u00e9taliennes est une super alternative pour les enfants. <\/p>\n<div class=\"wp-block-image\">\n<figure class=\"aligncenter size-large is-resized\"><img fetchpriority=\"high\" decoding=\"async\" width=\"1063\" height=\"1063\" src=\"https:\/\/norsan.ch\/wp-content\/uploads\/2024\/01\/DE_Health-Claims-KIDS-Vegan-min-e1687267297525-1.png-1063x1063.webp.jpg\" alt=\"\" class=\"wp-image-332851\" style=\"width:633px;height:auto\" srcset=\"https:\/\/norsan.ch\/wp-content\/uploads\/2024\/01\/DE_Health-Claims-KIDS-Vegan-min-e1687267297525-1.png-1063x1063.webp.jpg 1063w, https:\/\/norsan.ch\/wp-content\/uploads\/2024\/01\/DE_Health-Claims-KIDS-Vegan-min-e1687267297525-1.png-300x300.webp.jpg 300w, https:\/\/norsan.ch\/wp-content\/uploads\/2024\/01\/DE_Health-Claims-KIDS-Vegan-min-e1687267297525-1.png-600x600.webp.jpg 600w, https:\/\/norsan.ch\/wp-content\/uploads\/2024\/01\/DE_Health-Claims-KIDS-Vegan-min-e1687267297525-1.png-150x150.webp.jpg 150w, https:\/\/norsan.ch\/wp-content\/uploads\/2024\/01\/DE_Health-Claims-KIDS-Vegan-min-e1687267297525-1.png-768x768.webp.jpg 768w, https:\/\/norsan.ch\/wp-content\/uploads\/2024\/01\/DE_Health-Claims-KIDS-Vegan-min-e1687267297525-1.png-1600x1600.webp.jpg 1600w, https:\/\/norsan.ch\/wp-content\/uploads\/2024\/01\/DE_Health-Claims-KIDS-Vegan-min-e1687267297525-1.png-75x75.webp.jpg 75w\" sizes=\"(max-width: 1063px) 100vw, 1063px\" \/><\/figure>\n<\/div>\n<div style=\"height:28px\" aria-hidden=\"true\" class=\"wp-block-spacer\"><\/div>\n\n<div id=\"dosierungkinder\" class=\"wp-block-group has-background\" style=\"background-color:#98ca8b\"><div class=\"wp-block-group__inner-container is-layout-flow wp-block-group-is-layout-flow\">\n<div class=\"wp-block-columns is-layout-flex wp-container-core-columns-is-layout-28f84493 wp-block-columns-is-layout-flex\">\n<div class=\"wp-block-column is-layout-flow wp-block-column-is-layout-flow\">\n<h2 class=\"wp-block-heading has-text-align-center has-white-color has-text-color\"><strong>Dosage recommand\u00e9 en fonction du poids<\/strong><\/h2>\n<\/div>\n<\/div>\n\n\n\n<div class=\"wp-block-columns is-layout-flex wp-container-core-columns-is-layout-28f84493 wp-block-columns-is-layout-flex\">\n<div class=\"wp-block-column is-layout-flow wp-block-column-is-layout-flow\">\n<p class=\"has-white-color has-text-color has-link-color wp-elements-3b4846a640b4f0388e61c4903df81e8a\"><strong>15 kg &#8211; 23 kg : <\/strong><br\/>2 pi\u00e8ces par jour<\/p>\n<\/div>\n\n\n\n<div class=\"wp-block-column is-layout-flow wp-block-column-is-layout-flow\">\n<p class=\"has-white-color has-text-color has-link-color wp-elements-ee5e918a98d3c6723bbbdb820956aa97\"><strong>23 kg &#8211; 30 kg : <\/strong><br\/>3 morceaux de gel\u00e9e par jour<\/p>\n<\/div>\n\n\n\n<div class=\"wp-block-column is-layout-flow wp-block-column-is-layout-flow\">\n<p class=\"has-white-color has-text-color has-link-color wp-elements-410fd2f997e5aaded5dd327bd5fec30c\"><strong>A partir de 30 kg :<\/strong><br\/>4 morceaux de gel\u00e9e par jour<\/p>\n<\/div>\n<\/div>\n<\/div><\/div>\n\n<div style=\"height:28px\" aria-hidden=\"true\" class=\"wp-block-spacer\"><\/div>\n\n<div class=\"wp-block-columns is-layout-flex wp-container-core-columns-is-layout-28f84493 wp-block-columns-is-layout-flex\" id=\"nahrwerte-hinweise\">\n<div class=\"wp-block-column is-layout-flow wp-block-column-is-layout-flow\">\n<figure class=\"wp-block-image size-large is-resized\"><img decoding=\"async\" width=\"1063\" height=\"1063\" src=\"https:\/\/norsan.ch\/wp-content\/uploads\/2023\/10\/Alga-jelly-vegan-inhaltsstoffe-1-1063x1063.png.jpg\" alt=\"\" class=\"wp-image-367733\" style=\"width:673px;height:auto\" srcset=\"https:\/\/norsan.ch\/wp-content\/uploads\/2023\/10\/Alga-jelly-vegan-inhaltsstoffe-1-1063x1063.png.jpg 1063w, https:\/\/norsan.ch\/wp-content\/uploads\/2023\/10\/Alga-jelly-vegan-inhaltsstoffe-1-300x300.png.jpg 300w, https:\/\/norsan.ch\/wp-content\/uploads\/2023\/10\/Alga-jelly-vegan-inhaltsstoffe-1-600x600.png.jpg 600w, https:\/\/norsan.ch\/wp-content\/uploads\/2023\/10\/Alga-jelly-vegan-inhaltsstoffe-1-150x150.png.jpg 150w, https:\/\/norsan.ch\/wp-content\/uploads\/2023\/10\/Alga-jelly-vegan-inhaltsstoffe-1-768x768.png.jpg 768w, https:\/\/norsan.ch\/wp-content\/uploads\/2023\/10\/Alga-jelly-vegan-inhaltsstoffe-1-1600x1600.png.jpg 1600w, https:\/\/norsan.ch\/wp-content\/uploads\/2023\/10\/Alga-jelly-vegan-inhaltsstoffe-1-75x75.png.jpg 75w\" sizes=\"(max-width: 1063px) 100vw, 1063px\" \/><\/figure>\n<\/div>\n\n\n\n<div class=\"wp-block-column is-layout-flow wp-block-column-is-layout-flow\">\n<p class=\"has-text-color has-link-color has-large-font-size wp-elements-85b701efa1a595e7f4f0167c5a5169b0\" style=\"color:#98ca8b\"><strong>Valeurs nutritionnelles et notes<\/strong><\/p>\n\n\n\n<h3 class=\"wp-block-heading has-text-color has-link-color has-normal-font-size wp-elements-540e0a3eef2f2c95882377f23f2875e8\" style=\"color:#98ca8b\"><strong>Ingr\u00e9dients<\/strong><\/h3>\n\n\n\n<p class=\"has-normal-font-size\">Xylitol (\u00e9dulcorant), eau, huile riche en DHA et EPA provenant de la microalgue Schizochytrium sp, sorbitol (\u00e9dulcorant) ; acides sodique, calcique et malique (r\u00e9gulateurs d&rsquo;acidit\u00e9), pectine (g\u00e9lifiant), huile de tournesol, ar\u00f4mes naturels de citron, de fruit de la passion et d&rsquo;orange, acide ascorbique (antioxydant), l\u00e9cithine (\u00e9mulsifiant) ; Extrait de romarin, extraits \u00e0 forte teneur en tocoph\u00e9rol et palmitate d&rsquo;ascorbyle (antioxydant), st\u00e9vioglycosides (\u00e9dulcorant), chol\u00e9calcif\u00e9rol (vitamine D3), b\u00eata-carot\u00e8ne (colorant)<\/p>\n\n\n\n<h3 class=\"wp-block-heading has-text-color has-link-color has-normal-font-size wp-elements-28192f91a84c965417d029872bed9fee\" style=\"color:#98ca8b\"><strong>Prise<\/strong><\/h3>\n\n\n\n<p><strong>2 \u00e0 4 unit\u00e9s par jour<\/strong> pendant ou apr\u00e8s un repas.<\/p>\n\n\n\n<p>2 par jour ; contient 440 mg d&rsquo;acides gras om\u00e9ga-3<\/p>\n\n\n\n<p>3 par jour ; contient 660 mg d&rsquo;acides gras om\u00e9ga-3<\/p>\n\n\n\n<p>4 par jour ; contient 880 mg d&rsquo;acides gras om\u00e9ga-3<\/p>\n\n\n\n<h3 class=\"wp-block-heading has-text-color has-link-color has-normal-font-size wp-elements-00501a33dc648f20793d982bb7d03901\" style=\"color:#98ca8b\"><strong>Stockage<\/strong><\/h3>\n\n\n\n<p class=\"has-normal-font-size\">Les produits non ouverts doivent \u00eatre conserv\u00e9s \u00e0 l&rsquo;abri de la lumi\u00e8re directe du soleil et \u00e0 une temp\u00e9rature ambiante ou de cave stable inf\u00e9rieure \u00e0 25\u00b0C. (A d\u00e9guster de pr\u00e9f\u00e9rence bien frais). Le produit doit \u00eatre tenu hors de port\u00e9e des enfants. Ne pas d\u00e9passer la dose journali\u00e8re recommand\u00e9e.    <strong>Des recommandations de consommation diff\u00e9rentes s&rsquo;appliquent aux femmes enceintes et allaitantes (2 unit\u00e9s par jour &#8211; 450 mg d&rsquo;EPA\/DHA).<\/strong> (A cause de l&rsquo;huile d&rsquo;algues) <strong>Peut avoir un effet laxatif en cas de consommation excessive. <\/strong>(En raison de la pr\u00e9sence d&rsquo;\u00e9dulcorants) Les compl\u00e9ments alimentaires ne peuvent se substituer \u00e0 une alimentation vari\u00e9e et \u00e9quilibr\u00e9e et \u00e0 un mode de vie sain. <strong>Pour les enfants \u00e0 partir de 3 ans<\/strong>. <\/p>\n<\/div>\n<\/div>\n\n<div style=\"height:28px\" aria-hidden=\"true\" class=\"wp-block-spacer\"><\/div>\n\n<h2 class=\"wp-block-heading has-text-align-center has-text-color has-link-color has-large-font-size wp-elements-5b79013edc7644f6c629ae31b0487873\" id=\"laborzertifikate\" style=\"color:#98ca8b\"><strong>Certificats de laboratoire<\/strong><br\/><\/h2>\n\n<p class=\"has-text-align-center\">Nos huiles NORSAN Omega-3 sont r\u00e9guli\u00e8rement contr\u00f4l\u00e9es par des laboratoires ind\u00e9pendants. Vous trouverez ici toutes les analyses effectu\u00e9es sur les mati\u00e8res premi\u00e8res, les excipients et les m\u00e9taux lourds. <\/p>\n\n<div class=\"wp-block-buttons is-layout-flex wp-block-buttons-is-layout-flex\">\n<div class=\"wp-block-button has-custom-width wp-block-button__width-100\"><a class=\"wp-block-button__link has-very-dark-gray-color has-cyan-bluish-gray-background-color has-text-color has-background has-link-color has-text-align-center wp-element-button\" href=\"https:\/\/norsan.ch\/wp-content\/uploads\/2021\/10\/DE_20230711_A4_Zertifikate-Schwermetalluntersuchung_KIDSJelly_Vegan.pdf\">Analyse des m\u00e9taux lourds de la gel\u00e9e v\u00e9g\u00e9talienne NORSAN Omega-3 ALGA Jelly<\/a><\/div>\n\n\n\n<div class=\"wp-block-button has-custom-width wp-block-button__width-100\"><a class=\"wp-block-button__link has-very-dark-gray-color has-cyan-bluish-gray-background-color has-text-color has-background has-link-color has-text-align-center wp-element-button\" href=\"https:\/\/norsan.ch\/wp-content\/uploads\/2021\/10\/20221116_Rohwarenanalyse_KIDS-Vegan_extern.pdf\">Analyse des mati\u00e8res premi\u00e8res de NORSAN Omega-3 vegan ALGA<\/a><\/div>\n<\/div>\n","protected":false},"excerpt":{"rendered":"<h3><span style=\"color: #98ca8b;\"><strong>Omega-3 pour les enfants &#8211; \u00e0 m\u00e2cher et v\u00e9g\u00e9talien !<\/strong><\/span><\/h3>\n<ul>\n<li>Avec de l&rsquo;huile d&rsquo;algue v\u00e9g\u00e9tale : riche en EPA et DHA<\/li>\n<li>220 mg d&rsquo;om\u00e9ga-3 par capsule de gel\u00e9e \u00e0 m\u00e2cher<\/li>\n<li>Facile \u00e0 prendre \u2013 \u00e0 m\u00e2cher !<\/li>\n<li>Go\u00fbt fruit\u00e9 et d\u00e9licieux de Tutti Frutti &#8211; sans sucre ajout\u00e9<\/li>\n<li>Avec de la vitamine D v\u00e9g\u00e9talienne<\/li>\n<li>Culture de l&rsquo;huile d&rsquo;algue \u00e0 faible teneur en polluants<\/li>\n<\/ul>\n<p><strong>L&rsquo;envoi est d\u00e9j\u00e0 gratuit \u00e0 partir de CHF 50.00<\/strong><br \/>D\u00e9lai de livraison 1-3 jours ouvrables<\/p>\n","protected":false},"featured_media":388538,"comment_status":"closed","ping_status":"closed","template":"","meta":{"wds_primary_product_brand":0,"wds_primary_product_cat":83},"product_brand":[],"product_cat":[102,103],"product_tag":[196,105,117],"class_list":{"0":"post-366756","1":"product","2":"type-product","3":"status-publish","4":"has-post-thumbnail","6":"product_cat-omega-3-kids-fr","7":"product_cat-omega-3-pour-les-enfants","8":"product_tag-kids-fr","9":"product_tag-omega-3-fr","10":"product_tag-vegan-fr","12":"first","13":"instock","14":"taxable","15":"shipping-taxable","16":"purchasable","17":"product-type-simple"},"_links":{"self":[{"href":"https:\/\/norsan.ch\/fr\/wp-json\/wp\/v2\/product\/366756","targetHints":{"allow":["GET"]}}],"collection":[{"href":"https:\/\/norsan.ch\/fr\/wp-json\/wp\/v2\/product"}],"about":[{"href":"https:\/\/norsan.ch\/fr\/wp-json\/wp\/v2\/types\/product"}],"replies":[{"embeddable":true,"href":"https:\/\/norsan.ch\/fr\/wp-json\/wp\/v2\/comments?post=366756"}],"wp:featuredmedia":[{"embeddable":true,"href":"https:\/\/norsan.ch\/fr\/wp-json\/wp\/v2\/media\/388538"}],"wp:attachment":[{"href":"https:\/\/norsan.ch\/fr\/wp-json\/wp\/v2\/media?parent=366756"}],"wp:term":[{"taxonomy":"product_brand","embeddable":true,"href":"https:\/\/norsan.ch\/fr\/wp-json\/wp\/v2\/product_brand?post=366756"},{"taxonomy":"product_cat","embeddable":true,"href":"https:\/\/norsan.ch\/fr\/wp-json\/wp\/v2\/product_cat?post=366756"},{"taxonomy":"product_tag","embeddable":true,"href":"https:\/\/norsan.ch\/fr\/wp-json\/wp\/v2\/product_tag?post=366756"}],"curies":[{"name":"wp","href":"https:\/\/api.w.org\/{rel}","templated":true}]}}