{"id":367190,"date":"2021-11-27T11:52:11","date_gmt":"2021-11-27T09:52:11","guid":{"rendered":"https:\/\/norsan.ch\/shop\/gelules-omega-3-arctique\/"},"modified":"2026-03-25T09:07:33","modified_gmt":"2026-03-25T08:07:33","slug":"gelules-omega-3-arctique","status":"publish","type":"product","link":"https:\/\/norsan.ch\/fr\/produkt\/gelules-omega-3-arctique\/","title":{"rendered":"G\u00e9lules Om\u00e9ga-3 Arktis"},"content":{"rendered":"\n<div style=\"height:25px\" aria-hidden=\"true\" class=\"wp-block-spacer\"><\/div>\n\n\n\n<div class=\"wp-block-buttons is-vertical is-layout-flex wp-container-core-buttons-is-layout-fe9cc265 wp-block-buttons-is-layout-flex\">\n<div class=\"wp-block-button\"><a class=\"wp-block-button__link has-white-color has-pale-cyan-blue-background-color has-text-color has-background has-link-color wp-element-button\" href=\"#nahrwerte-hinweise\">Valeurs nutritives et conseils<\/a><\/div>\n\n\n\n<div class=\"wp-block-button\"><a class=\"wp-block-button__link has-white-color has-pale-cyan-blue-background-color has-text-color has-background has-link-color wp-element-button\" href=\"#laborzertifikate\">Certificats de laboratoire<\/a><\/div>\n<\/div>\n\n\n\n<div style=\"height:25px\" aria-hidden=\"true\" class=\"wp-block-spacer\"><\/div>\n\n\n\n<div class=\"wp-block-group\"><div class=\"wp-block-group__inner-container is-layout-flow wp-block-group-is-layout-flow\">\n<div class=\"wp-block-columns has-white-color has-vivid-purple-background-color has-text-color has-background is-layout-flex wp-container-core-columns-is-layout-28f84493 wp-block-columns-is-layout-flex\">\n<div class=\"wp-block-column is-layout-flow wp-block-column-is-layout-flow\">\n<h2 class=\"wp-block-heading has-text-align-center has-white-color has-text-color\"><strong>1500 mg d\u2019om\u00e9ga-3 par dose journali\u00e8re<\/strong><\/h2>\n\n\n\n<hr class=\"wp-block-separator has-text-color has-white-color has-css-opacity has-white-background-color has-background is-style-wide\"\/>\n<\/div>\n\n\n\n<div class=\"wp-block-column is-layout-flow wp-block-column-is-layout-flow\">\n<p class=\"has-white-color has-text-color\">Les g\u00e9lules Om\u00e9ga-3 Arktis contiennent de l&rsquo;huile de morue purement naturelle issue de la p\u00eache durable dans l&rsquo;Arctique. Une dose quotidienne (2\u00d73 g\u00e9lules) fournit 1500 mg d&rsquo;acides gras <strong> om\u00e9ga-3<\/strong>(EPA et DHA). <\/p>\n<\/div>\n\n\n\n<div class=\"wp-block-column is-layout-flow wp-block-column-is-layout-flow\">\n<p class=\"has-white-color has-text-color\">Gr\u00e2ce \u00e0 leur dosage \u00e9lev\u00e9, les g\u00e9lules d&rsquo;om\u00e9ga-3 Arktis sont une bonne alternative \u00e0 l&rsquo;huile sous forme liquide. Elles sont parfaites pour ceux qui ne veulent pas prendre d&rsquo;huile liquide pure ou pour ceux qui voyagent. <\/p>\n<\/div>\n<\/div>\n<\/div><\/div>\n\n\n\n<h2 class=\"wp-block-heading has-text-align-center has-vivid-purple-color has-text-color has-link-color has-large-font-size wp-elements-edb7ffba229d1019c606d9b6c0c4e834\" id=\"laborzertifikate\"><strong>NORSAN ARKTIS &#8211; HUILE DE MORUE NORV\u00c9GIENNE<\/strong><\/h2>\n\n\n\n<p class=\"has-text-align-center\">La morue, \u00ab\u00a0l&rsquo;or blanc\u00a0\u00bb de la Norv\u00e8ge, est naturellement riche en acides gras om\u00e9ga-3. La plus grande population de cabillaud au monde se trouve dans les eaux norv\u00e9giennes, et les Norv\u00e9giens ont toujours su se servir de ce tr\u00e9sor. L&rsquo;huile de foie de morue, riche en om\u00e9ga-3, est utilis\u00e9e dans les produits NORSAN Arktis.<\/p>\n\n\n\n<div class=\"wp-block-group\"><div class=\"wp-block-group__inner-container is-layout-flow wp-block-group-is-layout-flow\">\n<div class=\"wp-block-columns is-layout-flex wp-container-core-columns-is-layout-28f84493 wp-block-columns-is-layout-flex\">\n<div class=\"wp-block-column widthMedium is-layout-flow wp-block-column-is-layout-flow\">\n<div class=\"wp-block-columns is-layout-flex wp-container-core-columns-is-layout-28f84493 wp-block-columns-is-layout-flex\">\n<div class=\"wp-block-column is-layout-flow wp-block-column-is-layout-flow\">\n<h3 class=\"wp-block-heading has-text-align-center has-vivid-purple-color has-text-color\"><strong>P\u00eache durable<\/strong><\/h3>\n\n\n\n<p class=\"has-text-align-center\">L&rsquo;huile arctique NORSAN est produite \u00e0 partir de poissons p\u00each\u00e9s au large de la Norv\u00e8ge, au nord du cercle polaire arctique. La p\u00eache est soumise \u00e0 des r\u00e8gles particuli\u00e8rement strictes et durables. Il en a r\u00e9sult\u00e9, ces derni\u00e8res ann\u00e9es, des stocks importants de cabillaud en mer du Nord et aucune surp\u00eache.  <\/p>\n\n\n<div class=\"wp-block-image is-resized\">\n<figure class=\"aligncenter size-full\"><img fetchpriority=\"high\" decoding=\"async\" width=\"800\" height=\"600\" src=\"https:\/\/norsan.ch\/wp-content\/uploads\/2021\/11\/Icon-no2-Arktis-600x800-1.jpg\" alt=\"\" class=\"wp-image-275964\" srcset=\"https:\/\/norsan.ch\/wp-content\/uploads\/2021\/11\/Icon-no2-Arktis-600x800-1.jpg 800w, https:\/\/norsan.ch\/wp-content\/uploads\/2021\/11\/Icon-no2-Arktis-600x800-1-600x450.jpg 600w, https:\/\/norsan.ch\/wp-content\/uploads\/2021\/11\/Icon-no2-Arktis-600x800-1-300x225.jpg 300w, https:\/\/norsan.ch\/wp-content\/uploads\/2021\/11\/Icon-no2-Arktis-600x800-1-768x576.jpg 768w\" sizes=\"(max-width: 800px) 100vw, 800px\" \/><\/figure>\n<\/div><\/div>\n\n\n\n<div class=\"wp-block-column is-layout-flow wp-block-column-is-layout-flow\">\n<h3 class=\"wp-block-heading has-text-align-center has-vivid-purple-color has-text-color\"><strong>Naturellement riche en om\u00e9ga-3<\/strong><\/h3>\n\n\n\n<p class=\"has-text-align-center\">L&rsquo;huile d&rsquo;huile de foie de morue est naturellement riche en acides gras om\u00e9ga-3, notamment en DHA. Une cuill\u00e8re \u00e0 soupe (10ml) d&rsquo;huile d&rsquo;Artkis contient 2000 mg d&rsquo;om\u00e9ga-3. L&rsquo;huile de foie de morue naturelle est compos\u00e9e de plus de 50 acides gras diff\u00e9rents. Cette huile naturelle est \u00e0 la fois la base de l&rsquo;huile NORSAN Arktis (flacon de 200ml) et des g\u00e9lules NORSAN Arktis (120 g\u00e9lules).  <\/p>\n\n\n<div class=\"wp-block-image is-resized\">\n<figure class=\"aligncenter size-full\"><img decoding=\"async\" width=\"800\" height=\"665\" src=\"https:\/\/norsan.ch\/wp-content\/uploads\/2021\/10\/Fanggebiet-Arktis-web-1.jpg\" alt=\"Zone de p\u00eache : Arctique\" class=\"wp-image-275555\" srcset=\"https:\/\/norsan.ch\/wp-content\/uploads\/2021\/10\/Fanggebiet-Arktis-web-1.jpg 800w, https:\/\/norsan.ch\/wp-content\/uploads\/2021\/10\/Fanggebiet-Arktis-web-1-600x499.jpg 600w, https:\/\/norsan.ch\/wp-content\/uploads\/2021\/10\/Fanggebiet-Arktis-web-1-300x249.jpg 300w, https:\/\/norsan.ch\/wp-content\/uploads\/2021\/10\/Fanggebiet-Arktis-web-1-768x638.jpg 768w\" sizes=\"(max-width: 800px) 100vw, 800px\" \/><\/figure>\n<\/div><\/div>\n<\/div>\n<\/div>\n<\/div>\n<\/div><\/div>\n\n\n\n<div style=\"height:25px\" aria-hidden=\"true\" class=\"wp-block-spacer\"><\/div>\n\n\n\n<div class=\"wp-block-columns is-layout-flex wp-container-core-columns-is-layout-28f84493 wp-block-columns-is-layout-flex\" id=\"nahrwerte-hinweise\">\n<div class=\"wp-block-column is-layout-flow wp-block-column-is-layout-flow\">\n<figure class=\"wp-block-image size-large is-resized\"><img decoding=\"async\" width=\"1063\" height=\"1063\" src=\"https:\/\/norsan.ch\/wp-content\/uploads\/2024\/02\/NORSAN_Naehrwerttabelle_Artkis-Kapseln_web-768x1024-1-e1615296903164-1063x1063.png.jpg\" alt=\"\" class=\"wp-image-347518\" style=\"width:587px;height:auto\" srcset=\"https:\/\/norsan.ch\/wp-content\/uploads\/2024\/02\/NORSAN_Naehrwerttabelle_Artkis-Kapseln_web-768x1024-1-e1615296903164-1063x1063.png.jpg 1063w, https:\/\/norsan.ch\/wp-content\/uploads\/2024\/02\/NORSAN_Naehrwerttabelle_Artkis-Kapseln_web-768x1024-1-e1615296903164-300x300.png.jpg 300w, https:\/\/norsan.ch\/wp-content\/uploads\/2024\/02\/NORSAN_Naehrwerttabelle_Artkis-Kapseln_web-768x1024-1-e1615296903164-600x600.png.jpg 600w, https:\/\/norsan.ch\/wp-content\/uploads\/2024\/02\/NORSAN_Naehrwerttabelle_Artkis-Kapseln_web-768x1024-1-e1615296903164-150x150.png.jpg 150w, https:\/\/norsan.ch\/wp-content\/uploads\/2024\/02\/NORSAN_Naehrwerttabelle_Artkis-Kapseln_web-768x1024-1-e1615296903164-768x768.png.jpg 768w, https:\/\/norsan.ch\/wp-content\/uploads\/2024\/02\/NORSAN_Naehrwerttabelle_Artkis-Kapseln_web-768x1024-1-e1615296903164-1600x1600.png.jpg 1600w, https:\/\/norsan.ch\/wp-content\/uploads\/2024\/02\/NORSAN_Naehrwerttabelle_Artkis-Kapseln_web-768x1024-1-e1615296903164-75x75.png.jpg 75w\" sizes=\"(max-width: 1063px) 100vw, 1063px\" \/><\/figure>\n<\/div>\n\n\n\n<div class=\"wp-block-column is-layout-flow wp-block-column-is-layout-flow\">\n<p class=\"has-vivid-purple-color has-text-color has-link-color has-large-font-size wp-elements-3ab7c1e22d8015980dfc45af2d49e893\"><strong>Valeurs nutritionnelles et notes<\/strong><\/p>\n\n\n\n<h3 class=\"wp-block-heading has-vivid-purple-color has-text-color has-link-color has-normal-font-size wp-elements-7897cde32a077d60d916e236e719c61e\"><strong>Ingr\u00e9dients<\/strong><\/h3>\n\n\n\n<p class=\"has-normal-font-size\">Huile de morue naturelle (70,8 %) ; g\u00e9latine ; humectant : glyc\u00e9rol ; huile de citron ; antioxydant : extrait de romarin ; tocoph\u00e9rols mixtes et d-\u03b1.<\/p>\n\n\n\n<h3 class=\"wp-block-heading has-vivid-purple-color has-text-color has-link-color has-normal-font-size wp-elements-3aeabcaeb7ce42a51add5e05faf47b4c\"><strong>Prise<\/strong><\/h3>\n\n\n\n<p class=\"has-normal-font-size\">2 x 3 g\u00e9lules par jour pendant ou apr\u00e8s un repas. Une dose quotidienne contient 1500 mg d&rsquo;acides gras om\u00e9ga-3, dont 560 mg d&rsquo;EPA et 730 mg de DHA. <\/p>\n\n\n\n<h3 class=\"wp-block-heading has-vivid-purple-color has-text-color has-link-color has-normal-font-size wp-elements-af455438a110a1f78064a7ceda45d81d\"><strong>Stockage<\/strong><\/h3>\n\n\n\n<p class=\"has-normal-font-size\">Les produits ouverts et non ouverts doivent \u00eatre conserv\u00e9s \u00e0 l\u2019abri de la lumi\u00e8re directe du soleil, \u00e0 temp\u00e9rature ambiante ou de cave stable. Le produit doit \u00eatre tenu hors de port\u00e9e des enfants. La dose journali\u00e8re recommand\u00e9e indiqu\u00e9e ne doit pas \u00eatre d\u00e9pass\u00e9e.   Les compl\u00e9ments alimentaires ne peuvent se substituer \u00e0 une alimentation vari\u00e9e et \u00e9quilibr\u00e9e et \u00e0 un mode de vie sain.<\/p>\n\n\n\n<h3 class=\"wp-block-heading has-vivid-purple-color has-text-color has-link-color has-normal-font-size wp-elements-00ebf2d0c0abe42775d8d173077b2045\"><strong>Prise agr\u00e9able sans \u00e9ructations<\/strong><\/h3>\n\n\n\n<p class=\"has-normal-font-size\">Le bon go\u00fbt naturel des g\u00e9lules Om\u00e9ga-3 Arktis et la prise sans \u00e9ructations sont dus \u00e0 la haute qualit\u00e9 et \u00e0 la fra\u00eecheur des mati\u00e8res premi\u00e8res et au lieu d&rsquo;origine des cabillauds. L&rsquo;oc\u00e9an Arctique est particuli\u00e8rement riche en nutriments et pauvre en polluants, et le traitement a lieu quelques heures apr\u00e8s la p\u00eache. C&rsquo;est pourquoi notre huile de morue NORSAN est particuli\u00e8rement fra\u00eeche, pr\u00e9sente une faible valeur TOTOX et ne provoque pas d&rsquo;\u00e9ructations d\u00e9sagr\u00e9ables apr\u00e8s son ingestion.  <\/p>\n<\/div>\n<\/div>\n\n\n\n<div style=\"height:25px\" aria-hidden=\"true\" class=\"wp-block-spacer\"><\/div>\n\n\n\n<h2 class=\"wp-block-heading has-text-align-center has-vivid-purple-color has-text-color has-link-color has-large-font-size wp-elements-02c99f56b21b94fcdc9b3485f1151dd1\" id=\"laborzertifikate\"><strong>Certificats de laboratoire<\/strong><br><\/h2>\n\n\n\n<p class=\"has-text-align-center\">Nos huiles NORSAN Omega-3 sont r\u00e9guli\u00e8rement contr\u00f4l\u00e9es par des laboratoires ind\u00e9pendants. Vous trouverez ici toutes les analyses effectu\u00e9es sur les mati\u00e8res premi\u00e8res, les excipients et les m\u00e9taux lourds. <\/p>\n\n\n\n<div class=\"wp-block-buttons is-layout-flex wp-block-buttons-is-layout-flex\">\n<div class=\"wp-block-button has-custom-width wp-block-button__width-100\"><a class=\"wp-block-button__link has-very-dark-gray-color has-cyan-bluish-gray-background-color has-text-color has-background has-link-color has-text-align-center wp-element-button\" href=\"https:\/\/norsan.ch\/wp-content\/uploads\/2021\/10\/2023-Zertifikate-Schwermetalluntersuchung_ARKTIS_KAPSELN.pdf\">Analyse des m\u00e9taux lourds de NORSAN Omega-3 Arktis Capsules<\/a><\/div>\n\n\n\n<div class=\"wp-block-button has-custom-width wp-block-button__width-100\"><a class=\"wp-block-button__link has-very-dark-gray-color has-cyan-bluish-gray-background-color has-text-color has-background has-link-color has-text-align-center wp-element-button\" href=\"https:\/\/norsan.ch\/wp-content\/uploads\/2021\/10\/Rohwaren_Analyse_Dorschoel.pdf\">Analyse des mati\u00e8res premi\u00e8res de l&rsquo;huile de cabillaud<\/a><\/div>\n\n\n\n<div class=\"wp-block-button has-custom-width wp-block-button__width-100\"><a class=\"wp-block-button__link has-very-dark-gray-color has-cyan-bluish-gray-background-color has-text-color has-background has-link-color has-text-align-center wp-element-button\" href=\"https:\/\/norsan.ch\/wp-content\/uploads\/2021\/10\/DE_20231218_Zertifikat_Vit_E_Fischoel_Arktis.pdf\">Analyse des excipients de l&rsquo;huile de cabillaud<\/a><\/div>\n<\/div>\n","protected":false},"excerpt":{"rendered":"<h3 style=\"text-align: left;\"><span style=\"color: #5f99bf;\">Bon pour le c\u0153ur, la vision et le cerveau<\/span><\/h3>\n<ul style=\"text-align: left;\">\n<li>1500 mg d&rsquo;om\u00e9ga-3 par dose journali\u00e8re (2 x 3 g\u00e9lules)<\/li>\n<li>Sans reflux<\/li>\n<li>Huile de cabillaud 100 % naturelle issue de la p\u00eache sauvage durable dans l&rsquo;Arctique<\/li>\n<li>D\u00e9barrass\u00e9e des polluants, PCB et m\u00e9taux lourds<\/li>\n<\/ul>\n<div class=\"entry-content\">\n<div class=\"woocommerce\">\u00a0<\/div>\n<\/div>\n<p><strong>L&rsquo;envoi est d\u00e9j\u00e0 gratuit \u00e0 partir de CHF 50.00<\/strong><br \/>D\u00e9lai de livraison 1-3 jours ouvrables<\/p>\n","protected":false},"featured_media":388551,"comment_status":"closed","ping_status":"closed","template":"","meta":{"wds_primary_product_brand":0,"wds_primary_product_cat":0},"product_brand":[],"product_cat":[124,130,131],"product_tag":[104,105,106],"class_list":{"0":"post-367190","1":"product","2":"type-product","3":"status-publish","4":"has-post-thumbnail","6":"product_cat-capsules","7":"product_cat-omega-3-arktis-fr","8":"product_cat-omega-3-de-lhuile-de-morue","9":"product_tag-bestsellers-fr","10":"product_tag-omega-3-fr","11":"product_tag-rich-in-epa-dha-fr","13":"first","14":"instock","15":"taxable","16":"shipping-taxable","17":"purchasable","18":"product-type-simple"},"_links":{"self":[{"href":"https:\/\/norsan.ch\/fr\/wp-json\/wp\/v2\/product\/367190","targetHints":{"allow":["GET"]}}],"collection":[{"href":"https:\/\/norsan.ch\/fr\/wp-json\/wp\/v2\/product"}],"about":[{"href":"https:\/\/norsan.ch\/fr\/wp-json\/wp\/v2\/types\/product"}],"replies":[{"embeddable":true,"href":"https:\/\/norsan.ch\/fr\/wp-json\/wp\/v2\/comments?post=367190"}],"wp:featuredmedia":[{"embeddable":true,"href":"https:\/\/norsan.ch\/fr\/wp-json\/wp\/v2\/media\/388551"}],"wp:attachment":[{"href":"https:\/\/norsan.ch\/fr\/wp-json\/wp\/v2\/media?parent=367190"}],"wp:term":[{"taxonomy":"product_brand","embeddable":true,"href":"https:\/\/norsan.ch\/fr\/wp-json\/wp\/v2\/product_brand?post=367190"},{"taxonomy":"product_cat","embeddable":true,"href":"https:\/\/norsan.ch\/fr\/wp-json\/wp\/v2\/product_cat?post=367190"},{"taxonomy":"product_tag","embeddable":true,"href":"https:\/\/norsan.ch\/fr\/wp-json\/wp\/v2\/product_tag?post=367190"}],"curies":[{"name":"wp","href":"https:\/\/api.w.org\/{rel}","templated":true}]}}