{"id":382079,"date":"2021-11-28T12:21:53","date_gmt":"2021-11-28T10:21:53","guid":{"rendered":"https:\/\/norsan.ch\/shop\/omega-3-vegan-capsules-2\/"},"modified":"2026-02-03T13:42:22","modified_gmt":"2026-02-03T12:42:22","slug":"omega-3-vegan-capsules-2","status":"publish","type":"product","link":"https:\/\/norsan.ch\/fr\/produkt\/omega-3-vegan-capsules-2\/","title":{"rendered":"OMEGA-3 VEGAN CAPSULES"},"content":{"rendered":"\n<div class=\"wp-block-buttons is-vertical is-layout-flex wp-container-core-buttons-is-layout-fe9cc265 wp-block-buttons-is-layout-flex\">\n<div class=\"wp-block-button\"><a class=\"wp-block-button__link has-white-color has-pale-cyan-blue-background-color has-text-color has-background has-link-color wp-element-button\" href=\"#nahrwerte-hinweise\">Valeurs nutritives et conseils<\/a><\/div>\n\n\n\n<div class=\"wp-block-button\"><a class=\"wp-block-button__link has-white-color has-pale-cyan-blue-background-color has-text-color has-background has-link-color wp-element-button\" href=\"#laborzertifikate\">Certificats de laboratoire<\/a><\/div>\n<\/div>\n\n<div style=\"height:25px\" aria-hidden=\"true\" class=\"wp-block-spacer\"><\/div>\n\n<div class=\"wp-block-group\"><div class=\"wp-block-group__inner-container is-layout-flow wp-block-group-is-layout-flow\">\n<div class=\"wp-block-columns has-white-color has-vivid-green-cyan-background-color has-text-color has-background is-layout-flex wp-container-core-columns-is-layout-28f84493 wp-block-columns-is-layout-flex\">\n<div class=\"wp-block-column is-layout-flow wp-block-column-is-layout-flow\">\n<h2 class=\"wp-block-heading has-text-align-center has-white-color has-text-color\"><strong>1700 mg d\u2019om\u00e9ga-3 (EPA &amp; DHA) par dose journali\u00e8re (4 capsules)<\/strong><\/h2>\n\n\n\n<hr class=\"wp-block-separator has-text-color has-white-color has-css-opacity has-white-background-color has-background is-style-wide\"\/>\n<\/div>\n\n\n\n<div class=\"wp-block-column is-layout-flow wp-block-column-is-layout-flow\">\n<p class=\"has-white-color has-text-color\">Omega-3 Vegan Capsules (80 capsules) contient une huile v\u00e9g\u00e9tale d\u2019algue. Il s\u2019agit de la m\u00eame huile d\u2019algue que celle contenue dans la version liquide Omega-3 Vegan.<\/p>\n<\/div>\n\n\n\n<div class=\"wp-block-column is-layout-flow wp-block-column-is-layout-flow\">\n<p class=\"has-white-color has-text-color\">Une dose journali\u00e8re de 4 capsules apporte 1700 mg d\u2019acides gras om\u00e9ga-3 marins EPA &amp; DHA. Ainsi, Omega-3 Vegan Capsules permet \u00e0 tous ceux qui veulent s\u2019alimenter sans consommer de produits d\u2019origine animale de b\u00e9n\u00e9ficier d\u2019un apport suffisant en om\u00e9ga-3 marins DHA et EPA indispensables \u00e0 la sant\u00e9 et que l\u2019organisme ne peut pas synth\u00e9tiser.<\/p>\n<\/div>\n<\/div>\n<\/div><\/div>\n\n<div style=\"height:25px\" aria-hidden=\"true\" class=\"wp-block-spacer\"><\/div>\n\n<div class=\"wp-block-columns is-layout-flex wp-container-core-columns-is-layout-28f84493 wp-block-columns-is-layout-flex\">\n<div class=\"wp-block-column is-layout-flow wp-block-column-is-layout-flow\" style=\"flex-basis:33.33%\">\n<h2 class=\"wp-block-heading has-text-align-center has-vivid-green-cyan-color has-text-color\"><strong>NORSAN huile d\u2019algue<\/strong><\/h2>\n\n\n\n<p class=\"has-text-align-center\"><br\/>L\u2019huile d\u2019algue NORSAN provient de la microalgue Schizochytrium sp. Elle est donc 100 % v\u00e9gane et convient parfaitement \u00e0 tous ceux qui souhaitent s\u2019alimenter sans consommer de produits d\u2019origine animale. Elle apporte des nutriments essentiels comme les acides gras om\u00e9ga-3 EPA &amp; DHA. Il n\u2019est donc pas n\u00e9cessaire de lui faire subir de traitement chimique pour obtenir une concentration plus \u00e9lev\u00e9e.<\/p>\n<\/div>\n\n\n\n<div class=\"wp-block-column is-layout-flow wp-block-column-is-layout-flow\" style=\"flex-basis:66.66%\"><div class=\"wp-block-image is-resized is-style-default\">\n<figure class=\"aligncenter size-large\"><img fetchpriority=\"high\" decoding=\"async\" width=\"1063\" height=\"319\" src=\"https:\/\/norsan.ch\/wp-content\/uploads\/2021\/10\/vegan-landscape-min-1-1063x319.jpg\" alt=\"vegan-landscape\" class=\"wp-image-275548\" srcset=\"https:\/\/norsan.ch\/wp-content\/uploads\/2021\/10\/vegan-landscape-min-1-1063x319.jpg 1063w, https:\/\/norsan.ch\/wp-content\/uploads\/2021\/10\/vegan-landscape-min-1-600x180.jpg 600w, https:\/\/norsan.ch\/wp-content\/uploads\/2021\/10\/vegan-landscape-min-1-300x90.jpg 300w, https:\/\/norsan.ch\/wp-content\/uploads\/2021\/10\/vegan-landscape-min-1-768x230.jpg 768w, https:\/\/norsan.ch\/wp-content\/uploads\/2021\/10\/vegan-landscape-min-1-1536x461.jpg 1536w, https:\/\/norsan.ch\/wp-content\/uploads\/2021\/10\/vegan-landscape-min-1.jpg 1600w\" sizes=\"(max-width: 1063px) 100vw, 1063px\" \/><\/figure>\n<\/div><\/div>\n<\/div>\n\n<div style=\"height:25px\" aria-hidden=\"true\" class=\"wp-block-spacer\"><\/div>\n\n<p>L\u2019huile est produite de mani\u00e8re durable et respectueuse de l\u2019environnement. En effet, les microalgues marines entrant dans la composition d\u2019Omega-3 Vegan sont cultiv\u00e9es dans de grands conteneurs d\u2019eau de mer artificielle. Elles ne sont pas r\u00e9colt\u00e9es en mer. Cela permet de pr\u00e9server les ressources marines et de laisser aux poissons leur base alimentaire. Il faut en effet rappeler que si les poissons sont riches en om\u00e9ga-3, c\u2019est parce qu\u2019ils se nourrissent, entre autres, d\u2019algues. De cette mani\u00e8re, nous n\u2019interf\u00e9rons pas avec l\u2019\u00e9cosyst\u00e8me naturel de la mer, et les stocks de poissons et de krill sont pr\u00e9serv\u00e9s.<\/p>\n\n<p>En savoir plus sur notre huile d\u2019algue. <a href=\"https:\/\/norsan.ch\/fr\/infos-produit\/matieres-premieres\/huile-dalgues\/\" data-type=\"post\" data-id=\"275546\">Vous trouverez ici plus d&rsquo;informations sur la culture, les ingr\u00e9dients et la production.<\/a><\/p>\n\n<div style=\"height:25px\" aria-hidden=\"true\" class=\"wp-block-spacer\"><\/div>\n\n<div class=\"wp-block-columns is-layout-flex wp-container-core-columns-is-layout-28f84493 wp-block-columns-is-layout-flex\" id=\"nahrwerte-hinweise\">\n<div class=\"wp-block-column is-layout-flow wp-block-column-is-layout-flow\">\n<figure class=\"wp-block-image size-full is-resized\"><img decoding=\"async\" width=\"600\" height=\"800\" src=\"https:\/\/norsan.ch\/wp-content\/uploads\/2024\/10\/CH_NORSAN_72dpi_Naehrwerttabellen_Vegan_Kapseln-2.png\" alt=\"\" class=\"wp-image-358030\" style=\"width:521px;height:auto\"\/><\/figure>\n<\/div>\n\n\n\n<div class=\"wp-block-column is-layout-flow wp-block-column-is-layout-flow\">\n<p class=\"has-vivid-green-cyan-color has-text-color has-link-color has-large-font-size wp-elements-729be3faf339ac72f86d8b37446e4464\"><strong>Valeurs nutritionnelles et notes<\/strong><\/p>\n\n\n\n<h3 class=\"wp-block-heading has-vivid-green-cyan-color has-text-color has-link-color has-normal-font-size wp-elements-54fb161fd8b97b5108c774d24fd19f95\"><strong>Ingr\u00e9dients<\/strong><\/h3>\n\n\n\n<p class=\"has-normal-font-size\">Huile riche en DHA et EPA extraite de la microalgue Schizochytrium sp. (72,6 %), amidon de tapioca modifi\u00e9, humectant : glyc\u00e9rine, huile de tournesol (1,9 %), ar\u00f4me (extrait de romarin), antioxydants (extraits riches en tocoph\u00e9rols, palmitate d&rsquo;ascorbyle). <\/p>\n\n\n\n<h3 class=\"wp-block-heading has-vivid-green-cyan-color has-text-color has-link-color has-normal-font-size wp-elements-606cbe25b26cd0bce61a480e28c23165\"><strong>Prise<\/strong><\/h3>\n\n\n\n<p class=\"has-normal-font-size\">La dose journali\u00e8re recommand\u00e9e est de 4 g\u00e9lules. Celles-ci doivent \u00eatre prises avec suffisamment de liquide pendant ou apr\u00e8s un repas. Cela garantit que le corps puisse utiliser les acides gras de mani\u00e8re optimale. Une bo\u00eete contient 80 g\u00e9lules. En cas de consommation normale, une bo\u00eete suffit donc pour 20 jours. La dose journali\u00e8re recommand\u00e9e ne doit pas \u00eatre d\u00e9pass\u00e9e, sauf avis contraire de votre m\u00e9decin, th\u00e9rapeute ou pharmacien.     <\/p>\n\n\n\n<h3 class=\"wp-block-heading has-vivid-green-cyan-color has-text-color has-link-color has-normal-font-size wp-elements-f1d5ad627f138cae0ea5b262fb5a3a22\"><strong>Stockage<\/strong><\/h3>\n\n\n\n<p>Conservation : les produits non ouverts doivent \u00eatre conserv\u00e9s \u00e0 l&rsquo;abri de la lumi\u00e8re directe du soleil et \u00e0 une temp\u00e9rature ambiante ou de cave stable. Le produit doit \u00eatre conserv\u00e9 hors de port\u00e9e des jeunes enfants. Les compl\u00e9ments alimentaires ne peuvent se substituer \u00e0 une alimentation vari\u00e9e et \u00e9quilibr\u00e9e et \u00e0 un mode de vie sain.<\/p>\n<\/div>\n<\/div>\n\n<div style=\"height:25px\" aria-hidden=\"true\" class=\"wp-block-spacer\"><\/div>\n\n<h2 class=\"wp-block-heading has-text-align-center has-vivid-green-cyan-color has-text-color has-link-color has-large-font-size wp-elements-8675fc8b6fc881b3077bf97a6f19b339\" id=\"laborzertifikate\"><strong>Certificats de laboratoire<\/strong><br\/><\/h2>\n\n<p class=\"has-text-align-center\">Nos huiles NORSAN Omega-3 sont r\u00e9guli\u00e8rement contr\u00f4l\u00e9es par des laboratoires ind\u00e9pendants. Vous trouverez ici toutes les analyses effectu\u00e9es sur les mati\u00e8res premi\u00e8res, les excipients et les m\u00e9taux lourds. <\/p>\n\n<div class=\"wp-block-buttons is-layout-flex wp-block-buttons-is-layout-flex\">\n<div class=\"wp-block-button has-custom-width wp-block-button__width-100\"><a class=\"wp-block-button__link has-very-dark-gray-color has-cyan-bluish-gray-background-color has-text-color has-background has-link-color has-text-align-center wp-element-button\" href=\"https:\/\/norsan.ch\/wp-content\/uploads\/2021\/10\/2023-Zertifikate-Schwermetalluntersuchung_VEGAN_KAPSELN.pdf\">Analyse des m\u00e9taux lourds des g\u00e9lules NORSAN Omega-3 vegan<\/a><\/div>\n\n\n\n<div class=\"wp-block-button has-custom-width wp-block-button__width-100\"><a class=\"wp-block-button__link has-very-dark-gray-color has-cyan-bluish-gray-background-color has-text-color has-background has-link-color has-text-align-center wp-element-button\" href=\"https:\/\/norsan.ch\/wp-content\/uploads\/2021\/10\/Algenoel-Auszug-06-23.pdf\">Analyse des mati\u00e8res premi\u00e8res de l&rsquo;huile d&rsquo;algues<\/a><\/div>\n\n\n\n<div class=\"wp-block-button has-custom-width wp-block-button__width-100\"><a class=\"wp-block-button__link has-very-dark-gray-color has-cyan-bluish-gray-background-color has-text-color has-background has-link-color has-text-align-center wp-element-button\" href=\"https:\/\/norsan.ch\/wp-content\/uploads\/2021\/10\/Zertifikat_Vit_E_Algenoel.pdf\">Analyse des excipients de l&rsquo;huile d&rsquo;algues<\/a><\/div>\n<\/div>\n\n<div style=\"height:25px\" aria-hidden=\"true\" class=\"wp-block-spacer\"><\/div>\n\n<div class=\"wp-block-columns has-very-light-gray-background-color has-background is-layout-flex wp-container-core-columns-is-layout-28f84493 wp-block-columns-is-layout-flex\">\n<div class=\"wp-block-column is-layout-flow wp-block-column-is-layout-flow\" style=\"flex-basis:66.66%\"><div class=\"wp-block-image is-resized\">\n<figure class=\"aligncenter size-full\"><img decoding=\"async\" width=\"600\" height=\"426\" src=\"https:\/\/norsan.ch\/wp-content\/uploads\/2021\/10\/20210503-Positive-Effekte-Omega-3-Fettsaeuren-EPA-und-DHA_Vegan-min.png\" alt=\"Les effets positifs des om&#xE9;ga-3 sur la sant&#xE9;\" class=\"wp-image-275153\" srcset=\"https:\/\/norsan.ch\/wp-content\/uploads\/2021\/10\/20210503-Positive-Effekte-Omega-3-Fettsaeuren-EPA-und-DHA_Vegan-min.png 600w, https:\/\/norsan.ch\/wp-content\/uploads\/2021\/10\/20210503-Positive-Effekte-Omega-3-Fettsaeuren-EPA-und-DHA_Vegan-min-300x213.png 300w\" sizes=\"(max-width: 600px) 100vw, 600px\" \/><\/figure>\n<\/div><\/div>\n\n\n\n<div class=\"wp-block-column is-layout-flow wp-block-column-is-layout-flow\" style=\"flex-basis:33.33%\">\n<p>Huile v\u00e9g\u00e9tale d\u2019algue La base de l&rsquo;huile est la microalgue marine Schizochytrium sp. Ce type de microalgues est compos\u00e9 d&rsquo;algues unicellulaires microscopiques. Elle se nourrit exclusivement de substances organiques et v\u00e9g\u00e9tales, comme les feuilles mortes.<strong>. La microalgue Schizochytrium sp. est particuli\u00e8rement riche en acides gras om\u00e9ga-3 marins DHA et EPA<\/strong> et est donc parfaitement adapt\u00e9e \u00e0 la transformation en huile om\u00e9ga-3 v\u00e9g\u00e9talienne. En raison de sa teneur \u00e9lev\u00e9e en om\u00e9ga-3, notre huile d&rsquo;algue v\u00e9g\u00e9tale contient naturellement un dosage \u00e9lev\u00e9 d&rsquo;om\u00e9ga-3. Un traitement chimique ult\u00e9rieur pour obtenir une concentration plus \u00e9lev\u00e9e n&rsquo;est donc pas n\u00e9cessaire.<\/p>\n<\/div>\n<\/div>\n\n<div style=\"height:25px\" aria-hidden=\"true\" class=\"wp-block-spacer\"><\/div>\n","protected":false},"excerpt":{"rendered":"<h4 style=\"margin: 0;\"><span style=\"color: #62bb46;\">100 % vegan et sans poisson !<\/span><\/h4>\n<ul>\n<li>Huile v\u00e9g\u00e9tale d\u2019algue marine<\/li>\n<li>Contenu d\u00e9sormais 80 <span class=\"il\">g\u00e9lules<\/span> au lieu de 60<\/li>\n<li>1700 mg d\u2019om\u00e9ga-3 (EPA &amp; DHA) par dose journali\u00e8re (4 capsules)<\/li>\n<li>Culture non polluante et respectueuse de l\u2019environnement<\/li>\n<li>Sans reflux<\/li>\n<li class=\"m_-595526874218391700MsoListParagraph\">Extrait de romarin comme antioxydant<\/li>\n<\/ul>\n<div class=\"entry-content\">\n<div class=\"woocommerce\">\n<div class=\"cart-collaterals\">\n<p><strong>L&rsquo;envoi est d\u00e9j\u00e0 gratuit \u00e0 partir de CHF 50.00<\/strong><br \/>D\u00e9lai de livraison 1-3 jours ouvrables<\/p>\n<\/div>\n<\/div>\n<\/div>\n","protected":false},"featured_media":388456,"comment_status":"closed","ping_status":"closed","template":"","meta":{"wds_primary_product_brand":0,"wds_primary_product_cat":0},"product_brand":[],"product_cat":[124,114,115],"product_tag":[],"class_list":{"0":"post-382079","1":"product","2":"type-product","3":"status-publish","4":"has-post-thumbnail","6":"product_cat-capsules","7":"product_cat-omega-3-huile-vegetale-dalgue","8":"product_cat-omega-3-vegan-fr","10":"first","11":"instock","12":"taxable","13":"shipping-taxable","14":"purchasable","15":"product-type-simple"},"_links":{"self":[{"href":"https:\/\/norsan.ch\/fr\/wp-json\/wp\/v2\/product\/382079","targetHints":{"allow":["GET"]}}],"collection":[{"href":"https:\/\/norsan.ch\/fr\/wp-json\/wp\/v2\/product"}],"about":[{"href":"https:\/\/norsan.ch\/fr\/wp-json\/wp\/v2\/types\/product"}],"replies":[{"embeddable":true,"href":"https:\/\/norsan.ch\/fr\/wp-json\/wp\/v2\/comments?post=382079"}],"wp:featuredmedia":[{"embeddable":true,"href":"https:\/\/norsan.ch\/fr\/wp-json\/wp\/v2\/media\/388456"}],"wp:attachment":[{"href":"https:\/\/norsan.ch\/fr\/wp-json\/wp\/v2\/media?parent=382079"}],"wp:term":[{"taxonomy":"product_brand","embeddable":true,"href":"https:\/\/norsan.ch\/fr\/wp-json\/wp\/v2\/product_brand?post=382079"},{"taxonomy":"product_cat","embeddable":true,"href":"https:\/\/norsan.ch\/fr\/wp-json\/wp\/v2\/product_cat?post=382079"},{"taxonomy":"product_tag","embeddable":true,"href":"https:\/\/norsan.ch\/fr\/wp-json\/wp\/v2\/product_tag?post=382079"}],"curies":[{"name":"wp","href":"https:\/\/api.w.org\/{rel}","templated":true}]}}