{"id":382219,"date":"2025-07-16T10:24:22","date_gmt":"2025-07-16T08:24:22","guid":{"rendered":"https:\/\/norsan.ch\/?post_type=product&#038;p=382219"},"modified":"2025-10-14T15:11:13","modified_gmt":"2025-10-14T13:11:13","slug":"huile-norsan-omega-3-vegan-epa-100-ml-2","status":"publish","type":"product","link":"https:\/\/norsan.ch\/fr\/produkt\/huile-norsan-omega-3-vegan-epa-100-ml-2\/","title":{"rendered":"Huile NORSAN Omega-3 Vegan EPA 100 ml"},"content":{"rendered":"\n<div class=\"wp-block-buttons is-vertical is-layout-flex wp-container-core-buttons-is-layout-fe9cc265 wp-block-buttons-is-layout-flex\">\n<div class=\"wp-block-button\"><a class=\"wp-block-button__link has-white-color has-text-color has-background has-link-color wp-element-button\" href=\"#nahrwerte-hinweise\" style=\"background-color:#0f7b35\">Valeurs nutritives et conseils<\/a><\/div>\n\n\n\n<div class=\"wp-block-button\"><a class=\"wp-block-button__link has-white-color has-text-color has-background has-link-color wp-element-button\" href=\"#laborzertifikate\" style=\"background-color:#0f7b35\">Certificats de laboratoire<\/a><\/div>\n<\/div>\n\n<div style=\"height:25px\" aria-hidden=\"true\" class=\"wp-block-spacer\"><\/div>\n\n<h2 class=\"wp-block-heading has-text-align-left has-text-color has-link-color wp-elements-80cbd587873849d347848a4fc9723a5e\" style=\"color:#0f7b35\"><strong>Omega-3 VEGAN EPA est la premi\u00e8re huile d\u2019algues avec une teneur extra \u00e9lev\u00e9e en EPA !<\/strong><\/h2>\n\n<p class=\"has-text-align-left\">L\u2019EPA (acide eicosapenta\u00e9no\u00efque) est un acide gras om\u00e9ga-3 essentiel que le corps ne peut pas produire lui-m\u00eame et qui doit donc \u00eatre apport\u00e9 par l\u2019alimentation. L\u2019EPA est un composant important de certaines substances m\u00e9taboliques produites par l\u2019organisme, comme les eicosano\u00efdes. Les eicosano\u00efdes jouent un r\u00f4le central dans divers processus m\u00e9taboliques et peuvent notamment avoir un effet anti-inflammatoire.  <\/p>\n\n<div style=\"height:18px\" aria-hidden=\"true\" class=\"wp-block-spacer\"><\/div>\n\n<div class=\"wp-block-group\"><div class=\"wp-block-group__inner-container is-layout-flow wp-block-group-is-layout-flow\">\n<div class=\"wp-block-columns has-white-color has-text-color has-background is-layout-flex wp-container-core-columns-is-layout-28f84493 wp-block-columns-is-layout-flex\" style=\"background-color:#0f7b35\">\n<div class=\"wp-block-column is-layout-flow wp-block-column-is-layout-flow\">\n<h2 class=\"wp-block-heading has-text-align-center has-white-color has-text-color\"><br\/><strong>2000\u202fMG D\u2019OMEGA-3 AVEC SEULEMENT UNE CUILL\u00c8RE \u00c0 CAF\u00c9<\/strong><\/h2>\n\n\n\n<hr class=\"wp-block-separator has-text-color has-white-color has-css-opacity has-white-background-color has-background is-style-wide\"\/>\n<\/div>\n\n\n\n<div class=\"wp-block-column is-layout-flow wp-block-column-is-layout-flow\">\n<p class=\"has-white-color has-text-color\">L\u2019Omega-3 Vegan EPA (100 ml) se compose d\u2019une combinaison unique : une huile d\u2019algues v\u00e9g\u00e9tale hautement dos\u00e9e et une huile d\u2019olive press\u00e9e \u00e0 froid issue de l\u2019agriculture biologique contr\u00f4l\u00e9e, riche en polyph\u00e9nols. Avec une dose journali\u00e8re (5 ml \/ 1 c. \u00e0 caf\u00e9), vous obtenez 2000 mg d\u2019acides gras om\u00e9ga-3.<br\/><\/p>\n<\/div>\n\n\n\n<div class=\"wp-block-column is-layout-flow wp-block-column-is-layout-flow\">\n<p class=\"has-white-color has-text-color\"> Cette dose quotidienne a fait ses preuves pour r\u00e9guler le taux d\u2019om\u00e9ga-3 dans l\u2019organisme, comme le montrent les mesures de l\u2019index om\u00e9ga-3 via l\u2019analyse des acides gras. L\u2019huile d\u2019algues contient une grande quantit\u00e9 d\u2019EPA ainsi que l\u2019acide gras DHA.  Ainsi, c\u2019est une source optimale d\u2019om\u00e9ga-3 v\u00e9g\u00e9tal pour tous ceux qui souhaitent suivre une alimentation totalement exempte de produits animaux.<\/p>\n<\/div>\n<\/div>\n<\/div><\/div>\n\n<div style=\"height:25px\" aria-hidden=\"true\" class=\"wp-block-spacer\"><\/div>\n\n<div class=\"wp-block-columns is-layout-flex wp-container-core-columns-is-layout-28f84493 wp-block-columns-is-layout-flex\">\n<div class=\"wp-block-column is-vertically-aligned-center is-layout-flow wp-block-column-is-layout-flow\"><div class=\"wp-block-image\">\n<figure class=\"alignright size-large is-resized\"><img fetchpriority=\"high\" decoding=\"async\" width=\"1063\" height=\"1063\" src=\"https:\/\/norsan.ch\/wp-content\/uploads\/2025\/07\/DE_20250228_1080_1080px_PDP_Infografiken-1-1063x1063.png.jpg\" alt=\"\" class=\"wp-image-383541\" style=\"aspect-ratio:1;object-fit:cover;width:331px;height:auto\" srcset=\"https:\/\/norsan.ch\/wp-content\/uploads\/2025\/07\/DE_20250228_1080_1080px_PDP_Infografiken-1-1063x1063.png.jpg 1063w, https:\/\/norsan.ch\/wp-content\/uploads\/2025\/07\/DE_20250228_1080_1080px_PDP_Infografiken-1-300x300.png.jpg 300w, https:\/\/norsan.ch\/wp-content\/uploads\/2025\/07\/DE_20250228_1080_1080px_PDP_Infografiken-1-600x600.png.jpg 600w, https:\/\/norsan.ch\/wp-content\/uploads\/2025\/07\/DE_20250228_1080_1080px_PDP_Infografiken-1-150x150.png.jpg 150w, https:\/\/norsan.ch\/wp-content\/uploads\/2025\/07\/DE_20250228_1080_1080px_PDP_Infografiken-1-768x768.png.jpg 768w, https:\/\/norsan.ch\/wp-content\/uploads\/2025\/07\/DE_20250228_1080_1080px_PDP_Infografiken-1-1600x1600.png.jpg 1600w, https:\/\/norsan.ch\/wp-content\/uploads\/2025\/07\/DE_20250228_1080_1080px_PDP_Infografiken-1-75x75.png.jpg 75w\" sizes=\"(max-width: 1063px) 100vw, 1063px\" \/><\/figure>\n<\/div><\/div>\n\n\n\n<div class=\"wp-block-column is-layout-flow wp-block-column-is-layout-flow\"><div class=\"wp-block-image\">\n<figure class=\"alignleft size-large is-resized\"><img decoding=\"async\" width=\"1063\" height=\"1063\" src=\"https:\/\/norsan.ch\/wp-content\/uploads\/2025\/07\/DE_20250228_1080_1080px_PDP_Infografiken2-1063x1063.png.jpg\" alt=\"\" class=\"wp-image-383538\" style=\"aspect-ratio:1;object-fit:cover;width:346px;height:auto\" srcset=\"https:\/\/norsan.ch\/wp-content\/uploads\/2025\/07\/DE_20250228_1080_1080px_PDP_Infografiken2-1063x1063.png.jpg 1063w, https:\/\/norsan.ch\/wp-content\/uploads\/2025\/07\/DE_20250228_1080_1080px_PDP_Infografiken2-300x300.png.jpg 300w, https:\/\/norsan.ch\/wp-content\/uploads\/2025\/07\/DE_20250228_1080_1080px_PDP_Infografiken2-600x600.png.jpg 600w, https:\/\/norsan.ch\/wp-content\/uploads\/2025\/07\/DE_20250228_1080_1080px_PDP_Infografiken2-150x150.png.jpg 150w, https:\/\/norsan.ch\/wp-content\/uploads\/2025\/07\/DE_20250228_1080_1080px_PDP_Infografiken2-768x768.png.jpg 768w, https:\/\/norsan.ch\/wp-content\/uploads\/2025\/07\/DE_20250228_1080_1080px_PDP_Infografiken2-1600x1600.png.jpg 1600w, https:\/\/norsan.ch\/wp-content\/uploads\/2025\/07\/DE_20250228_1080_1080px_PDP_Infografiken2-75x75.png.jpg 75w\" sizes=\"(max-width: 1063px) 100vw, 1063px\" \/><\/figure>\n<\/div><\/div>\n<\/div>\n\n<div style=\"height:36px\" aria-hidden=\"true\" class=\"wp-block-spacer\"><\/div>\n\n<h2 class=\"wp-block-heading has-text-align-center has-text-color has-link-color wp-elements-52b420f5416c6da56d873d712eb72524\" style=\"color:#0f7b35\"><strong>NORSAN huile d\u2019algue<\/strong><\/h2>\n\n<div class=\"wp-block-columns is-layout-flex wp-container-core-columns-is-layout-28f84493 wp-block-columns-is-layout-flex\">\n<div class=\"wp-block-column is-layout-flow wp-block-column-is-layout-flow\"><div class=\"wp-block-image is-resized is-style-default\">\n<figure class=\"aligncenter size-large\"><img decoding=\"async\" width=\"1063\" height=\"319\" src=\"https:\/\/norsan.ch\/wp-content\/uploads\/2021\/10\/vegan-landscape-min-1-1063x319.jpg\" alt=\"vegan-landscape\" class=\"wp-image-275548\" style=\"width:533px;height:auto\" srcset=\"https:\/\/norsan.ch\/wp-content\/uploads\/2021\/10\/vegan-landscape-min-1-1063x319.jpg 1063w, https:\/\/norsan.ch\/wp-content\/uploads\/2021\/10\/vegan-landscape-min-1-600x180.jpg 600w, https:\/\/norsan.ch\/wp-content\/uploads\/2021\/10\/vegan-landscape-min-1-300x90.jpg 300w, https:\/\/norsan.ch\/wp-content\/uploads\/2021\/10\/vegan-landscape-min-1-768x230.jpg 768w, https:\/\/norsan.ch\/wp-content\/uploads\/2021\/10\/vegan-landscape-min-1-1536x461.jpg 1536w, https:\/\/norsan.ch\/wp-content\/uploads\/2021\/10\/vegan-landscape-min-1.jpg 1600w\" sizes=\"(max-width: 1063px) 100vw, 1063px\" \/><\/figure>\n<\/div>\n\n\n<p><br\/>L\u2019huile d\u2019algues NORSAN est extraite de la microalgue Schizochytrium sp. Ce type d\u2019algue est constitu\u00e9 de micro-algues unicellulaires. Elle est particuli\u00e8rement riche en acides gras om\u00e9ga-3 DHA et EPA et se nourrit uniquement de substances organiques et v\u00e9g\u00e9tales, comme par exemple des feuilles mortes.   <br\/><br\/>Le processus de fabrication de notre huile d\u2019algues v\u00e9g\u00e9tale est durable et respectueux de l\u2019environnement. L\u2019algue est cultiv\u00e9e dans de l\u2019eau de mer artificielle, puis ferment\u00e9e en milieu aqueux. L\u2019huile brute est extraite \u00e0 l\u2019aide d\u2019une centrifugeuse. Ce proc\u00e9d\u00e9 est particuli\u00e8rement doux pour les acides gras.   <\/p>\n\n\n\n<p>L\u2019huile d\u2019algues NORSAN est produite dans un environnement de transformation sans oxyg\u00e8ne, ce qui permet de prot\u00e9ger l\u2019huile de mani\u00e8re optimale contre l\u2019oxydation. L\u2019oxydation provoque une odeur d\u00e9sagr\u00e9able et affecte n\u00e9gativement le go\u00fbt. La valeur d\u2019oxydation (valeur TOTOX), \u00e9galement appel\u00e9e \u00ab valeur de fra\u00eecheur \u00bb (plus elle est basse, plus le produit est frais), se situe dans une plage basse de 4, ce qui t\u00e9moigne de la grande fra\u00eecheur de l\u2019huile d\u2019algues.  <\/p>\n\n\n\n<p>Gr\u00e2ce \u00e0 la culture des algues, l\u2019huile d\u2019algues est \u00e9galement tr\u00e8s faible en substances nocives. Comme les algues ne sont pas pr\u00e9lev\u00e9es dans la mer, elles sont d\u00e9j\u00e0 particuli\u00e8rement d\u00e9pourvues de polluants d\u00e8s le d\u00e9part. N\u00e9anmoins, l\u2019huile d\u2019algues subit un nettoyage suppl\u00e9mentaire minutieux pour \u00e9liminer d\u2019\u00e9ventuelles impuret\u00e9s et substances nocives. La production est r\u00e9alis\u00e9e s\u00e9par\u00e9ment de nos autres produits Omega-3. La vitamine D utilis\u00e9e provient \u00e9galement d\u2019une source v\u00e9g\u00e9talienne.    <\/p>\n\n\n\n<p><strong>Avec sa teneur particuli\u00e8rement \u00e9lev\u00e9e de 1104\u202fmg d\u2019EPA par dose journali\u00e8re d\u2019une cuill\u00e8re \u00e0 caf\u00e9 (5\u202fml), notre NORSAN Omega-3 VEGAN EPA compl\u00e8te id\u00e9alement notre gamme de produits v\u00e9g\u00e9taliens.<\/strong><\/p>\n\n\n\n<p>Vous souhaitez en savoir plus sur notre huile d\u2019algues v\u00e9g\u00e9tale ? <a href=\"https:\/\/norsan.ch\/fr\/infos-produit\/matieres-premieres\/huile-dalgues\/\" data-type=\"post\" data-id=\"275546\">Vous trouverez ici plus d&rsquo;informations sur la culture, les ingr\u00e9dients et la production.<\/a><\/p>\n<\/div>\n<\/div>\n\n<div style=\"height:18px\" aria-hidden=\"true\" class=\"wp-block-spacer\"><\/div>\n\n<div class=\"wp-block-group\"><div class=\"wp-block-group__inner-container is-layout-flow wp-block-group-is-layout-flow\">\n<div class=\"wp-block-columns is-layout-flex wp-container-core-columns-is-layout-28f84493 wp-block-columns-is-layout-flex\">\n<div class=\"wp-block-column is-layout-flow wp-block-column-is-layout-flow\">\n<h3 class=\"wp-block-heading has-text-color\" style=\"color:#0f7b35\"><strong>Haute qualit\u00e9 et fra\u00eecheur<\/strong><\/h3>\n\n\n\n<p>Le processus de transformation <strong>unique et doux garantit <\/strong>la haute qualit\u00e9 et la fra\u00eecheur de l&rsquo;huile d&rsquo;algues. Celles-ci sont essentielles pour obtenir un bon go\u00fbt et une odeur agr\u00e9able. La qualit\u00e9 sup\u00e9rieure et la fra\u00eecheur de l&rsquo;huile font qu&rsquo;il n&rsquo;y a pas de remont\u00e9es d\u00e9sagr\u00e9ables apr\u00e8s la prise de l&rsquo;huile ou des capsules et que les deux produits sont particuli\u00e8rement bien dig\u00e9r\u00e9s. Le go\u00fbt agr\u00e9able de notre huile Omega-3 Vegan EPA est \u00e9galement rehauss\u00e9 par quelques gouttes d\u2019huile d\u2019orange naturelle.<\/p>\n<\/div>\n\n\n\n<div class=\"wp-block-column is-layout-flow wp-block-column-is-layout-flow\">\n<figure class=\"wp-block-image size-full\"><img loading=\"lazy\" decoding=\"async\" width=\"1710\" height=\"855\" src=\"https:\/\/norsan.ch\/wp-content\/uploads\/2025\/07\/DE_20250228_1080_1080px_PDP_Infografiken_Grafik.png\" alt=\"\" class=\"wp-image-383559\"\/><\/figure>\n<\/div>\n<\/div>\n<\/div><\/div>\n\n<div style=\"height:18px\" aria-hidden=\"true\" class=\"wp-block-spacer\"><\/div>\n\n<div class=\"wp-block-group has-very-light-gray-background-color has-background\"><div class=\"wp-block-group__inner-container is-layout-flow wp-block-group-is-layout-flow\">\n<div class=\"wp-block-columns is-layout-flex wp-container-core-columns-is-layout-28f84493 wp-block-columns-is-layout-flex\">\n<div class=\"wp-block-column widthMedium is-layout-flow wp-block-column-is-layout-flow\">\n<h2 class=\"wp-block-heading has-text-align-center has-text-color\" style=\"color:#0f7b35\"><strong>Huile d\u2019olive biologique extra vierge comme antioxydant<\/strong><\/h2>\n<\/div>\n<\/div>\n\n\n\n<div class=\"wp-block-columns is-layout-flex wp-container-core-columns-is-layout-28f84493 wp-block-columns-is-layout-flex\">\n<div class=\"wp-block-column is-layout-flow wp-block-column-is-layout-flow\">\n<p>Notre huile Omega-3 Vegan EPA contient 1\/5 d\u2019huile d\u2019olive biologique press\u00e9e \u00e0 froid, riche en polyph\u00e9nols (&gt;250 mg\/kg). La teneur exacte est indiqu\u00e9e dans l\u2019analyse de laboratoire. Les acides gras om\u00e9ga-3 sont particuli\u00e8rement sensibles et doivent donc \u00eatre prot\u00e9g\u00e9s avant la consommation ainsi que dans l\u2019organisme. La teneur particuli\u00e8rement \u00e9lev\u00e9e en polyph\u00e9nols de l\u2019huile d\u2019olive prot\u00e8ge les acides gras om\u00e9ga-3 sensibles contre l\u2019oxydation.   <\/p>\n<\/div>\n\n\n\n<div class=\"wp-block-column is-layout-flow wp-block-column-is-layout-flow\">\n<p>La caract\u00e9ristique d&rsquo;une huile d&rsquo;olive riche en polyph\u00e9nols est que l&rsquo;on ressent un l\u00e9ger picotement dans la gorge lors de l&rsquo;ingestion. L&rsquo;huile d&rsquo;olive nous est livr\u00e9e par Rafael, notre ol\u00e9iculteur, qui travaille selon des directives \u00e9cologiques. Nous rendons r\u00e9guli\u00e8rement visite \u00e0 Rafael dans son oliveraie en Espagne.<br\/><br\/><a href=\"https:\/\/norsan.ch\/fr\/infos-produit\/matieres-premieres\/huile-dolive\/\" data-type=\"URL\" data-id=\"https:\/\/norsan.ch\/produktinfo\/rohstoffe\/olivenoel\/\">Ici, vous trouverez encore plus d&rsquo;informations sur notre huile d&rsquo;olive.<\/a><\/p>\n<\/div>\n<\/div>\n<\/div><\/div>\n\n<div style=\"height:53px\" aria-hidden=\"true\" class=\"wp-block-spacer\"><\/div>\n\n<div class=\"wp-block-columns is-layout-flex wp-container-core-columns-is-layout-28f84493 wp-block-columns-is-layout-flex\" id=\"nahrwerte-hinweise\">\n<div class=\"wp-block-column is-layout-flow wp-block-column-is-layout-flow\">\n<figure class=\"wp-block-image size-large\"><img loading=\"lazy\" decoding=\"async\" width=\"1063\" height=\"1063\" src=\"https:\/\/norsan.ch\/wp-content\/uploads\/2025\/07\/Naehrwerte-Omega-3-Vegan-EPA-1063x1063.png.jpg\" alt=\"\" class=\"wp-image-383547\" srcset=\"https:\/\/norsan.ch\/wp-content\/uploads\/2025\/07\/Naehrwerte-Omega-3-Vegan-EPA-1063x1063.png.jpg 1063w, https:\/\/norsan.ch\/wp-content\/uploads\/2025\/07\/Naehrwerte-Omega-3-Vegan-EPA-300x300.png.jpg 300w, https:\/\/norsan.ch\/wp-content\/uploads\/2025\/07\/Naehrwerte-Omega-3-Vegan-EPA-600x600.png.jpg 600w, https:\/\/norsan.ch\/wp-content\/uploads\/2025\/07\/Naehrwerte-Omega-3-Vegan-EPA-150x150.png.jpg 150w, https:\/\/norsan.ch\/wp-content\/uploads\/2025\/07\/Naehrwerte-Omega-3-Vegan-EPA-768x768.png.jpg 768w, https:\/\/norsan.ch\/wp-content\/uploads\/2025\/07\/Naehrwerte-Omega-3-Vegan-EPA-1600x1600.png.jpg 1600w, https:\/\/norsan.ch\/wp-content\/uploads\/2025\/07\/Naehrwerte-Omega-3-Vegan-EPA-75x75.png.jpg 75w\" sizes=\"(max-width: 1063px) 100vw, 1063px\" \/><\/figure>\n<\/div>\n\n\n\n<div class=\"wp-block-column is-layout-flow wp-block-column-is-layout-flow\">\n<p class=\"has-text-color has-link-color has-large-font-size wp-elements-5e7b2e63ab0b5792709fbce6fa3d612a\" style=\"color:#0f7b35\"><strong>Valeurs nutritionnelles et conseils<\/strong><\/p>\n\n\n\n<h3 class=\"wp-block-heading has-text-color has-link-color has-normal-font-size wp-elements-76f64275579572a79be0becbcf802475\" style=\"color:#0f7b35\"><strong>Ingr\u00e9dients<\/strong><\/h3>\n\n\n\n<p class=\"has-normal-font-size\">Huile riche en EPA et DHA provenant de la microalgue Schizochytrium sp. (80 %), huile d\u2019olive (19 %), huile de tournesol (0,5 %), huile d\u2019orange, antioxydants : extraits fortement riches en tocoph\u00e9rols, d-\u03b1-tocoph\u00e9rols, chol\u00e9calcif\u00e9rol.<\/p>\n\n\n\n<h3 class=\"wp-block-heading has-text-color has-link-color has-normal-font-size wp-elements-49d95b56064b47edd58cb74a37049692\" style=\"color:#0f7b35\"><strong>Prise<\/strong><\/h3>\n\n\n\n<p class=\"has-normal-font-size\">Le dosage quotidien recommand\u00e9 est de 5 ml, ce qui correspond \u00e0 1 cuill\u00e8re \u00e0 caf\u00e9. Une bouteille contient 100 ml. Dans le cadre d&rsquo;une consommation normale, une bouteille dure donc environ 20 jours. Ne pas d\u00e9passer la dose journali\u00e8re recommand\u00e9e indiqu\u00e9e, sauf avis contraire de votre m\u00e9decin, th\u00e9rapeute ou pharmacien. Le dosage est facile \u00e0 mesurer gr\u00e2ce au gobelet doseur fourni. Pour les femmes enceintes et allaitantes, des recommandations de consommation diff\u00e9rentes s\u2019appliquent actuellement. Conform\u00e9ment aux dispositions l\u00e9gales, il s\u2019agit de 450\u202fmg d\u2019EPA\/DHA par jour (soit 1\u202fml par jour). N\u2019h\u00e9sitez pas \u00e0 nous contacter pour toute question \u00e0 ce sujet. <\/p>\n\n\n\n<h3 class=\"wp-block-heading has-text-color has-link-color has-normal-font-size wp-elements-18aa248365974cb2747e736c224da91b\" style=\"color:#0f7b35\"><strong>Stockage<\/strong><\/h3>\n\n\n\n<p class=\"has-normal-font-size\">Les produits non ouverts ne doivent pas \u00eatre expos\u00e9s \u00e0 la lumi\u00e8re directe du soleil et doivent \u00eatre stock\u00e9s dans un endroit frais et sec. Veuillez noter que des cristaux peuvent se former \u00e0 des temp\u00e9ratures inf\u00e9rieures \u00e0 4 degr\u00e9s Celsius. Ceux-ci se dissolvent apr\u00e8s quelques minutes \u00e0 temp\u00e9rature ambiante. Il est recommand\u00e9 d&rsquo;agiter bri\u00e8vement la bouteille avant de la consommer. Le produit doit \u00eatre conserv\u00e9 hors de port\u00e9e des jeunes enfants. Une fois ouvert, le flacon doit \u00eatre utilis\u00e9 dans les 30 jours et conserv\u00e9 au r\u00e9frig\u00e9rateur. Les compl\u00e9ments alimentaires ne peuvent se substituer \u00e0 une alimentation vari\u00e9e et \u00e9quilibr\u00e9e et \u00e0 un mode de vie sain.<\/p>\n<\/div>\n<\/div>\n\n<h2 class=\"wp-block-heading has-text-align-center has-text-color has-link-color has-large-font-size wp-elements-cb552705313e6f8b1e87e41f5b471137\" id=\"laborzertifikate\" style=\"color:#0f7b35\"><strong>Certificats de laboratoire<\/strong><br\/><\/h2>\n\n<p class=\"has-text-align-center\">Nos huiles NORSAN Omega-3 sont r\u00e9guli\u00e8rement contr\u00f4l\u00e9es par des laboratoires ind\u00e9pendants. Vous trouverez ici toutes les analyses effectu\u00e9es sur les mati\u00e8res premi\u00e8res, les excipients et les m\u00e9taux lourds. <\/p>\n\n<div class=\"wp-block-buttons is-layout-flex wp-block-buttons-is-layout-flex\">\n<div class=\"wp-block-button has-custom-width wp-block-button__width-100\"><a class=\"wp-block-button__link has-very-dark-gray-color has-cyan-bluish-gray-background-color has-text-color has-background has-link-color has-text-align-center wp-element-button\" href=\"https:\/\/norsan.ch\/wp-content\/uploads\/2025\/08\/Schwermetallzertifikat_NORSAN_Vegan_EPA_2025.pdf\">Analyse des m\u00e9taux lourds dans l&rsquo;huile NORSAN Omega-3 Vegan EPA<\/a><\/div>\n\n\n\n<div class=\"wp-block-button has-custom-width wp-block-button__width-100\"><a class=\"wp-block-button__link has-very-dark-gray-color has-cyan-bluish-gray-background-color has-text-color has-background has-link-color has-text-align-center wp-element-button\" href=\"https:\/\/norsan.ch\/wp-content\/uploads\/2025\/08\/Rohwaren_Analyse_Algenoel_VEGAN_EPA_2025.pdf\">Analyse des mati\u00e8res premi\u00e8res de l&rsquo;huile d&rsquo;algues<\/a><\/div>\n<\/div>\n\n<div style=\"height:59px\" aria-hidden=\"true\" class=\"wp-block-spacer\"><\/div>\n\n<div id=\"anwendung\" class=\"wp-block-group has-background\" style=\"background-color:#0f7b35\"><div class=\"wp-block-group__inner-container is-layout-flow wp-block-group-is-layout-flow\">\n<div class=\"wp-block-columns is-layout-flex wp-container-core-columns-is-layout-28f84493 wp-block-columns-is-layout-flex\">\n<div class=\"wp-block-column widthMedium is-layout-flow wp-block-column-is-layout-flow\">\n<h2 class=\"wp-block-heading has-text-align-center has-white-color has-text-color\"><strong>Facile \u00e0 utiliser au quotidien<\/strong><\/h2>\n<\/div>\n<\/div>\n\n\n\n<div class=\"wp-block-columns is-layout-flex wp-container-core-columns-is-layout-28f84493 wp-block-columns-is-layout-flex\">\n<div class=\"wp-block-column is-layout-flow wp-block-column-is-layout-flow\">\n<p class=\"has-white-color has-text-color has-link-color has-normal-font-size wp-elements-b7fbcf5284e76195a19f2b345ecb0981\">Gr\u00e2ce \u00e0 notre processus de traitement unique et minutieux, nous garantissons une qualit\u00e9 et une fra\u00eecheur exceptionnelles \u00e0 notre huile d&rsquo;algues marines. La fra\u00eecheur de l&rsquo;huile est absolument n\u00e9cessaire pour garantir un go\u00fbt et une odeur agr\u00e9ables. Quelques gouttes d&rsquo;huile de citron naturelle ajoutent une touche suppl\u00e9mentaire \u00e0 ce go\u00fbt agr\u00e9able.  <\/p>\n<\/div>\n\n\n\n<div class=\"wp-block-column is-layout-flow wp-block-column-is-layout-flow\">\n<p class=\"has-white-color has-text-color has-link-color has-normal-font-size wp-elements-092a4cf7f770207375b88b614a75c31c\">L&rsquo;huile om\u00e9ga-3 v\u00e9g\u00e9talienne NORSAN a un go\u00fbt agr\u00e9able et une cuill\u00e8re \u00e0 caf\u00e9 avec n&rsquo;importe quel repas s&rsquo;int\u00e8gre facilement dans la routine quotidienne. L&rsquo;ingestion n&rsquo;entra\u00eene pas de reflux ni d&rsquo;\u00e9ructations d\u00e9sagr\u00e9ables. L&rsquo;huile d&rsquo;algues fra\u00eeche (\u00e0 faible degr\u00e9 d&rsquo;oxydation) a une bonne odeur et un go\u00fbt agr\u00e9able. Omega-3 Vegan est particuli\u00e8rement fra\u00eeche, ce qui la rend facile \u00e0 consommer et \u00e0 dig\u00e9rer.    Astuce : au lieu de prendre l&rsquo;huile \u00ab\u00a0pure\u00a0\u00bb, elle peut tr\u00e8s bien \u00eatre utilis\u00e9e dans un smoothie ou comme nappage dans une salade ou d&rsquo;autres plats froids.<\/p>\n<\/div>\n\n\n\n<div class=\"wp-block-column is-layout-flow wp-block-column-is-layout-flow\"><div class=\"wp-block-image is-style-rounded\">\n<figure class=\"aligncenter size-medium is-resized\"><img loading=\"lazy\" decoding=\"async\" width=\"300\" height=\"285\" src=\"https:\/\/norsan.ch\/wp-content\/uploads\/2021\/10\/Fotolia_101137433_Subscription_Monthly_XXL_Loeffel-min-300x285.png\" alt=\"\" class=\"wp-image-276053\" style=\"aspect-ratio:1;width:172px;height:auto\" srcset=\"https:\/\/norsan.ch\/wp-content\/uploads\/2021\/10\/Fotolia_101137433_Subscription_Monthly_XXL_Loeffel-min-300x285.png 300w, https:\/\/norsan.ch\/wp-content\/uploads\/2021\/10\/Fotolia_101137433_Subscription_Monthly_XXL_Loeffel-min-768x730.png 768w, https:\/\/norsan.ch\/wp-content\/uploads\/2021\/10\/Fotolia_101137433_Subscription_Monthly_XXL_Loeffel-min-600x570.png 600w, https:\/\/norsan.ch\/wp-content\/uploads\/2021\/10\/Fotolia_101137433_Subscription_Monthly_XXL_Loeffel-min-100x95.png 100w, https:\/\/norsan.ch\/wp-content\/uploads\/2021\/10\/Fotolia_101137433_Subscription_Monthly_XXL_Loeffel-min.png 830w\" sizes=\"(max-width: 300px) 100vw, 300px\" \/><\/figure>\n<\/div>\n\n\n<p class=\"has-text-align-center has-white-color has-text-color has-link-color wp-elements-2e5f89429fe23fd993bb1a2053d657ca\"><a href=\"https:\/\/norsan.ch\/fr\/kategorie\/infos-produit\/recettes\/\">Vous trouverez ici des recettes simples \u00e0 base d&rsquo;om\u00e9ga-3.<\/a><\/p>\n<\/div>\n<\/div>\n<\/div><\/div>\n\n<div style=\"height:48px\" aria-hidden=\"true\" class=\"wp-block-spacer\"><\/div>\n\n<div class=\"wp-block-ultimate-post-button-group ultp-block-ce3f62\"><div class=\"ultp-button-wrapper ultp-button-frontend ultp-anim-none\">\n\n<a class=\"wp-block-ultimate-post-button ultp-block-c170cc ultp-button-layout1\" rel=\"noopener\"><div class=\"ultp-button-text\"><\/div><\/a>\n\n<\/div><\/div>\n","protected":false},"excerpt":{"rendered":"<h3><span style=\"color: #0f7b35;\"><strong>Notre nouveau produit :<\/strong><\/span><\/h3>\n<ul>\n<li>Huile d\u2019algues v\u00e9g\u00e9tale : particuli\u00e8rement riche en EPA<\/li>\n<li>2000 mg d\u2019om\u00e9ga-3 par dose journali\u00e8re (5 ml = 1 c.\u00e0 c.)<\/li>\n<li>Culture respectueuse de l\u2019environnement et exempte de polluants<\/li>\n<li>Go\u00fbt agr\u00e9able d\u2019orange<\/li>\n<li>800 UI de vitamine D3 v\u00e9gane<\/li>\n<li>Huile d\u2019olive biologique \u00e0 teneur \u00e9lev\u00e9e en polyph\u00e9nols<\/li>\n<li>Une bouteille contient 20 doses journali\u00e8res<\/li>\n<\/ul>\n<p><strong>La livraison est gratuite d\u00e8s CHF 50.00, d\u00e9lai de livraison : 1 \u00e0 3 jours ouvrables<\/strong><\/p>\n","protected":false},"featured_media":403667,"comment_status":"open","ping_status":"closed","template":"","meta":{"wds_primary_product_brand":0,"wds_primary_product_cat":0},"product_brand":[],"product_cat":[116,114,115],"product_tag":[104,105,118,106,117],"class_list":{"0":"post-382219","1":"product","2":"type-product","3":"status-publish","4":"has-post-thumbnail","6":"product_cat-huile-dolive","7":"product_cat-omega-3-huile-vegetale-dalgue","8":"product_cat-omega-3-vegan-fr","9":"product_tag-bestsellers-fr","10":"product_tag-omega-3-fr","11":"product_tag-caros-recommendations-fr","12":"product_tag-rich-in-epa-dha-fr","13":"product_tag-vegan-fr","14":"product_shipping_class-versand","16":"first","17":"instock","18":"taxable","19":"shipping-taxable","20":"purchasable","21":"product-type-simple"},"_links":{"self":[{"href":"https:\/\/norsan.ch\/fr\/wp-json\/wp\/v2\/product\/382219","targetHints":{"allow":["GET"]}}],"collection":[{"href":"https:\/\/norsan.ch\/fr\/wp-json\/wp\/v2\/product"}],"about":[{"href":"https:\/\/norsan.ch\/fr\/wp-json\/wp\/v2\/types\/product"}],"replies":[{"embeddable":true,"href":"https:\/\/norsan.ch\/fr\/wp-json\/wp\/v2\/comments?post=382219"}],"wp:featuredmedia":[{"embeddable":true,"href":"https:\/\/norsan.ch\/fr\/wp-json\/wp\/v2\/media\/403667"}],"wp:attachment":[{"href":"https:\/\/norsan.ch\/fr\/wp-json\/wp\/v2\/media?parent=382219"}],"wp:term":[{"taxonomy":"product_brand","embeddable":true,"href":"https:\/\/norsan.ch\/fr\/wp-json\/wp\/v2\/product_brand?post=382219"},{"taxonomy":"product_cat","embeddable":true,"href":"https:\/\/norsan.ch\/fr\/wp-json\/wp\/v2\/product_cat?post=382219"},{"taxonomy":"product_tag","embeddable":true,"href":"https:\/\/norsan.ch\/fr\/wp-json\/wp\/v2\/product_tag?post=382219"}],"curies":[{"name":"wp","href":"https:\/\/api.w.org\/{rel}","templated":true}]}}