{"id":384127,"date":"2021-12-07T13:04:09","date_gmt":"2021-12-07T12:04:09","guid":{"rendered":"https:\/\/norsan.ch\/shop\/analyse-des-acides-gras-norsan\/"},"modified":"2025-08-14T15:45:32","modified_gmt":"2025-08-14T13:45:32","slug":"analyse-des-acides-gras-norsan","status":"publish","type":"product","link":"https:\/\/norsan.ch\/fr\/produkt\/analyse-des-acides-gras-norsan\/","title":{"rendered":"Analyse des acides gras NORSAN"},"content":{"rendered":"&#013;\n<h2 class=\"has-text-align-center has-luminous-vivid-orange-color has-text-color wp-block-heading\"><strong>Infos sur les produits<\/strong><\/h2>&#013;\n\r\n<div class=\"wp-block-columns is-layout-flex wp-container-core-columns-is-layout-28f84493 wp-block-columns-is-layout-flex\">\r\n<div class=\"wp-block-column is-layout-flow wp-block-column-is-layout-flow\" style=\"flex-basis: 66.66%\">&#013;\n<p>Les besoins individuels en om\u00e9ga-3 peuvent \u00eatre prouv\u00e9s \u00e0 l&rsquo;aide de l&rsquo;auto-test pour l&rsquo;analyse du profil des acides gras et des om\u00e9ga (analyse NORSAN). Avec quelques gouttes de sang pr\u00e9lev\u00e9es au bout du doigt, votre profil d&rsquo;acides gras est analys\u00e9 et vous obtenez entre autres des informations sur : <\/p>&#013;\n\r\n\r\n&#013;\n<p><strong>Indice om\u00e9ga-3 : <\/strong>indique la proportion d&rsquo;acides gras om\u00e9ga-3 marins EPA et DHA par rapport au total des acides gras. NORSAN recommande une proportion sup\u00e9rieure \u00e0 8%. <\/p>&#013;\n\r\n\r\n&#013;\n<p><strong>Ratio om\u00e9ga-6\/3 :<\/strong> indique le rapport entre les acides gras om\u00e9ga-6 et om\u00e9ga-3, qui jouent un r\u00f4le d\u00e9cisif dans la formation et l&rsquo;inhibition de l&rsquo;inflammation. Un rapport om\u00e9ga-6\/3 (ratio om\u00e9ga-3) trop \u00e9lev\u00e9 entra\u00eene un niveau d&rsquo;inflammation ind\u00e9sirable dans l&rsquo;organisme. <\/p>&#013;\n\r\n\r\n&#013;\n<p><strong>Taux de graisses trans :<\/strong> les graisses trans sont des substances grasses qui n&rsquo;ont pas leur place naturellement dans le corps. Les graisses trans endommagent les cellules. La proportion de graisses trans doit \u00eatre faible. Il est recommand\u00e9 que les graisses trans industrielles repr\u00e9sentent moins de 0,50% du total des acides gras.   <\/p>&#013;\n\r\n\r\n&#013;\n<ul class=\"wp-block-list\">&#013;\n<li>Rapport om\u00e9ga-6\/3<\/li>&#013;\n<li>Indice om\u00e9ga-3<\/li>&#013;\n<li>Teneur en acides gras trans<\/li>&#013;\n<li>26 Acides gras<\/li>&#013;\n<\/ul>&#013;\n\r\n\r\n&#013;\n<p>Autotest simple \u00e0 r\u00e9aliser chez soi. L&rsquo;\u00e9valuation est effectu\u00e9e par un laboratoire ind\u00e9pendant. <\/p>&#013;\n<\/div>\r\n\r\n\r\n\r\n<div class=\"wp-block-column is-layout-flow wp-block-column-is-layout-flow\" style=\"flex-basis: 33.33%\">\r\n<div class=\"wp-block-group has-white-color has-luminous-vivid-orange-background-color has-text-color has-background\"><div class=\"wp-block-group__inner-container is-layout-flow wp-block-group-is-layout-flow\">&#013;\n<ul class=\"has-white-color has-text-color wp-block-list\">&#013;\n<li>M\u00e9thode d&rsquo;analyse test\u00e9e et document\u00e9e avec une grande stabilit\u00e9 des valeurs d&rsquo;analyse (valeurs \u00e9rythrocytaires approximatives)<\/li>&#013;\n<li>R\u00e9alis\u00e9 par le premier laboratoire ind\u00e9pendant europ\u00e9en sp\u00e9cialis\u00e9 dans l&rsquo;analyse des acides gras.<\/li>&#013;\n<li>Bilan d\u00e9taill\u00e9 comme base d&rsquo;un conseil nutritionnel m\u00e9dical<\/li>&#013;\n<li>Pr\u00e9l\u00e8vement sanguin simple par le bout du doigt<\/li>&#013;\n<li>\u00c9conomique<\/li>&#013;\n<\/ul>&#013;\n<\/div><\/div>\r\n<\/div>\r\n<\/div>\r\n","protected":false},"excerpt":{"rendered":"<p>Avec <strong>l&rsquo;analyse des acides gras NORSAN<\/strong>, vous pouvez d\u00e9terminer confortablement depuis chez vous, votre taux d&rsquo;acides gras. Le rapport om\u00e9ga-6\/3, l&rsquo;indice om\u00e9ga-3 et 26 acides gras sont mesur\u00e9s. L&rsquo;analyse de votre sang est effectu\u00e9e par un laboratoire ind\u00e9pendant.  <\/p>\n<p><em><span style=\"font-size: 12px\">Veuillez noter qu&rsquo;en achetant une analyse, vous nous donnez acc\u00e8s \u00e0 vos r\u00e9sultats. Votre analyse sera bien entendu trait\u00e9e de mani\u00e8re confidentielle. <\/span><\/em><\/p>\n<p>D\u00e9lai de livraison env. 1-3 jours<\/p>\n","protected":false},"featured_media":278008,"comment_status":"open","ping_status":"closed","template":"","meta":{"wds_primary_product_brand":0,"wds_primary_product_cat":0},"product_brand":[],"product_cat":[220],"product_tag":[],"class_list":{"0":"post-384127","1":"product","2":"type-product","3":"status-publish","4":"has-post-thumbnail","6":"product_cat-analyse-fr","7":"product_shipping_class-expedition","9":"first","10":"instock","11":"taxable","12":"shipping-taxable","13":"purchasable","14":"product-type-simple"},"_links":{"self":[{"href":"https:\/\/norsan.ch\/fr\/wp-json\/wp\/v2\/product\/384127","targetHints":{"allow":["GET"]}}],"collection":[{"href":"https:\/\/norsan.ch\/fr\/wp-json\/wp\/v2\/product"}],"about":[{"href":"https:\/\/norsan.ch\/fr\/wp-json\/wp\/v2\/types\/product"}],"replies":[{"embeddable":true,"href":"https:\/\/norsan.ch\/fr\/wp-json\/wp\/v2\/comments?post=384127"}],"wp:featuredmedia":[{"embeddable":true,"href":"https:\/\/norsan.ch\/fr\/wp-json\/wp\/v2\/media\/278008"}],"wp:attachment":[{"href":"https:\/\/norsan.ch\/fr\/wp-json\/wp\/v2\/media?parent=384127"}],"wp:term":[{"taxonomy":"product_brand","embeddable":true,"href":"https:\/\/norsan.ch\/fr\/wp-json\/wp\/v2\/product_brand?post=384127"},{"taxonomy":"product_cat","embeddable":true,"href":"https:\/\/norsan.ch\/fr\/wp-json\/wp\/v2\/product_cat?post=384127"},{"taxonomy":"product_tag","embeddable":true,"href":"https:\/\/norsan.ch\/fr\/wp-json\/wp\/v2\/product_tag?post=384127"}],"curies":[{"name":"wp","href":"https:\/\/api.w.org\/{rel}","templated":true}]}}