{"id":400115,"date":"2023-12-22T10:32:24","date_gmt":"2023-12-22T09:32:24","guid":{"rendered":"https:\/\/norsan.ch\/produkt\/huile-de-vie-omega-3\/"},"modified":"2026-02-13T16:17:47","modified_gmt":"2026-02-13T15:17:47","slug":"huile-de-vie-omega-3","status":"publish","type":"product","link":"https:\/\/norsan.ch\/fr\/produkt\/huile-de-vie-omega-3\/","title":{"rendered":"Huile de vie om\u00e9ga-3"},"content":{"rendered":"","protected":false},"excerpt":{"rendered":"<p>Dans son dernier livre, le Dr. Schmiedel a r\u00e9sum\u00e9 ses connaissances sur les acides gras om\u00e9ga-3. Il s&rsquo;agit des bases du m\u00e9tabolisme des acides gras, des indications pour l&rsquo;utilisation des acides gras om\u00e9ga-3 en prophylaxie et en th\u00e9rapie et de conseils pratiques pour les mettre en pratique.<\/p>\n<p>Apr\u00e8s avoir lu ce livre, vous saurez exactement ce que vous pouvez faire vous-m\u00eame pour maintenir ou aider \u00e0 restaurer votre sant\u00e9 avec les bons acides gras om\u00e9ga-3 \u00e0 la bonne dose. Passons maintenant au poisson !<\/p>\n<p>Auteur : Dr. m\u00e9dical Volker Schmiedel<\/p>\n<p>D\u00e9lai de livraison env. 1-3 jours<\/p>\n<p>ATTENTION : L&rsquo;article est envoy\u00e9 s\u00e9par\u00e9ment de la commande.<\/p>\n","protected":false},"featured_media":294079,"comment_status":"open","ping_status":"closed","template":"","meta":{"wds_primary_product_brand":0,"wds_primary_product_cat":0},"product_brand":[],"product_cat":[112],"product_tag":[],"class_list":{"0":"post-400115","1":"product","2":"type-product","3":"status-publish","4":"has-post-thumbnail","6":"product_cat-livres","7":"product_shipping_class-versand","9":"first","10":"instock","11":"taxable","12":"shipping-taxable","13":"purchasable","14":"product-type-simple"},"_links":{"self":[{"href":"https:\/\/norsan.ch\/fr\/wp-json\/wp\/v2\/product\/400115","targetHints":{"allow":["GET"]}}],"collection":[{"href":"https:\/\/norsan.ch\/fr\/wp-json\/wp\/v2\/product"}],"about":[{"href":"https:\/\/norsan.ch\/fr\/wp-json\/wp\/v2\/types\/product"}],"replies":[{"embeddable":true,"href":"https:\/\/norsan.ch\/fr\/wp-json\/wp\/v2\/comments?post=400115"}],"wp:featuredmedia":[{"embeddable":true,"href":"https:\/\/norsan.ch\/fr\/wp-json\/wp\/v2\/media\/294079"}],"wp:attachment":[{"href":"https:\/\/norsan.ch\/fr\/wp-json\/wp\/v2\/media?parent=400115"}],"wp:term":[{"taxonomy":"product_brand","embeddable":true,"href":"https:\/\/norsan.ch\/fr\/wp-json\/wp\/v2\/product_brand?post=400115"},{"taxonomy":"product_cat","embeddable":true,"href":"https:\/\/norsan.ch\/fr\/wp-json\/wp\/v2\/product_cat?post=400115"},{"taxonomy":"product_tag","embeddable":true,"href":"https:\/\/norsan.ch\/fr\/wp-json\/wp\/v2\/product_tag?post=400115"}],"curies":[{"name":"wp","href":"https:\/\/api.w.org\/{rel}","templated":true}]}}