{"id":400118,"date":"2026-02-13T11:24:44","date_gmt":"2026-02-13T10:24:44","guid":{"rendered":"https:\/\/norsan.ch\/?post_type=product&#038;p=400118"},"modified":"2026-04-20T11:06:38","modified_gmt":"2026-04-20T09:06:38","slug":"omega-3-lhuile-de-vie","status":"publish","type":"product","link":"https:\/\/norsan.ch\/fr\/produkt\/omega-3-lhuile-de-vie\/","title":{"rendered":"Om\u00e9ga-3 l&rsquo;huile de vie"},"content":{"rendered":"","protected":false},"excerpt":{"rendered":"<p>Dans son dernier ouvrage, le Dr Schmiedel a r\u00e9sum\u00e9 ses connaissances sur les acides gras om\u00e9ga-3. Il y aborde les bases du m\u00e9tabolisme des acides gras, les indications pour l&rsquo;utilisation des acides gras om\u00e9ga-3 dans la prophylaxie et la th\u00e9rapie, et donne des conseils pratiques pour les mettre en \u0153uvre.<\/p>\n<p>Apr\u00e8s avoir lu ce livre, vous saurez exactement ce que vous pouvez faire pour pr\u00e9server ou r\u00e9tablir votre sant\u00e9 gr\u00e2ce \u00e0 un apport ad\u00e9quat en acides gras om\u00e9ga-3. Alors, \u00e0 vos poissons !<\/p>\n<p>Auteur : Dr Volker Schmiedel<\/p>\n<p>Lieferzeit ca. 1-3 Tage<\/p>\n<p>ACHTUNG: Artikel wird separat von der Bestellung versendet.<\/p>\n","protected":false},"featured_media":400111,"comment_status":"open","ping_status":"closed","template":"","meta":{"wds_primary_product_brand":0,"wds_primary_product_cat":0},"product_brand":[],"product_cat":[112],"product_tag":[],"class_list":{"0":"post-400118","1":"product","2":"type-product","3":"status-publish","4":"has-post-thumbnail","6":"product_cat-livres","7":"product_shipping_class-versand","9":"first","10":"instock","11":"taxable","12":"shipping-taxable","13":"purchasable","14":"product-type-simple"},"_links":{"self":[{"href":"https:\/\/norsan.ch\/fr\/wp-json\/wp\/v2\/product\/400118","targetHints":{"allow":["GET"]}}],"collection":[{"href":"https:\/\/norsan.ch\/fr\/wp-json\/wp\/v2\/product"}],"about":[{"href":"https:\/\/norsan.ch\/fr\/wp-json\/wp\/v2\/types\/product"}],"replies":[{"embeddable":true,"href":"https:\/\/norsan.ch\/fr\/wp-json\/wp\/v2\/comments?post=400118"}],"wp:featuredmedia":[{"embeddable":true,"href":"https:\/\/norsan.ch\/fr\/wp-json\/wp\/v2\/media\/400111"}],"wp:attachment":[{"href":"https:\/\/norsan.ch\/fr\/wp-json\/wp\/v2\/media?parent=400118"}],"wp:term":[{"taxonomy":"product_brand","embeddable":true,"href":"https:\/\/norsan.ch\/fr\/wp-json\/wp\/v2\/product_brand?post=400118"},{"taxonomy":"product_cat","embeddable":true,"href":"https:\/\/norsan.ch\/fr\/wp-json\/wp\/v2\/product_cat?post=400118"},{"taxonomy":"product_tag","embeddable":true,"href":"https:\/\/norsan.ch\/fr\/wp-json\/wp\/v2\/product_tag?post=400118"}],"curies":[{"name":"wp","href":"https:\/\/api.w.org\/{rel}","templated":true}]}}